{"id":710830,"date":"2025-08-27T16:39:39","date_gmt":"2025-08-27T13:39:39","guid":{"rendered":"https:\/\/roveyayinevi.com.tr\/index.php\/urun\/bilgenin-sarsilmazligi\/"},"modified":"2026-04-16T02:19:26","modified_gmt":"2026-04-15T23:19:26","slug":"bilgenin-sarsilmazligi","status":"publish","type":"product","link":"https:\/\/roveyayinevi.com.tr\/index.php\/urun\/bilgenin-sarsilmazligi\/","title":{"rendered":"Bilgenin Sars\u0131lmazl\u0131\u011f\u0131"},"content":{"rendered":"<p>M\u00d6 4 &#8211; MS 65 y\u0131llar\u0131 aras\u0131nda ya\u015fam\u0131\u015f yazar, d\u00fc\u015f\u00fcn\u00fcr ve hatip LuciusAnnaeus Seneca, Stoa felsefesine ilgi duyan ancak baz\u0131 teredd\u00fctleri bulunan yak\u0131n\u0131 Serenus\u2019aithafen yazd\u0131\u011f\u0131 bu diyalogunda kimi zaman ona, kimi zaman da hem ona hem de t\u00fcm insanl\u0131\u011fa y\u00f6nelik \u00f6\u011f\u00fctlerde bulunur. Diyalogda genel olarak Stoa felsefesi \u0131\u015f\u0131\u011f\u0131nda bilgelik (sapientia), kader (fatum) talih (fortuna) ve \u00f6zg\u00fcrl\u00fck (libertas) kavramlar\u0131; bilge bir ki\u015finin kendisine yap\u0131lan haks\u0131zl\u0131k ve hakaret gibi sald\u0131r\u0131larda nas\u0131l bir tav\u0131r tak\u0131nd\u0131\u011f\u0131n\u0131, gene Stoa felsefesinin \u00f6ng\u00f6rd\u00fc\u011f\u00fc \u015fekliyle etkilenmeden onlar\u0131 nas\u0131l kar\u015f\u0131lad\u0131\u011f\u0131n\u0131 detayl\u0131 bir \u015fekilde anlat\u0131r. Bu t\u00fcr sald\u0131r\u0131lar\u0131n sebeplerini, sonu\u00e7lar\u0131n\u0131 ve ki\u015finin istedi\u011fi takdirde bunlardan etkilenmeden huzurunu nas\u0131l koruyabilece\u011fini konuyla ilgili mitolojik ve tarihsel olaylardan \u00f6rnekler vererek ortaya koyar. Stoa ahl\u00e2k\u0131n\u0131n \u00f6zg\u00fcrl\u00fck, \u201cdinginlik\u201d (ataraksia; Lat. tranquillitas) ve \u201cduygulan\u0131ms\u0131zl\u0131k\u201d (apatheia; Lat. impassibilitas) erdemlerinin sald\u0131r\u0131lar kar\u015f\u0131s\u0131ndaki tutumuna dair a\u00e7\u0131klamalar getirerek bilge bir ki\u015finin olaylar kar\u015f\u0131s\u0131ndaki sars\u0131lmaz duru\u015funu kapsaml\u0131 bir \u015fekilde ele al\u0131r. <\/p>\n","protected":false},"excerpt":{"rendered":"<p>M\u00d6 4 &#8211; MS 65 y\u0131llar\u0131 aras\u0131nda ya\u015fam\u0131\u015f yazar, d\u00fc\u015f\u00fcn\u00fcr ve hatip LuciusAnnaeus Seneca, Stoa felsefesine ilgi duyan ancak baz\u0131 teredd\u00fctleri bulunan yak\u0131n\u0131 Serenus\u2019aithafen yazd\u0131\u011f\u0131 bu<span class=\"excerpt-hellip\"> [\u2026]<\/span><\/p>\n","protected":false},"featured_media":0,"template":"","meta":{"_monsterinsights_skip_tracking":false,"_monsterinsights_sitenote_active":false,"_monsterinsights_sitenote_note":"","_monsterinsights_sitenote_category":0},"product_brand":[],"product_cat":[12388,13555],"product_tag":[],"class_list":{"0":"post-710830","1":"product","2":"type-product","3":"status-publish","5":"product_cat-felsefe","6":"product_cat-genel-felsefe","7":"pa_cilt-ciltsiz","8":"pa_tur-kitap","9":"pa_yayinevi-dogu-bati-yayinlari","10":"pa_yazar-seneca","12":"first","13":"instock","14":"sale","15":"shipping-taxable","16":"purchasable","17":"product-type-simple"},"_links":{"self":[{"href":"https:\/\/roveyayinevi.com.tr\/index.php\/wp-json\/wp\/v2\/product\/710830","targetHints":{"allow":["GET"]}}],"collection":[{"href":"https:\/\/roveyayinevi.com.tr\/index.php\/wp-json\/wp\/v2\/product"}],"about":[{"href":"https:\/\/roveyayinevi.com.tr\/index.php\/wp-json\/wp\/v2\/types\/product"}],"wp:attachment":[{"href":"https:\/\/roveyayinevi.com.tr\/index.php\/wp-json\/wp\/v2\/media?parent=710830"}],"wp:term":[{"taxonomy":"product_brand","embeddable":true,"href":"https:\/\/roveyayinevi.com.tr\/index.php\/wp-json\/wp\/v2\/product_brand?post=710830"},{"taxonomy":"product_cat","embeddable":true,"href":"https:\/\/roveyayinevi.com.tr\/index.php\/wp-json\/wp\/v2\/product_cat?post=710830"},{"taxonomy":"product_tag","embeddable":true,"href":"https:\/\/roveyayinevi.com.tr\/index.php\/wp-json\/wp\/v2\/product_tag?post=710830"}],"curies":[{"name":"wp","href":"https:\/\/api.w.org\/{rel}","templated":true}]}}