{"id":710829,"date":"2025-08-27T16:39:39","date_gmt":"2025-08-27T13:39:39","guid":{"rendered":"https:\/\/roveyayinevi.com.tr\/index.php\/urun\/atonal-solfejler\/"},"modified":"2026-04-16T02:19:26","modified_gmt":"2026-04-15T23:19:26","slug":"atonal-solfejler","status":"publish","type":"product","link":"https:\/\/roveyayinevi.com.tr\/index.php\/urun\/atonal-solfejler\/","title":{"rendered":"Atonal Solfejler"},"content":{"rendered":"<p>Bu kitap, bir tonal ba\u011flam olmaks\u0131z\u0131n yaz\u0131lm\u0131\u015f sistematik solfej par\u00e7alar\u0131n\u0131 i\u00e7ermektedir. Modern m\u00fczi\u011fin en az son y\u00fcz y\u0131ll\u0131k yaz\u0131s\u0131n\u0131 okumak ve i\u015fitebilmek i\u00e7in gereken temeli haz\u0131rlamak amac\u0131yla yaz\u0131lm\u0131\u015ft\u0131r. \ufffcTan\u0131t\u0131m Metni<\/p>\n","protected":false},"excerpt":{"rendered":"<p>Bu kitap, bir tonal ba\u011flam olmaks\u0131z\u0131n yaz\u0131lm\u0131\u015f sistematik solfej par\u00e7alar\u0131n\u0131 i\u00e7ermektedir. Modern m\u00fczi\u011fin en az son y\u00fcz y\u0131ll\u0131k yaz\u0131s\u0131n\u0131 okumak ve i\u015fitebilmek i\u00e7in gereken temeli haz\u0131rlamak<span class=\"excerpt-hellip\"> [\u2026]<\/span><\/p>\n","protected":false},"featured_media":0,"template":"","meta":{"_monsterinsights_skip_tracking":false,"_monsterinsights_sitenote_active":false,"_monsterinsights_sitenote_note":"","_monsterinsights_sitenote_category":0},"product_brand":[],"product_cat":[14556,20810],"product_tag":[],"class_list":{"0":"post-710829","1":"product","2":"type-product","3":"status-publish","5":"product_cat-muzik","6":"product_cat-ogrenim-kitaplari","7":"pa_cilt-ciltsiz","8":"pa_tur-kitap","9":"pa_yayinevi-muzik-egitimi-yayinlari","10":"pa_yazar-orhun-orhon","12":"first","13":"instock","14":"sale","15":"shipping-taxable","16":"purchasable","17":"product-type-simple"},"_links":{"self":[{"href":"https:\/\/roveyayinevi.com.tr\/index.php\/wp-json\/wp\/v2\/product\/710829","targetHints":{"allow":["GET"]}}],"collection":[{"href":"https:\/\/roveyayinevi.com.tr\/index.php\/wp-json\/wp\/v2\/product"}],"about":[{"href":"https:\/\/roveyayinevi.com.tr\/index.php\/wp-json\/wp\/v2\/types\/product"}],"wp:attachment":[{"href":"https:\/\/roveyayinevi.com.tr\/index.php\/wp-json\/wp\/v2\/media?parent=710829"}],"wp:term":[{"taxonomy":"product_brand","embeddable":true,"href":"https:\/\/roveyayinevi.com.tr\/index.php\/wp-json\/wp\/v2\/product_brand?post=710829"},{"taxonomy":"product_cat","embeddable":true,"href":"https:\/\/roveyayinevi.com.tr\/index.php\/wp-json\/wp\/v2\/product_cat?post=710829"},{"taxonomy":"product_tag","embeddable":true,"href":"https:\/\/roveyayinevi.com.tr\/index.php\/wp-json\/wp\/v2\/product_tag?post=710829"}],"curies":[{"name":"wp","href":"https:\/\/api.w.org\/{rel}","templated":true}]}}