{"id":710828,"date":"2025-08-27T16:39:38","date_gmt":"2025-08-27T13:39:38","guid":{"rendered":"https:\/\/roveyayinevi.com.tr\/index.php\/urun\/minikler-icin-muzik-teorisi-1\/"},"modified":"2026-04-16T02:19:26","modified_gmt":"2026-04-15T23:19:26","slug":"minikler-icin-muzik-teorisi-1","status":"publish","type":"product","link":"https:\/\/roveyayinevi.com.tr\/index.php\/urun\/minikler-icin-muzik-teorisi-1\/","title":{"rendered":"Minikler i\u00e7in M\u00fczik Teorisi -1"},"content":{"rendered":"<p>Bu kitap k\u00fc\u00e7\u00fck ya\u015f grubundaki \u00e7ocuklara m\u00fczik teorisi \u00f6\u011fretmek amac\u0131yla haz\u0131rlanm\u0131\u015f bir al\u0131\u015ft\u0131rma kitab\u0131d\u0131r. Kitapta yer verilen al\u0131\u015ft\u0131rmalar yazar taraf\u0131ndan uzun y\u0131llar uygulanm\u0131\u015f, denenmi\u015f ve se\u00e7ilerek kitaba al\u0131nm\u0131\u015ft\u0131r. Al\u0131\u015ft\u0131rmalar\u0131n miktar\u0131 ve kademeli olarak zorla\u015fan i\u00e7erikleri, m\u00fczik teorisine ait temel olgular\u0131n b\u00fct\u00fcn\u00fcyle kavranmas\u0131na y\u00f6neliktir. \ufffc<\/p>\n","protected":false},"excerpt":{"rendered":"<p>Bu kitap k\u00fc\u00e7\u00fck ya\u015f grubundaki \u00e7ocuklara m\u00fczik teorisi \u00f6\u011fretmek amac\u0131yla haz\u0131rlanm\u0131\u015f bir al\u0131\u015ft\u0131rma kitab\u0131d\u0131r. Kitapta yer verilen al\u0131\u015ft\u0131rmalar yazar taraf\u0131ndan uzun y\u0131llar uygulanm\u0131\u015f, denenmi\u015f ve se\u00e7ilerek<span class=\"excerpt-hellip\"> [\u2026]<\/span><\/p>\n","protected":false},"featured_media":0,"template":"","meta":{"_monsterinsights_skip_tracking":false,"_monsterinsights_sitenote_active":false,"_monsterinsights_sitenote_note":"","_monsterinsights_sitenote_category":0},"product_brand":[],"product_cat":[14556,20810],"product_tag":[],"class_list":{"0":"post-710828","1":"product","2":"type-product","3":"status-publish","5":"product_cat-muzik","6":"product_cat-ogrenim-kitaplari","7":"pa_cilt-ciltsiz","8":"pa_tur-kitap","9":"pa_yayinevi-muzik-egitimi-yayinlari","10":"pa_yazar-ozge-isiksalan","12":"first","13":"instock","14":"sale","15":"shipping-taxable","16":"purchasable","17":"product-type-simple"},"_links":{"self":[{"href":"https:\/\/roveyayinevi.com.tr\/index.php\/wp-json\/wp\/v2\/product\/710828","targetHints":{"allow":["GET"]}}],"collection":[{"href":"https:\/\/roveyayinevi.com.tr\/index.php\/wp-json\/wp\/v2\/product"}],"about":[{"href":"https:\/\/roveyayinevi.com.tr\/index.php\/wp-json\/wp\/v2\/types\/product"}],"wp:attachment":[{"href":"https:\/\/roveyayinevi.com.tr\/index.php\/wp-json\/wp\/v2\/media?parent=710828"}],"wp:term":[{"taxonomy":"product_brand","embeddable":true,"href":"https:\/\/roveyayinevi.com.tr\/index.php\/wp-json\/wp\/v2\/product_brand?post=710828"},{"taxonomy":"product_cat","embeddable":true,"href":"https:\/\/roveyayinevi.com.tr\/index.php\/wp-json\/wp\/v2\/product_cat?post=710828"},{"taxonomy":"product_tag","embeddable":true,"href":"https:\/\/roveyayinevi.com.tr\/index.php\/wp-json\/wp\/v2\/product_tag?post=710828"}],"curies":[{"name":"wp","href":"https:\/\/api.w.org\/{rel}","templated":true}]}}