{"id":710826,"date":"2025-08-27T16:39:37","date_gmt":"2025-08-27T13:39:37","guid":{"rendered":"https:\/\/roveyayinevi.com.tr\/index.php\/urun\/san-icin-piyano-esikli-azeri-turkuler\/"},"modified":"2026-04-16T02:19:26","modified_gmt":"2026-04-15T23:19:26","slug":"san-icin-piyano-esikli-azeri-turkuler","status":"publish","type":"product","link":"https:\/\/roveyayinevi.com.tr\/index.php\/urun\/san-icin-piyano-esikli-azeri-turkuler\/","title":{"rendered":"\u015ean i\u00e7in Piyano E\u015fikli Azeri T\u00fcrk\u00fcler"},"content":{"rendered":"<p>2014 y\u0131l\u0131nda yay\u0131nlanan \u201c\u015ean i\u00e7in Piyano E\u015flikli 12 T\u00fcrk\u00fc\u201d ve 2016 y\u0131l\u0131nda yay\u0131nlanan \u201c\u015ean i\u00e7in Piyano E\u015flikli 9 T\u00fcrk\u00fc\u201d isimli kitaplar\u0131m\u0131zda TRT Halk M\u00fczi\u011fi da\u011farc\u0131\u011f\u0131ndan se\u00e7ilen farkl\u0131 y\u00f6relere ait toplam 21 halk t\u00fcrk\u00fcs\u00fc \u015fan ve piyano i\u00e7in d\u00fczenlenmi\u015ftir. Bu kitapta ise 14 Azeri halk t\u00fcrk\u00fcs\u00fc \u015fan ve piyano i\u00e7in d\u00fczenlenip sunulmu\u015ftur. \ufffcTan\u0131t\u0131m Metni<\/p>\n","protected":false},"excerpt":{"rendered":"<p>2014 y\u0131l\u0131nda yay\u0131nlanan \u201c\u015ean i\u00e7in Piyano E\u015flikli 12 T\u00fcrk\u00fc\u201d ve 2016 y\u0131l\u0131nda yay\u0131nlanan \u201c\u015ean i\u00e7in Piyano E\u015flikli 9 T\u00fcrk\u00fc\u201d isimli kitaplar\u0131m\u0131zda TRT Halk M\u00fczi\u011fi da\u011farc\u0131\u011f\u0131ndan se\u00e7ilen<span class=\"excerpt-hellip\"> [\u2026]<\/span><\/p>\n","protected":false},"featured_media":0,"template":"","meta":{"_monsterinsights_skip_tracking":false,"_monsterinsights_sitenote_active":false,"_monsterinsights_sitenote_note":"","_monsterinsights_sitenote_category":0},"product_brand":[],"product_cat":[14556,14557],"product_tag":[],"class_list":{"0":"post-710826","1":"product","2":"type-product","3":"status-publish","5":"product_cat-muzik","6":"product_cat-nota-kitaplari","7":"pa_cilt-ciltsiz","8":"pa_tur-kitap","9":"pa_yayinevi-muzik-egitimi-yayinlari","10":"pa_yazar-muhammet-koc-vsevolod-kuzmin","12":"first","13":"instock","14":"sale","15":"shipping-taxable","16":"purchasable","17":"product-type-simple"},"_links":{"self":[{"href":"https:\/\/roveyayinevi.com.tr\/index.php\/wp-json\/wp\/v2\/product\/710826","targetHints":{"allow":["GET"]}}],"collection":[{"href":"https:\/\/roveyayinevi.com.tr\/index.php\/wp-json\/wp\/v2\/product"}],"about":[{"href":"https:\/\/roveyayinevi.com.tr\/index.php\/wp-json\/wp\/v2\/types\/product"}],"wp:attachment":[{"href":"https:\/\/roveyayinevi.com.tr\/index.php\/wp-json\/wp\/v2\/media?parent=710826"}],"wp:term":[{"taxonomy":"product_brand","embeddable":true,"href":"https:\/\/roveyayinevi.com.tr\/index.php\/wp-json\/wp\/v2\/product_brand?post=710826"},{"taxonomy":"product_cat","embeddable":true,"href":"https:\/\/roveyayinevi.com.tr\/index.php\/wp-json\/wp\/v2\/product_cat?post=710826"},{"taxonomy":"product_tag","embeddable":true,"href":"https:\/\/roveyayinevi.com.tr\/index.php\/wp-json\/wp\/v2\/product_tag?post=710826"}],"curies":[{"name":"wp","href":"https:\/\/api.w.org\/{rel}","templated":true}]}}