{"id":710825,"date":"2025-08-27T16:39:37","date_gmt":"2025-08-27T13:39:37","guid":{"rendered":"https:\/\/roveyayinevi.com.tr\/index.php\/urun\/basileus-uluslararasi-anadoluda-demeter-ve-diger-ana-tanrica-kultleri-sempozyumu-arkeolojik-arastirmalar-suppl-ii\/"},"modified":"2026-04-16T02:19:26","modified_gmt":"2026-04-15T23:19:26","slug":"basileus-uluslararasi-anadoluda-demeter-ve-diger-ana-tanrica-kultleri-sempozyumu-arkeolojik-arastirmalar-suppl-ii","status":"publish","type":"product","link":"https:\/\/roveyayinevi.com.tr\/index.php\/urun\/basileus-uluslararasi-anadoluda-demeter-ve-diger-ana-tanrica-kultleri-sempozyumu-arkeolojik-arastirmalar-suppl-ii\/","title":{"rendered":"Basileus &#8211; Uluslararas\u0131 &#8221;Anadolu&#8217;da Demeter ve Di\u011fer Ana Tanr\u0131\u00e7a K\u00fcltleri&#8221; Sempozyumu (Arkeolojik Ara\u015ft\u0131rmalar Suppl. II)"},"content":{"rendered":"<p>Anadolu topra\u011f\u0131n\u0131n di\u011fer ana tanr\u0131\u00e7a k\u00fcltlerini i\u00e7eren sunumlarla, arkeolojik, epigrafik ve edebi alandaki yeni \u00e7al\u0131\u015fmalar tan\u0131t\u0131lm\u0131\u015f ve tart\u0131\u015f\u0131lm\u0131\u015ft\u0131r. <\/p>\n","protected":false},"excerpt":{"rendered":"<p>Anadolu topra\u011f\u0131n\u0131n di\u011fer ana tanr\u0131\u00e7a k\u00fcltlerini i\u00e7eren sunumlarla, arkeolojik, epigrafik ve edebi alandaki yeni \u00e7al\u0131\u015fmalar tan\u0131t\u0131lm\u0131\u015f ve tart\u0131\u015f\u0131lm\u0131\u015ft\u0131r.<\/p>\n","protected":false},"featured_media":0,"template":"","meta":{"_monsterinsights_skip_tracking":false,"_monsterinsights_sitenote_active":false,"_monsterinsights_sitenote_note":"","_monsterinsights_sitenote_category":0},"product_brand":[],"product_cat":[12472],"product_tag":[],"class_list":{"0":"post-710825","1":"product","2":"type-product","3":"status-publish","5":"product_cat-yabanci-dilde-kitaplar","6":"pa_cilt-ciltli","7":"pa_tur-kitap","8":"pa_yayinevi-bilgin-kultur-sanat","9":"pa_yazar-komisyon","11":"first","12":"instock","13":"sale","14":"shipping-taxable","15":"purchasable","16":"product-type-simple"},"_links":{"self":[{"href":"https:\/\/roveyayinevi.com.tr\/index.php\/wp-json\/wp\/v2\/product\/710825","targetHints":{"allow":["GET"]}}],"collection":[{"href":"https:\/\/roveyayinevi.com.tr\/index.php\/wp-json\/wp\/v2\/product"}],"about":[{"href":"https:\/\/roveyayinevi.com.tr\/index.php\/wp-json\/wp\/v2\/types\/product"}],"wp:attachment":[{"href":"https:\/\/roveyayinevi.com.tr\/index.php\/wp-json\/wp\/v2\/media?parent=710825"}],"wp:term":[{"taxonomy":"product_brand","embeddable":true,"href":"https:\/\/roveyayinevi.com.tr\/index.php\/wp-json\/wp\/v2\/product_brand?post=710825"},{"taxonomy":"product_cat","embeddable":true,"href":"https:\/\/roveyayinevi.com.tr\/index.php\/wp-json\/wp\/v2\/product_cat?post=710825"},{"taxonomy":"product_tag","embeddable":true,"href":"https:\/\/roveyayinevi.com.tr\/index.php\/wp-json\/wp\/v2\/product_tag?post=710825"}],"curies":[{"name":"wp","href":"https:\/\/api.w.org\/{rel}","templated":true}]}}