{"id":710824,"date":"2025-08-27T16:39:36","date_gmt":"2025-08-27T13:39:36","guid":{"rendered":"https:\/\/roveyayinevi.com.tr\/index.php\/urun\/pedagojik-oykuler-dizisi-30-soz-dinlemekten-sikildim\/"},"modified":"2026-04-16T02:19:26","modified_gmt":"2026-04-15T23:19:26","slug":"pedagojik-oykuler-dizisi-30-soz-dinlemekten-sikildim","status":"publish","type":"product","link":"https:\/\/roveyayinevi.com.tr\/index.php\/urun\/pedagojik-oykuler-dizisi-30-soz-dinlemekten-sikildim\/","title":{"rendered":"Pedagojik \u00d6yk\u00fcler Dizisi 30 &#8211; S\u00f6z Dinlemekten S\u0131k\u0131ld\u0131m!"},"content":{"rendered":"<p>\u00c7ocuklar\u0131 s\u0131n\u0131rlayan, hatta bazen bunal\u0131p s\u0131k\u0131lmalar\u0131na sebep olan kurallarla ya\u015famak onlar\u0131 kimi zaman zorlar. Bu disiplini sa\u011flamak ebeveynler i\u00e7in de zordur. Ancak disiplin, \u00e7ocu\u011fun e\u011fitiminde ve sosyal ya\u015fant\u0131s\u0131n\u0131 d\u00fczenlemesinde \u00e7ok \u00f6nemlidir. Kurallarla ya\u015famay\u0131 \u00f6\u011frendik\u00e7e, neyi ne zaman yapacaklar\u0131n\u0131 bilir ve bu kurallar sayesinde birlikte ya\u015faman\u0131n kolayla\u015ft\u0131\u011f\u0131n\u0131 deneyimlerler. Ebeveyn olarak disiplini hayata ge\u00e7irmekte zorlan\u0131yorsan\u0131z, bu kitapla kurallarla ya\u015faman\u0131n \u00f6nemini \u00e7ocu\u011funuza hem anlatabilecek hem de onunla e\u011flenceli vakit ge\u00e7irebileceksiniz\u2026 \ufffcTan\u0131t\u0131m Metni<\/p>\n","protected":false},"excerpt":{"rendered":"<p>\u00c7ocuklar\u0131 s\u0131n\u0131rlayan, hatta bazen bunal\u0131p s\u0131k\u0131lmalar\u0131na sebep olan kurallarla ya\u015famak onlar\u0131 kimi zaman zorlar. Bu disiplini sa\u011flamak ebeveynler i\u00e7in de zordur. Ancak disiplin, \u00e7ocu\u011fun e\u011fitiminde ve<span class=\"excerpt-hellip\"> [\u2026]<\/span><\/p>\n","protected":false},"featured_media":0,"template":"","meta":{"_monsterinsights_skip_tracking":false,"_monsterinsights_sitenote_active":false,"_monsterinsights_sitenote_note":"","_monsterinsights_sitenote_category":0},"product_brand":[],"product_cat":[12274,15842],"product_tag":[],"class_list":{"0":"post-710824","1":"product","2":"type-product","3":"status-publish","5":"product_cat-cocuk-ve-genclik-kitaplari","6":"product_cat-egitici-kitaplar","7":"pa_cilt-ciltsiz","8":"pa_tur-kitap","9":"pa_yayinevi-mandolin-yayinlari","10":"pa_yazar-aysen-oy","12":"first","13":"instock","14":"sale","15":"shipping-taxable","16":"purchasable","17":"product-type-simple"},"_links":{"self":[{"href":"https:\/\/roveyayinevi.com.tr\/index.php\/wp-json\/wp\/v2\/product\/710824","targetHints":{"allow":["GET"]}}],"collection":[{"href":"https:\/\/roveyayinevi.com.tr\/index.php\/wp-json\/wp\/v2\/product"}],"about":[{"href":"https:\/\/roveyayinevi.com.tr\/index.php\/wp-json\/wp\/v2\/types\/product"}],"wp:attachment":[{"href":"https:\/\/roveyayinevi.com.tr\/index.php\/wp-json\/wp\/v2\/media?parent=710824"}],"wp:term":[{"taxonomy":"product_brand","embeddable":true,"href":"https:\/\/roveyayinevi.com.tr\/index.php\/wp-json\/wp\/v2\/product_brand?post=710824"},{"taxonomy":"product_cat","embeddable":true,"href":"https:\/\/roveyayinevi.com.tr\/index.php\/wp-json\/wp\/v2\/product_cat?post=710824"},{"taxonomy":"product_tag","embeddable":true,"href":"https:\/\/roveyayinevi.com.tr\/index.php\/wp-json\/wp\/v2\/product_tag?post=710824"}],"curies":[{"name":"wp","href":"https:\/\/api.w.org\/{rel}","templated":true}]}}