{"id":710823,"date":"2025-08-27T16:39:36","date_gmt":"2025-08-27T13:39:36","guid":{"rendered":"https:\/\/roveyayinevi.com.tr\/index.php\/urun\/pedagojik-oykuler-dizisi-32-kendimi-korurum\/"},"modified":"2026-04-16T02:19:26","modified_gmt":"2026-04-15T23:19:26","slug":"pedagojik-oykuler-dizisi-32-kendimi-korurum","status":"publish","type":"product","link":"https:\/\/roveyayinevi.com.tr\/index.php\/urun\/pedagojik-oykuler-dizisi-32-kendimi-korurum\/","title":{"rendered":"Pedagojik \u00d6yk\u00fcler Dizisi 32- Kendimi Korurum!"},"content":{"rendered":"<p>Azarlamak, ba\u011f\u0131rmak, vurmak gibi davran\u0131\u015flar \u015fiddet i\u00e7erir. Aile i\u00e7inde, okulda veya arkada\u015f \u00e7evresinde sa\u011fl\u0131kl\u0131 sosyal ili\u015fkiler ancak kar\u015f\u0131l\u0131kl\u0131 sayg\u0131 ve sevgi ile kurulabilir. Bu konuda siz ebeveynlere \u00e7ok i\u015f d\u00fc\u015f\u00fcyor, \u00e7\u00fcnk\u00fc se\u00e7ti\u011finiz kelimelerden verdi\u011finiz tepkilere kadar \u00e7ocu\u011funuz \u00f6nce sizi rol model al\u0131yor. Ancak di\u011fer bireylerin tutum ve davran\u0131\u015flar\u0131 da \u00e7ocu\u011funuzun geli\u015fiminde etkilidir. \u00c7ocu\u011funuzla birlikte okuyabilece\u011finiz Kendimi Korurum!, bu konuda rehber olacak bir hik\u00e2ye\u2026 \ufffcTan\u0131t\u0131m Metni<\/p>\n","protected":false},"excerpt":{"rendered":"<p>Azarlamak, ba\u011f\u0131rmak, vurmak gibi davran\u0131\u015flar \u015fiddet i\u00e7erir. Aile i\u00e7inde, okulda veya arkada\u015f \u00e7evresinde sa\u011fl\u0131kl\u0131 sosyal ili\u015fkiler ancak kar\u015f\u0131l\u0131kl\u0131 sayg\u0131 ve sevgi ile kurulabilir. Bu konuda siz<span class=\"excerpt-hellip\"> [\u2026]<\/span><\/p>\n","protected":false},"featured_media":0,"template":"","meta":{"_monsterinsights_skip_tracking":false,"_monsterinsights_sitenote_active":false,"_monsterinsights_sitenote_note":"","_monsterinsights_sitenote_category":0},"product_brand":[],"product_cat":[12274,15842],"product_tag":[],"class_list":{"0":"post-710823","1":"product","2":"type-product","3":"status-publish","5":"product_cat-cocuk-ve-genclik-kitaplari","6":"product_cat-egitici-kitaplar","7":"pa_cilt-ciltsiz","8":"pa_tur-kitap","9":"pa_yayinevi-mandolin-yayinlari","10":"pa_yazar-aysen-oy","12":"first","13":"instock","14":"sale","15":"shipping-taxable","16":"purchasable","17":"product-type-simple"},"_links":{"self":[{"href":"https:\/\/roveyayinevi.com.tr\/index.php\/wp-json\/wp\/v2\/product\/710823","targetHints":{"allow":["GET"]}}],"collection":[{"href":"https:\/\/roveyayinevi.com.tr\/index.php\/wp-json\/wp\/v2\/product"}],"about":[{"href":"https:\/\/roveyayinevi.com.tr\/index.php\/wp-json\/wp\/v2\/types\/product"}],"wp:attachment":[{"href":"https:\/\/roveyayinevi.com.tr\/index.php\/wp-json\/wp\/v2\/media?parent=710823"}],"wp:term":[{"taxonomy":"product_brand","embeddable":true,"href":"https:\/\/roveyayinevi.com.tr\/index.php\/wp-json\/wp\/v2\/product_brand?post=710823"},{"taxonomy":"product_cat","embeddable":true,"href":"https:\/\/roveyayinevi.com.tr\/index.php\/wp-json\/wp\/v2\/product_cat?post=710823"},{"taxonomy":"product_tag","embeddable":true,"href":"https:\/\/roveyayinevi.com.tr\/index.php\/wp-json\/wp\/v2\/product_tag?post=710823"}],"curies":[{"name":"wp","href":"https:\/\/api.w.org\/{rel}","templated":true}]}}