{"id":710822,"date":"2025-08-27T16:39:35","date_gmt":"2025-08-27T13:39:35","guid":{"rendered":"https:\/\/roveyayinevi.com.tr\/index.php\/urun\/pedagojik-oykuler-dizisi-27-telefon-istiyorum\/"},"modified":"2026-04-16T02:19:26","modified_gmt":"2026-04-15T23:19:26","slug":"pedagojik-oykuler-dizisi-27-telefon-istiyorum","status":"publish","type":"product","link":"https:\/\/roveyayinevi.com.tr\/index.php\/urun\/pedagojik-oykuler-dizisi-27-telefon-istiyorum\/","title":{"rendered":"Pedagojik \u00d6yk\u00fcler Dizisi 27- Telefon \u0130stiyorum!"},"content":{"rendered":"<p>Teknoloji h\u0131zla geli\u015firken ve hayat\u0131m\u0131za bu denli dahil olmu\u015fken, \u00e7ocuklar\u0131m\u0131z\u0131 teknolojinin zararl\u0131 y\u00f6nlerinden uzak tutmak da gittik\u00e7e zorla\u015f\u0131yor. \u00d6zellikle ak\u0131ll\u0131 telefonlar, tabletler bu kadar yayg\u0131nla\u015fm\u0131\u015fken. \u00c7ocuklar\u0131n geli\u015fimini etkileyen, hatta n\u00f6rolojik rahats\u0131zl\u0131klar\u0131 bile tetikleyebilen bu gibi uyaranlara kar\u015f\u0131 \u00e7ocu\u011funuzu nas\u0131l koruyaca\u011f\u0131n\u0131z\u0131 bilemiyorsan\u0131z, Telefon \u0130stiyorum!, bu konuda size rehber olacak bir hik\u00e2ye\u2026 \ufffcTan\u0131t\u0131m Metni<\/p>\n","protected":false},"excerpt":{"rendered":"<p>Teknoloji h\u0131zla geli\u015firken ve hayat\u0131m\u0131za bu denli dahil olmu\u015fken, \u00e7ocuklar\u0131m\u0131z\u0131 teknolojinin zararl\u0131 y\u00f6nlerinden uzak tutmak da gittik\u00e7e zorla\u015f\u0131yor. \u00d6zellikle ak\u0131ll\u0131 telefonlar, tabletler bu kadar yayg\u0131nla\u015fm\u0131\u015fken. \u00c7ocuklar\u0131n<span class=\"excerpt-hellip\"> [\u2026]<\/span><\/p>\n","protected":false},"featured_media":0,"template":"","meta":{"_monsterinsights_skip_tracking":false,"_monsterinsights_sitenote_active":false,"_monsterinsights_sitenote_note":"","_monsterinsights_sitenote_category":0},"product_brand":[],"product_cat":[12274,15842],"product_tag":[],"class_list":{"0":"post-710822","1":"product","2":"type-product","3":"status-publish","5":"product_cat-cocuk-ve-genclik-kitaplari","6":"product_cat-egitici-kitaplar","7":"pa_cilt-ciltsiz","8":"pa_tur-kitap","9":"pa_yayinevi-mandolin-yayinlari","10":"pa_yazar-aysen-oy","12":"first","13":"instock","14":"sale","15":"shipping-taxable","16":"purchasable","17":"product-type-simple"},"_links":{"self":[{"href":"https:\/\/roveyayinevi.com.tr\/index.php\/wp-json\/wp\/v2\/product\/710822","targetHints":{"allow":["GET"]}}],"collection":[{"href":"https:\/\/roveyayinevi.com.tr\/index.php\/wp-json\/wp\/v2\/product"}],"about":[{"href":"https:\/\/roveyayinevi.com.tr\/index.php\/wp-json\/wp\/v2\/types\/product"}],"wp:attachment":[{"href":"https:\/\/roveyayinevi.com.tr\/index.php\/wp-json\/wp\/v2\/media?parent=710822"}],"wp:term":[{"taxonomy":"product_brand","embeddable":true,"href":"https:\/\/roveyayinevi.com.tr\/index.php\/wp-json\/wp\/v2\/product_brand?post=710822"},{"taxonomy":"product_cat","embeddable":true,"href":"https:\/\/roveyayinevi.com.tr\/index.php\/wp-json\/wp\/v2\/product_cat?post=710822"},{"taxonomy":"product_tag","embeddable":true,"href":"https:\/\/roveyayinevi.com.tr\/index.php\/wp-json\/wp\/v2\/product_tag?post=710822"}],"curies":[{"name":"wp","href":"https:\/\/api.w.org\/{rel}","templated":true}]}}