{"id":710821,"date":"2025-08-27T16:39:35","date_gmt":"2025-08-27T13:39:35","guid":{"rendered":"https:\/\/roveyayinevi.com.tr\/index.php\/urun\/leylayi-beklerken\/"},"modified":"2026-04-16T02:19:26","modified_gmt":"2026-04-15T23:19:26","slug":"leylayi-beklerken","status":"publish","type":"product","link":"https:\/\/roveyayinevi.com.tr\/index.php\/urun\/leylayi-beklerken\/","title":{"rendered":"Leyla&#8217;y\u0131 Beklerken"},"content":{"rendered":"<p>Sa\u00e7\u0131 ba\u015f\u0131 da\u011f\u0131lm\u0131\u015f, montunun yakas\u0131 yana kaym\u0131\u015f, yaka pa\u00e7a s\u00fcr\u00fcklenerek g\u00f6t\u00fcr\u00fcl\u00fcrken can havliyle ba\u015f\u0131n\u0131 koridora \u00e7evirip \u201cLeeylaaa!\u201d diye g\u00fcc\u00fcn\u00fcn yetti\u011fince ba\u011f\u0131rd\u0131.  Sanki Leyla, her an koridorun sonundan tekerlekli sandalyesiyle g\u00f6r\u00fcn\u00fcverecekti. Sanki Tanr\u0131 arma\u011fan\u0131ym\u0131\u015f gibi g\u00fczel g\u00f6zleriyle kalbinde biriktirdi\u011fi sevgisini hastane koridorunun kalabal\u0131\u011f\u0131na arma\u011fan edecekti. <\/p>\n","protected":false},"excerpt":{"rendered":"<p>Sa\u00e7\u0131 ba\u015f\u0131 da\u011f\u0131lm\u0131\u015f, montunun yakas\u0131 yana kaym\u0131\u015f, yaka pa\u00e7a s\u00fcr\u00fcklenerek g\u00f6t\u00fcr\u00fcl\u00fcrken can havliyle ba\u015f\u0131n\u0131 koridora \u00e7evirip \u201cLeeylaaa!\u201d diye g\u00fcc\u00fcn\u00fcn yetti\u011fince ba\u011f\u0131rd\u0131. Sanki Leyla, her an koridorun<span class=\"excerpt-hellip\"> [\u2026]<\/span><\/p>\n","protected":false},"featured_media":0,"template":"","meta":{"_monsterinsights_skip_tracking":false,"_monsterinsights_sitenote_active":false,"_monsterinsights_sitenote_note":"","_monsterinsights_sitenote_category":0},"product_brand":[],"product_cat":[12291,12711],"product_tag":[],"class_list":{"0":"post-710821","1":"product","2":"type-product","3":"status-publish","5":"product_cat-edebiyat","6":"product_cat-roman-oyku","7":"pa_cilt-ciltsiz","8":"pa_tur-kitap","9":"pa_yayinevi-inkilap-kitabevi","10":"pa_yazar-yusuf-nazim","12":"first","13":"instock","14":"sale","15":"shipping-taxable","16":"purchasable","17":"product-type-simple"},"_links":{"self":[{"href":"https:\/\/roveyayinevi.com.tr\/index.php\/wp-json\/wp\/v2\/product\/710821","targetHints":{"allow":["GET"]}}],"collection":[{"href":"https:\/\/roveyayinevi.com.tr\/index.php\/wp-json\/wp\/v2\/product"}],"about":[{"href":"https:\/\/roveyayinevi.com.tr\/index.php\/wp-json\/wp\/v2\/types\/product"}],"wp:attachment":[{"href":"https:\/\/roveyayinevi.com.tr\/index.php\/wp-json\/wp\/v2\/media?parent=710821"}],"wp:term":[{"taxonomy":"product_brand","embeddable":true,"href":"https:\/\/roveyayinevi.com.tr\/index.php\/wp-json\/wp\/v2\/product_brand?post=710821"},{"taxonomy":"product_cat","embeddable":true,"href":"https:\/\/roveyayinevi.com.tr\/index.php\/wp-json\/wp\/v2\/product_cat?post=710821"},{"taxonomy":"product_tag","embeddable":true,"href":"https:\/\/roveyayinevi.com.tr\/index.php\/wp-json\/wp\/v2\/product_tag?post=710821"}],"curies":[{"name":"wp","href":"https:\/\/api.w.org\/{rel}","templated":true}]}}