{"id":710819,"date":"2025-08-27T16:39:34","date_gmt":"2025-08-27T13:39:34","guid":{"rendered":"https:\/\/roveyayinevi.com.tr\/index.php\/urun\/ufuk\/"},"modified":"2026-04-16T02:19:26","modified_gmt":"2026-04-15T23:19:26","slug":"ufuk","status":"publish","type":"product","link":"https:\/\/roveyayinevi.com.tr\/index.php\/urun\/ufuk\/","title":{"rendered":"Ufuk"},"content":{"rendered":"<p>Kaza Sadece Bir Ba\u015flang\u0131\u00e7Bir yar\u0131\u015fma i\u00e7in Japonya\u2019ya yolculuk eden Futbot Ekibi\u2019nin u\u00e7a\u011f\u0131, yolculuk s\u0131ras\u0131nda gizemli bir g\u00fcc\u00fcn etkisiyle d\u00fc\u015fer. Kar ve buz bulmay\u0131 umarak enkazdan d\u0131\u015far\u0131ya \u00e7\u0131kan \u00e7ocuklar etraflar\u0131nda garip bir orman ve tuhaf yarat\u0131klar bulurlar. Ne var ki nas\u0131l eve d\u00f6neceklerine ya da hayatta kalacaklar\u0131na dair bir fikirleri yoktur. Yiyecekleri bitmek \u00fczeredir. Su azd\u0131r ve orman, bu \u00e7ocuklar\u0131n daha \u00f6nce hi\u00e7 g\u00f6rmedi\u011fi tehlikelerle doludur. \u00dcstelik grup i\u00e7indeki rekabet ve fikir ayr\u0131l\u0131klar\u0131 birliklerini bozmakla tehdit edince eve d\u00f6nme umutlar\u0131 yok olmaya ba\u015flar.Hayatta KalmaYar\u0131\u015f\u0131 Ba\u015fl\u0131yor&#8230; <\/p>\n","protected":false},"excerpt":{"rendered":"<p>Kaza Sadece Bir Ba\u015flang\u0131\u00e7Bir yar\u0131\u015fma i\u00e7in Japonya\u2019ya yolculuk eden Futbot Ekibi\u2019nin u\u00e7a\u011f\u0131, yolculuk s\u0131ras\u0131nda gizemli bir g\u00fcc\u00fcn etkisiyle d\u00fc\u015fer. Kar ve buz bulmay\u0131 umarak enkazdan d\u0131\u015far\u0131ya<span class=\"excerpt-hellip\"> [\u2026]<\/span><\/p>\n","protected":false},"featured_media":0,"template":"","meta":{"_monsterinsights_skip_tracking":false,"_monsterinsights_sitenote_active":false,"_monsterinsights_sitenote_note":"","_monsterinsights_sitenote_category":0},"product_brand":[],"product_cat":[12291,14777],"product_tag":[],"class_list":{"0":"post-710819","1":"product","2":"type-product","3":"status-publish","5":"product_cat-edebiyat","6":"product_cat-fantastik","7":"pa_cilt-ciltsiz","8":"pa_tur-kitap","9":"pa_yayinevi-yabanci-yayinevi","10":"pa_yazar-scott-westerfeld","12":"first","13":"instock","14":"sale","15":"shipping-taxable","16":"purchasable","17":"product-type-simple"},"_links":{"self":[{"href":"https:\/\/roveyayinevi.com.tr\/index.php\/wp-json\/wp\/v2\/product\/710819","targetHints":{"allow":["GET"]}}],"collection":[{"href":"https:\/\/roveyayinevi.com.tr\/index.php\/wp-json\/wp\/v2\/product"}],"about":[{"href":"https:\/\/roveyayinevi.com.tr\/index.php\/wp-json\/wp\/v2\/types\/product"}],"wp:attachment":[{"href":"https:\/\/roveyayinevi.com.tr\/index.php\/wp-json\/wp\/v2\/media?parent=710819"}],"wp:term":[{"taxonomy":"product_brand","embeddable":true,"href":"https:\/\/roveyayinevi.com.tr\/index.php\/wp-json\/wp\/v2\/product_brand?post=710819"},{"taxonomy":"product_cat","embeddable":true,"href":"https:\/\/roveyayinevi.com.tr\/index.php\/wp-json\/wp\/v2\/product_cat?post=710819"},{"taxonomy":"product_tag","embeddable":true,"href":"https:\/\/roveyayinevi.com.tr\/index.php\/wp-json\/wp\/v2\/product_tag?post=710819"}],"curies":[{"name":"wp","href":"https:\/\/api.w.org\/{rel}","templated":true}]}}