{"id":710817,"date":"2025-08-27T16:39:32","date_gmt":"2025-08-27T13:39:32","guid":{"rendered":"https:\/\/roveyayinevi.com.tr\/index.php\/urun\/dunyaca-unlu-eserler-dunyanin-merkezine-yolculuk\/"},"modified":"2025-11-06T04:25:32","modified_gmt":"2025-11-06T01:25:32","slug":"dunyaca-unlu-eserler-dunyanin-merkezine-yolculuk","status":"publish","type":"product","link":"https:\/\/roveyayinevi.com.tr\/index.php\/urun\/dunyaca-unlu-eserler-dunyanin-merkezine-yolculuk\/","title":{"rendered":"D\u00fcnyaca \u00dcnl\u00fc Eserler &#8211; D\u00fcnyan\u0131n Merkezine Yolculuk"},"content":{"rendered":"<p>\u015eifreli bir notun pe\u015fine d\u00fc\u015f\u00fcp ak\u0131lalmaz bir maceraya at\u0131l\u0131yoruz! Jules Verne\u2019in b\u00fcy\u00fcl\u00fc d\u00fcnyas\u0131yla tan\u0131\u015fmaya haz\u0131r m\u0131s\u0131n? <\/p>\n","protected":false},"excerpt":{"rendered":"<p>\u015eifreli bir notun pe\u015fine d\u00fc\u015f\u00fcp ak\u0131lalmaz bir maceraya at\u0131l\u0131yoruz! Jules Verne\u2019in b\u00fcy\u00fcl\u00fc d\u00fcnyas\u0131yla tan\u0131\u015fmaya haz\u0131r m\u0131s\u0131n?<\/p>\n","protected":false},"featured_media":0,"template":"","meta":{"_monsterinsights_skip_tracking":false,"_monsterinsights_sitenote_active":false,"_monsterinsights_sitenote_note":"","_monsterinsights_sitenote_category":0},"product_brand":[],"product_cat":[12274,12284],"product_tag":[],"class_list":{"0":"post-710817","1":"product","2":"type-product","3":"status-publish","5":"product_cat-cocuk-ve-genclik-kitaplari","6":"product_cat-hikayeler","7":"pa_cilt-ciltsiz","8":"pa_tur-kitap","9":"pa_yayinevi-1001-cicek-kitaplar","10":"pa_yazar-jules-verne","12":"first","13":"instock","14":"sale","15":"shipping-taxable","16":"purchasable","17":"product-type-simple"},"_links":{"self":[{"href":"https:\/\/roveyayinevi.com.tr\/index.php\/wp-json\/wp\/v2\/product\/710817","targetHints":{"allow":["GET"]}}],"collection":[{"href":"https:\/\/roveyayinevi.com.tr\/index.php\/wp-json\/wp\/v2\/product"}],"about":[{"href":"https:\/\/roveyayinevi.com.tr\/index.php\/wp-json\/wp\/v2\/types\/product"}],"wp:attachment":[{"href":"https:\/\/roveyayinevi.com.tr\/index.php\/wp-json\/wp\/v2\/media?parent=710817"}],"wp:term":[{"taxonomy":"product_brand","embeddable":true,"href":"https:\/\/roveyayinevi.com.tr\/index.php\/wp-json\/wp\/v2\/product_brand?post=710817"},{"taxonomy":"product_cat","embeddable":true,"href":"https:\/\/roveyayinevi.com.tr\/index.php\/wp-json\/wp\/v2\/product_cat?post=710817"},{"taxonomy":"product_tag","embeddable":true,"href":"https:\/\/roveyayinevi.com.tr\/index.php\/wp-json\/wp\/v2\/product_tag?post=710817"}],"curies":[{"name":"wp","href":"https:\/\/api.w.org\/{rel}","templated":true}]}}