{"id":710815,"date":"2025-08-27T16:39:31","date_gmt":"2025-08-27T13:39:31","guid":{"rendered":"https:\/\/roveyayinevi.com.tr\/index.php\/urun\/kendime-iyi-bakiyorum-temizlige-ozen-gosteriyorum\/"},"modified":"2026-04-16T02:19:26","modified_gmt":"2026-04-15T23:19:26","slug":"kendime-iyi-bakiyorum-temizlige-ozen-gosteriyorum","status":"publish","type":"product","link":"https:\/\/roveyayinevi.com.tr\/index.php\/urun\/kendime-iyi-bakiyorum-temizlige-ozen-gosteriyorum\/","title":{"rendered":"Kendime \u0130yi Bak\u0131yorum &#8211; Temizli\u011fe \u00d6zen G\u00f6steriyorum"},"content":{"rendered":"<p>Jack ve Jordan pek \u00e7ok \u00e7ocuk gibi y\u0131kanmaktan, sa\u00e7lar\u0131n\u0131 taramaktan, di\u015flerini f\u0131r\u00e7alamaktan ve t\u0131rnaklar\u0131n\u0131 kesmekten ka\u00e7\u0131n\u0131yorlar. Ama bir g\u00fcn bu iki karde\u015f hayvanat bah\u00e7esine gidip oradaki hayvanlar\u0131n kendilerini nas\u0131l d\u00fczenli olarak temizlediklerine \u015fahit olunca, temizlikle ilgili tutumlar\u0131 tamamen de\u011fi\u015fiyor. Mikroplar ve bula\u015f\u0131c\u0131 hastal\u0131klardan korunmak i\u00e7in temizli\u011fin ne kadar \u00f6nemli oldu\u011funu anl\u0131yor ve kendilerine bakmaktan keyif almaya ba\u015fl\u0131yorlar. \ufffcTan\u0131t\u0131m Metni<\/p>\n","protected":false},"excerpt":{"rendered":"<p>Jack ve Jordan pek \u00e7ok \u00e7ocuk gibi y\u0131kanmaktan, sa\u00e7lar\u0131n\u0131 taramaktan, di\u015flerini f\u0131r\u00e7alamaktan ve t\u0131rnaklar\u0131n\u0131 kesmekten ka\u00e7\u0131n\u0131yorlar. Ama bir g\u00fcn bu iki karde\u015f hayvanat bah\u00e7esine gidip oradaki<span class=\"excerpt-hellip\"> [\u2026]<\/span><\/p>\n","protected":false},"featured_media":0,"template":"","meta":{"_monsterinsights_skip_tracking":false,"_monsterinsights_sitenote_active":false,"_monsterinsights_sitenote_note":"","_monsterinsights_sitenote_category":0},"product_brand":[],"product_cat":[12274,15842],"product_tag":[],"class_list":{"0":"post-710815","1":"product","2":"type-product","3":"status-publish","5":"product_cat-cocuk-ve-genclik-kitaplari","6":"product_cat-egitici-kitaplar","7":"pa_cilt-ciltsiz","8":"pa_tur-kitap","9":"pa_yayinevi-almidilli","10":"pa_yazar-liz-gogerly","12":"first","13":"instock","14":"sale","15":"shipping-taxable","16":"purchasable","17":"product-type-simple"},"_links":{"self":[{"href":"https:\/\/roveyayinevi.com.tr\/index.php\/wp-json\/wp\/v2\/product\/710815","targetHints":{"allow":["GET"]}}],"collection":[{"href":"https:\/\/roveyayinevi.com.tr\/index.php\/wp-json\/wp\/v2\/product"}],"about":[{"href":"https:\/\/roveyayinevi.com.tr\/index.php\/wp-json\/wp\/v2\/types\/product"}],"wp:attachment":[{"href":"https:\/\/roveyayinevi.com.tr\/index.php\/wp-json\/wp\/v2\/media?parent=710815"}],"wp:term":[{"taxonomy":"product_brand","embeddable":true,"href":"https:\/\/roveyayinevi.com.tr\/index.php\/wp-json\/wp\/v2\/product_brand?post=710815"},{"taxonomy":"product_cat","embeddable":true,"href":"https:\/\/roveyayinevi.com.tr\/index.php\/wp-json\/wp\/v2\/product_cat?post=710815"},{"taxonomy":"product_tag","embeddable":true,"href":"https:\/\/roveyayinevi.com.tr\/index.php\/wp-json\/wp\/v2\/product_tag?post=710815"}],"curies":[{"name":"wp","href":"https:\/\/api.w.org\/{rel}","templated":true}]}}