{"id":710814,"date":"2025-08-27T16:39:31","date_gmt":"2025-08-27T13:39:31","guid":{"rendered":"https:\/\/roveyayinevi.com.tr\/index.php\/urun\/kendime-iyi-bakiyorum-egzersiz-yapiyorum\/"},"modified":"2026-04-16T02:19:26","modified_gmt":"2026-04-15T23:19:26","slug":"kendime-iyi-bakiyorum-egzersiz-yapiyorum","status":"publish","type":"product","link":"https:\/\/roveyayinevi.com.tr\/index.php\/urun\/kendime-iyi-bakiyorum-egzersiz-yapiyorum\/","title":{"rendered":"Kendime \u0130yi Bak\u0131yorum &#8211; Egzersiz Yap\u0131yorum"},"content":{"rendered":"<p>Pek \u00e7ok \u00e7ocuk gibi Emily ve Tom da televizyon seyretmekten ve bilgisayar oyunu oynamaktan ho\u015flan\u0131yorlar. Ama b\u00fcy\u00fckanneleri, hareket etmelerini sa\u011flayacak ba\u015fka \u015feylerle ilgilenmelerini istiyor onlardan. S\u00fcrekli egzersiz ve spor yapan, bu nedenle sa\u011fl\u0131kl\u0131 ve zinde kalan b\u00fcy\u00fckanneleri sayesinde, ikizler egzersiz yapman\u0131n \u00f6nemini anl\u0131yorlar. Ayr\u0131ca egzersizin sa\u011fl\u0131kl\u0131 kalmam\u0131z\u0131 sa\u011flaman\u0131n yan\u0131 s\u0131ra \u00e7ok da e\u011flenceli oldu\u011funu ve hayat\u0131m\u0131za pek \u00e7ok a\u00e7\u0131dan katk\u0131da bulundu\u011funu ke\u015ffediyorlar. <\/p>\n","protected":false},"excerpt":{"rendered":"<p>Pek \u00e7ok \u00e7ocuk gibi Emily ve Tom da televizyon seyretmekten ve bilgisayar oyunu oynamaktan ho\u015flan\u0131yorlar. Ama b\u00fcy\u00fckanneleri, hareket etmelerini sa\u011flayacak ba\u015fka \u015feylerle ilgilenmelerini istiyor onlardan. S\u00fcrekli<span class=\"excerpt-hellip\"> [\u2026]<\/span><\/p>\n","protected":false},"featured_media":0,"template":"","meta":{"_monsterinsights_skip_tracking":false,"_monsterinsights_sitenote_active":false,"_monsterinsights_sitenote_note":"","_monsterinsights_sitenote_category":0},"product_brand":[],"product_cat":[12274,15842],"product_tag":[],"class_list":{"0":"post-710814","1":"product","2":"type-product","3":"status-publish","5":"product_cat-cocuk-ve-genclik-kitaplari","6":"product_cat-egitici-kitaplar","7":"pa_cilt-ciltsiz","8":"pa_tur-kitap","9":"pa_yayinevi-almidilli","10":"pa_yazar-liz-gogerly","12":"first","13":"instock","14":"sale","15":"shipping-taxable","16":"purchasable","17":"product-type-simple"},"_links":{"self":[{"href":"https:\/\/roveyayinevi.com.tr\/index.php\/wp-json\/wp\/v2\/product\/710814","targetHints":{"allow":["GET"]}}],"collection":[{"href":"https:\/\/roveyayinevi.com.tr\/index.php\/wp-json\/wp\/v2\/product"}],"about":[{"href":"https:\/\/roveyayinevi.com.tr\/index.php\/wp-json\/wp\/v2\/types\/product"}],"wp:attachment":[{"href":"https:\/\/roveyayinevi.com.tr\/index.php\/wp-json\/wp\/v2\/media?parent=710814"}],"wp:term":[{"taxonomy":"product_brand","embeddable":true,"href":"https:\/\/roveyayinevi.com.tr\/index.php\/wp-json\/wp\/v2\/product_brand?post=710814"},{"taxonomy":"product_cat","embeddable":true,"href":"https:\/\/roveyayinevi.com.tr\/index.php\/wp-json\/wp\/v2\/product_cat?post=710814"},{"taxonomy":"product_tag","embeddable":true,"href":"https:\/\/roveyayinevi.com.tr\/index.php\/wp-json\/wp\/v2\/product_tag?post=710814"}],"curies":[{"name":"wp","href":"https:\/\/api.w.org\/{rel}","templated":true}]}}