{"id":710813,"date":"2025-08-27T16:39:30","date_gmt":"2025-08-27T13:39:30","guid":{"rendered":"https:\/\/roveyayinevi.com.tr\/index.php\/urun\/kendime-iyi-bakiyorum-dislerimi-fircaliyorum\/"},"modified":"2026-04-16T02:19:26","modified_gmt":"2026-04-15T23:19:26","slug":"kendime-iyi-bakiyorum-dislerimi-fircaliyorum","status":"publish","type":"product","link":"https:\/\/roveyayinevi.com.tr\/index.php\/urun\/kendime-iyi-bakiyorum-dislerimi-fircaliyorum\/","title":{"rendered":"Kendime \u0130yi Bak\u0131yorum &#8211; Di\u015flerimi F\u0131r\u00e7al\u0131yorum"},"content":{"rendered":"<p>Marta\u2019n\u0131n Billy isimli sevimli bir k\u00f6pe\u011fi var. Billy\u2019nin bir di\u015fi \u00e7\u00fcr\u00fcm\u00fc\u015f ve veteriner di\u015finin \u00e7ekilmesi gerekti\u011fini s\u00f6yl\u00fcyor. Marta\u2019n\u0131n da \u00f6n di\u015fi sallanmaya ba\u015flad\u0131, o da di\u015finin Billy gibi \u00e7ekilmesinden endi\u015fe ediyor. Ama annesi b\u00fct\u00fcn \u00e7ocuklar\u0131n s\u00fct di\u015flerinin d\u00f6k\u00fcl\u00fcp yerine kal\u0131c\u0131 di\u015flerin \u00e7\u0131kt\u0131\u011f\u0131n\u0131 ve endi\u015felenmesine gerek olmad\u0131\u011f\u0131n\u0131 s\u00f6yl\u00fcyor. Marta di\u015f doktoruna gitti\u011finde, di\u015f doktoru t\u00fcm hayat\u0131 boyunca sa\u011fl\u0131kl\u0131 olmas\u0131 i\u00e7in kal\u0131c\u0131 di\u015flerine nas\u0131l bakmas\u0131 gerekti\u011fini anlat\u0131yor ona. Ve b\u00f6ylece Marta di\u015flerini nas\u0131l f\u0131r\u00e7alamas\u0131 gerekti\u011fini ve sa\u011fl\u0131kl\u0131 beslenmenin di\u015f sa\u011fl\u0131\u011f\u0131 i\u00e7in \u00f6nemini \u00f6\u011freniyor. \ufffcTan\u0131t\u0131m Metni<\/p>\n","protected":false},"excerpt":{"rendered":"<p>Marta\u2019n\u0131n Billy isimli sevimli bir k\u00f6pe\u011fi var. Billy\u2019nin bir di\u015fi \u00e7\u00fcr\u00fcm\u00fc\u015f ve veteriner di\u015finin \u00e7ekilmesi gerekti\u011fini s\u00f6yl\u00fcyor. Marta\u2019n\u0131n da \u00f6n di\u015fi sallanmaya ba\u015flad\u0131, o da di\u015finin<span class=\"excerpt-hellip\"> [\u2026]<\/span><\/p>\n","protected":false},"featured_media":0,"template":"","meta":{"_monsterinsights_skip_tracking":false,"_monsterinsights_sitenote_active":false,"_monsterinsights_sitenote_note":"","_monsterinsights_sitenote_category":0},"product_brand":[],"product_cat":[12312,12304],"product_tag":[],"class_list":{"0":"post-710813","1":"product","2":"type-product","3":"status-publish","5":"product_cat-diger","6":"product_cat-tarih","7":"pa_cilt-ciltsiz","8":"pa_tur-kitap","9":"pa_yayinevi-almidilli","10":"pa_yazar-liz-gogerly","12":"first","13":"instock","14":"sale","15":"shipping-taxable","16":"purchasable","17":"product-type-simple"},"_links":{"self":[{"href":"https:\/\/roveyayinevi.com.tr\/index.php\/wp-json\/wp\/v2\/product\/710813","targetHints":{"allow":["GET"]}}],"collection":[{"href":"https:\/\/roveyayinevi.com.tr\/index.php\/wp-json\/wp\/v2\/product"}],"about":[{"href":"https:\/\/roveyayinevi.com.tr\/index.php\/wp-json\/wp\/v2\/types\/product"}],"wp:attachment":[{"href":"https:\/\/roveyayinevi.com.tr\/index.php\/wp-json\/wp\/v2\/media?parent=710813"}],"wp:term":[{"taxonomy":"product_brand","embeddable":true,"href":"https:\/\/roveyayinevi.com.tr\/index.php\/wp-json\/wp\/v2\/product_brand?post=710813"},{"taxonomy":"product_cat","embeddable":true,"href":"https:\/\/roveyayinevi.com.tr\/index.php\/wp-json\/wp\/v2\/product_cat?post=710813"},{"taxonomy":"product_tag","embeddable":true,"href":"https:\/\/roveyayinevi.com.tr\/index.php\/wp-json\/wp\/v2\/product_tag?post=710813"}],"curies":[{"name":"wp","href":"https:\/\/api.w.org\/{rel}","templated":true}]}}