{"id":710812,"date":"2025-08-27T16:39:30","date_gmt":"2025-08-27T13:39:30","guid":{"rendered":"https:\/\/roveyayinevi.com.tr\/index.php\/urun\/kendime-iyi-bakiyorum-saglikli-besleniyorum\/"},"modified":"2026-04-16T02:19:26","modified_gmt":"2026-04-15T23:19:26","slug":"kendime-iyi-bakiyorum-saglikli-besleniyorum","status":"publish","type":"product","link":"https:\/\/roveyayinevi.com.tr\/index.php\/urun\/kendime-iyi-bakiyorum-saglikli-besleniyorum\/","title":{"rendered":"Kendime \u0130yi Bak\u0131yorum &#8211; Sa\u011fl\u0131kl\u0131 Besleniyorum"},"content":{"rendered":"<p>James, Ethan\u2019\u0131n evinde kalmaya bay\u0131l\u0131yor, \u00e7\u00fcnk\u00fc Ethan\u2019\u0131n ailesi hamburger, cips gibi abur cubur yemelerine, gece at\u0131\u015ft\u0131rmal\u0131klar\u0131na ve yemeklerini televizyon kar\u015f\u0131s\u0131nda yemelerine izin veriyor. Ama James, bu kadar \u00e7ok abur cubur yedi\u011fi i\u00e7in sonunda hastalan\u0131yor. Babas\u0131n\u0131n ona dengeli beslenmenin faydalar\u0131n\u0131 anlatmas\u0131 \u00fczerine James, sa\u011fl\u0131kl\u0131 yiyecekler t\u00fcketmeye ve kendini \u00e7ok daha iyi hissetmeye ba\u015fl\u0131yor. Arkada\u015f\u0131 Ethan\u2019\u0131n da kendini iyi hissetmesini istedi\u011finden onu da sa\u011fl\u0131kl\u0131 yiyecekler yemeye ikna ediyor. Ve iki arkada\u015f sa\u011fl\u0131kl\u0131 ve dengeli beslenmenin faydalar\u0131n\u0131 birlikte ke\u015ffediyorlar. <\/p>\n","protected":false},"excerpt":{"rendered":"<p>James, Ethan\u2019\u0131n evinde kalmaya bay\u0131l\u0131yor, \u00e7\u00fcnk\u00fc Ethan\u2019\u0131n ailesi hamburger, cips gibi abur cubur yemelerine, gece at\u0131\u015ft\u0131rmal\u0131klar\u0131na ve yemeklerini televizyon kar\u015f\u0131s\u0131nda yemelerine izin veriyor. Ama James, bu<span class=\"excerpt-hellip\"> [\u2026]<\/span><\/p>\n","protected":false},"featured_media":0,"template":"","meta":{"_monsterinsights_skip_tracking":false,"_monsterinsights_sitenote_active":false,"_monsterinsights_sitenote_note":"","_monsterinsights_sitenote_category":0},"product_brand":[],"product_cat":[12312,12304],"product_tag":[],"class_list":{"0":"post-710812","1":"product","2":"type-product","3":"status-publish","5":"product_cat-diger","6":"product_cat-tarih","7":"pa_cilt-ciltsiz","8":"pa_tur-kitap","9":"pa_yayinevi-almidilli","10":"pa_yazar-liz-gogerly","12":"first","13":"instock","14":"sale","15":"shipping-taxable","16":"purchasable","17":"product-type-simple"},"_links":{"self":[{"href":"https:\/\/roveyayinevi.com.tr\/index.php\/wp-json\/wp\/v2\/product\/710812","targetHints":{"allow":["GET"]}}],"collection":[{"href":"https:\/\/roveyayinevi.com.tr\/index.php\/wp-json\/wp\/v2\/product"}],"about":[{"href":"https:\/\/roveyayinevi.com.tr\/index.php\/wp-json\/wp\/v2\/types\/product"}],"wp:attachment":[{"href":"https:\/\/roveyayinevi.com.tr\/index.php\/wp-json\/wp\/v2\/media?parent=710812"}],"wp:term":[{"taxonomy":"product_brand","embeddable":true,"href":"https:\/\/roveyayinevi.com.tr\/index.php\/wp-json\/wp\/v2\/product_brand?post=710812"},{"taxonomy":"product_cat","embeddable":true,"href":"https:\/\/roveyayinevi.com.tr\/index.php\/wp-json\/wp\/v2\/product_cat?post=710812"},{"taxonomy":"product_tag","embeddable":true,"href":"https:\/\/roveyayinevi.com.tr\/index.php\/wp-json\/wp\/v2\/product_tag?post=710812"}],"curies":[{"name":"wp","href":"https:\/\/api.w.org\/{rel}","templated":true}]}}