{"id":710811,"date":"2025-08-27T16:39:29","date_gmt":"2025-08-27T13:39:29","guid":{"rendered":"https:\/\/roveyayinevi.com.tr\/index.php\/urun\/bizim-evdeki-kedi\/"},"modified":"2026-04-03T02:24:59","modified_gmt":"2026-04-02T23:24:59","slug":"bizim-evdeki-kedi","status":"publish","type":"product","link":"https:\/\/roveyayinevi.com.tr\/index.php\/urun\/bizim-evdeki-kedi\/","title":{"rendered":"Bizim Evdeki Kedi"},"content":{"rendered":"<p>\u015eiirle ili\u015fkimiz pek \u00e7ok sebeple iyi gitmeyebilir. Okudu\u011fumuzdan anlam \u00e7\u0131karmakta zorlanabiliriz, bize \u00e7ok heyecanl\u0131 ve maceral\u0131 gelmeyebilir, k\u0131saca \u015fiiri sevmedi\u011fimizi d\u00fc\u015f\u00fcnebiliriz. Oysaki \u015fiir, konu\u015ftu\u011fumuz dilin inceliklerini kavrayabilmemiz, kendimizi etkili c\u00fcmlelerle anlatabilmemiz, etraf\u0131m\u0131zdaki ya\u015fananlara farkl\u0131 g\u00f6zlerle bakabilmemiz i\u00e7in harika bir yoldur. Bir kere sevdin mi, o tad\u0131 \u00e7ok kez yakalamak isteyeceksin. Ama bu her \u015fiir kitab\u0131yla olmaz tabii\u2026 Elindeki kitap i\u015fte seni diyar diyar gezdirecek bir \u015fiir kitab\u0131d\u0131r. Tad\u0131na varman dile\u011fiyle&#8230; \ufffcTan\u0131t\u0131m Metni<\/p>\n","protected":false},"excerpt":{"rendered":"<p>\u015eiirle ili\u015fkimiz pek \u00e7ok sebeple iyi gitmeyebilir. Okudu\u011fumuzdan anlam \u00e7\u0131karmakta zorlanabiliriz, bize \u00e7ok heyecanl\u0131 ve maceral\u0131 gelmeyebilir, k\u0131saca \u015fiiri sevmedi\u011fimizi d\u00fc\u015f\u00fcnebiliriz. Oysaki \u015fiir, konu\u015ftu\u011fumuz dilin inceliklerini<span class=\"excerpt-hellip\"> [\u2026]<\/span><\/p>\n","protected":false},"featured_media":0,"template":"","meta":{"_monsterinsights_skip_tracking":false,"_monsterinsights_sitenote_active":false,"_monsterinsights_sitenote_note":"","_monsterinsights_sitenote_category":0},"product_brand":[],"product_cat":[12274,12284],"product_tag":[],"class_list":{"0":"post-710811","1":"product","2":"type-product","3":"status-publish","5":"product_cat-cocuk-ve-genclik-kitaplari","6":"product_cat-hikayeler","7":"pa_cilt-ciltsiz","8":"pa_tur-kitap","9":"pa_yayinevi-ucan-at","10":"pa_yazar-hasan-demir","12":"first","13":"instock","14":"sale","15":"shipping-taxable","16":"purchasable","17":"product-type-simple"},"_links":{"self":[{"href":"https:\/\/roveyayinevi.com.tr\/index.php\/wp-json\/wp\/v2\/product\/710811","targetHints":{"allow":["GET"]}}],"collection":[{"href":"https:\/\/roveyayinevi.com.tr\/index.php\/wp-json\/wp\/v2\/product"}],"about":[{"href":"https:\/\/roveyayinevi.com.tr\/index.php\/wp-json\/wp\/v2\/types\/product"}],"wp:attachment":[{"href":"https:\/\/roveyayinevi.com.tr\/index.php\/wp-json\/wp\/v2\/media?parent=710811"}],"wp:term":[{"taxonomy":"product_brand","embeddable":true,"href":"https:\/\/roveyayinevi.com.tr\/index.php\/wp-json\/wp\/v2\/product_brand?post=710811"},{"taxonomy":"product_cat","embeddable":true,"href":"https:\/\/roveyayinevi.com.tr\/index.php\/wp-json\/wp\/v2\/product_cat?post=710811"},{"taxonomy":"product_tag","embeddable":true,"href":"https:\/\/roveyayinevi.com.tr\/index.php\/wp-json\/wp\/v2\/product_tag?post=710811"}],"curies":[{"name":"wp","href":"https:\/\/api.w.org\/{rel}","templated":true}]}}