{"id":710809,"date":"2025-08-27T16:39:28","date_gmt":"2025-08-27T13:39:28","guid":{"rendered":"https:\/\/roveyayinevi.com.tr\/index.php\/urun\/karanfilli-dev-amca-2\/"},"modified":"2026-04-16T02:19:26","modified_gmt":"2026-04-15T23:19:26","slug":"karanfilli-dev-amca-2","status":"publish","type":"product","link":"https:\/\/roveyayinevi.com.tr\/index.php\/urun\/karanfilli-dev-amca-2\/","title":{"rendered":"Karanfilli Dev Amca"},"content":{"rendered":"<p>Karanfilli Dev Amca kitab\u0131na bir mart\u0131n\u0131n rehberli\u011finde ayn\u0131 isimli \u00f6yk\u00fcyle a\u00e7\u0131lan kap\u0131dan giriyoruz. \u00d6nce ye\u015filli\u011fin kalmad\u0131\u011f\u0131, \u00e7irkin mi \u00e7irkin binalarla dolu bir \u015fehre yolumuz d\u00fc\u015f\u00fcyor. O da ne? O mekanik \u015fehirde bir dev ya\u015famaya ba\u015flam\u0131\u015f me\u011ferse. Bu devin \u00e7irkin binalar\u0131n aras\u0131nda kocaman, yemye\u015fil bah\u00e7eli bir evi var. Ancak b\u00fcy\u00fckler bu devden tabii ki ho\u015flanm\u0131yorlar. Sonra neler mi oluyor? Gelelim di\u011fer hik\u00e2yemize\u2026 Okombe ad\u0131nda bir \u00e7ocu\u011fun \u00fclkesinden ayr\u0131l\u0131p her \u015feyin parayla al\u0131n\u0131p sat\u0131ld\u0131\u011f\u0131; \u00e7ocuklar\u0131n okul, hayvanlar\u0131n hayvanat bah\u00e7esi, b\u00fcy\u00fcklerin i\u015fyeri gibi mek\u00e2nlara t\u0131k\u0131\u015ft\u0131r\u0131ld\u0131\u011f\u0131 bir \u00fclkeye gelmesini anlat\u0131yor. Okombe i\u00e7in bunlar \u00e7ok tuhaf, \u00e7\u00fcnk\u00fc kendi \u00fclkesinde b\u00f6yle \u015feyler yoktu. Onun \u00fclkesi nas\u0131l m\u0131yd\u0131? \u00c7ok de\u011fi\u015fik olmal\u0131. Kente Bahar Han\u0131m Geldi hik\u00e2yesinde; G\u00fcne\u015f\u2019in kendini g\u00f6stermedi\u011fi, bahar\u0131n ne demek oldu\u011funun unutuldu\u011fu, mutsuz insanlar\u0131n ya\u015fad\u0131\u011f\u0131 bir \u015fehirde \u201cbahar\u201d\u0131 arayan bir \u00e7ocu\u011fun umudunu okuyoruz. O bahar buraya gelecek! Yoksa neler mi olur? \u0130\u015fte bu \u00fc\u00e7 hik\u00e2yenin hepsi Karanfilli Dev Amca adl\u0131 fantastik romanda\u2026 Hepsinde ya\u015fad\u0131\u011f\u0131n \u00e7evreden bir \u015feyler bulaca\u011f\u0131na eminiz. \ufffcTan\u0131t\u0131m Metni<\/p>\n","protected":false},"excerpt":{"rendered":"<p>Karanfilli Dev Amca kitab\u0131na bir mart\u0131n\u0131n rehberli\u011finde ayn\u0131 isimli \u00f6yk\u00fcyle a\u00e7\u0131lan kap\u0131dan giriyoruz. \u00d6nce ye\u015filli\u011fin kalmad\u0131\u011f\u0131, \u00e7irkin mi \u00e7irkin binalarla dolu bir \u015fehre yolumuz d\u00fc\u015f\u00fcyor. O<span class=\"excerpt-hellip\"> [\u2026]<\/span><\/p>\n","protected":false},"featured_media":0,"template":"","meta":{"_monsterinsights_skip_tracking":false,"_monsterinsights_sitenote_active":false,"_monsterinsights_sitenote_note":"","_monsterinsights_sitenote_category":0},"product_brand":[],"product_cat":[12291,14777],"product_tag":[],"class_list":{"0":"post-710809","1":"product","2":"type-product","3":"status-publish","5":"product_cat-edebiyat","6":"product_cat-fantastik","7":"pa_cilt-ciltsiz","8":"pa_tur-kitap","9":"pa_yayinevi-ucan-at","10":"pa_yazar-ahmethan-yilmaz","12":"first","13":"instock","14":"sale","15":"shipping-taxable","16":"purchasable","17":"product-type-simple"},"_links":{"self":[{"href":"https:\/\/roveyayinevi.com.tr\/index.php\/wp-json\/wp\/v2\/product\/710809","targetHints":{"allow":["GET"]}}],"collection":[{"href":"https:\/\/roveyayinevi.com.tr\/index.php\/wp-json\/wp\/v2\/product"}],"about":[{"href":"https:\/\/roveyayinevi.com.tr\/index.php\/wp-json\/wp\/v2\/types\/product"}],"wp:attachment":[{"href":"https:\/\/roveyayinevi.com.tr\/index.php\/wp-json\/wp\/v2\/media?parent=710809"}],"wp:term":[{"taxonomy":"product_brand","embeddable":true,"href":"https:\/\/roveyayinevi.com.tr\/index.php\/wp-json\/wp\/v2\/product_brand?post=710809"},{"taxonomy":"product_cat","embeddable":true,"href":"https:\/\/roveyayinevi.com.tr\/index.php\/wp-json\/wp\/v2\/product_cat?post=710809"},{"taxonomy":"product_tag","embeddable":true,"href":"https:\/\/roveyayinevi.com.tr\/index.php\/wp-json\/wp\/v2\/product_tag?post=710809"}],"curies":[{"name":"wp","href":"https:\/\/api.w.org\/{rel}","templated":true}]}}