{"id":710807,"date":"2025-08-27T16:39:27","date_gmt":"2025-08-27T13:39:27","guid":{"rendered":"https:\/\/roveyayinevi.com.tr\/index.php\/urun\/define-kan-damlasi\/"},"modified":"2026-04-08T02:25:13","modified_gmt":"2026-04-07T23:25:13","slug":"define-kan-damlasi","status":"publish","type":"product","link":"https:\/\/roveyayinevi.com.tr\/index.php\/urun\/define-kan-damlasi\/","title":{"rendered":"Define Kan Damlas\u0131"},"content":{"rendered":"<p>Define roman\u0131 kahraman\u0131 \u015eakir Feyzi macera d\u00fc\u015fk\u00fcn\u00fc, Arsen L\u00fcpen ve Sherlock Holmes\u2019e hayran biridir. Abd\u00fcssamed Pa\u015fa\u2019n\u0131n servetine g\u00f6z diken Raci Bey, pa\u015fan\u0131n k\u0131z\u0131 Hadiye\u2019yi kand\u0131rm\u0131\u015f ve onunla Paris\u2019e ka\u00e7m\u0131\u015ft\u0131r. \u015eakir Feyzi defineyi bulmak i\u00e7in \u0130stanbul\u2019a gelir. Tehlikeli ve tuhaf olaylar ya\u015fayan \u015eakir Feyzi, olaylar\u0131 \u00e7\u00f6zmek i\u00e7in s\u0131k s\u0131k zek\u00e2s\u0131n\u0131 kullanmak zorunda kal\u0131r. <\/p>\n","protected":false},"excerpt":{"rendered":"<p>Define roman\u0131 kahraman\u0131 \u015eakir Feyzi macera d\u00fc\u015fk\u00fcn\u00fc, Arsen L\u00fcpen ve Sherlock Holmes\u2019e hayran biridir. Abd\u00fcssamed Pa\u015fa\u2019n\u0131n servetine g\u00f6z diken Raci Bey, pa\u015fan\u0131n k\u0131z\u0131 Hadiye\u2019yi kand\u0131rm\u0131\u015f ve<span class=\"excerpt-hellip\"> [\u2026]<\/span><\/p>\n","protected":false},"featured_media":0,"template":"","meta":{"_monsterinsights_skip_tracking":false,"_monsterinsights_sitenote_active":false,"_monsterinsights_sitenote_note":"","_monsterinsights_sitenote_category":0},"product_brand":[],"product_cat":[12291,12711],"product_tag":[],"class_list":{"0":"post-710807","1":"product","2":"type-product","3":"status-publish","5":"product_cat-edebiyat","6":"product_cat-roman-oyku","7":"pa_cilt-ciltsiz","8":"pa_tur-kitap","9":"pa_yayinevi-bilge-kultur-sanat","10":"pa_yazar-mehmet-rauf","12":"first","13":"instock","14":"sale","15":"shipping-taxable","16":"purchasable","17":"product-type-simple"},"_links":{"self":[{"href":"https:\/\/roveyayinevi.com.tr\/index.php\/wp-json\/wp\/v2\/product\/710807","targetHints":{"allow":["GET"]}}],"collection":[{"href":"https:\/\/roveyayinevi.com.tr\/index.php\/wp-json\/wp\/v2\/product"}],"about":[{"href":"https:\/\/roveyayinevi.com.tr\/index.php\/wp-json\/wp\/v2\/types\/product"}],"wp:attachment":[{"href":"https:\/\/roveyayinevi.com.tr\/index.php\/wp-json\/wp\/v2\/media?parent=710807"}],"wp:term":[{"taxonomy":"product_brand","embeddable":true,"href":"https:\/\/roveyayinevi.com.tr\/index.php\/wp-json\/wp\/v2\/product_brand?post=710807"},{"taxonomy":"product_cat","embeddable":true,"href":"https:\/\/roveyayinevi.com.tr\/index.php\/wp-json\/wp\/v2\/product_cat?post=710807"},{"taxonomy":"product_tag","embeddable":true,"href":"https:\/\/roveyayinevi.com.tr\/index.php\/wp-json\/wp\/v2\/product_tag?post=710807"}],"curies":[{"name":"wp","href":"https:\/\/api.w.org\/{rel}","templated":true}]}}