{"id":710806,"date":"2025-08-27T16:39:26","date_gmt":"2025-08-27T13:39:26","guid":{"rendered":"https:\/\/roveyayinevi.com.tr\/index.php\/urun\/egitimsel-ve-sosyal-duygusal-bakis-acilariyla-ustun-yetenekli-cocuklar\/"},"modified":"2026-04-16T02:19:26","modified_gmt":"2026-04-15T23:19:26","slug":"egitimsel-ve-sosyal-duygusal-bakis-acilariyla-ustun-yetenekli-cocuklar","status":"publish","type":"product","link":"https:\/\/roveyayinevi.com.tr\/index.php\/urun\/egitimsel-ve-sosyal-duygusal-bakis-acilariyla-ustun-yetenekli-cocuklar\/","title":{"rendered":"E\u011fitimsel Ve Sosyal-Duygusal Bak\u0131\u015f A\u00e7\u0131lar\u0131yla \u00dcst\u00fcn Yetenekli \u00c7ocuklar"},"content":{"rendered":"<p>\u00dcst\u00fcn Yetenekli \u00c7ocuklar toplumun \u00fcst %2\u2019lik dilimine kar\u015f\u0131l\u0131k gelen bir gruptur. \u00dclkemizin n\u00fcfusu g\u00f6z \u00f6n\u00fcne al\u0131nacak olursa bu dilimin az\u0131msanmayacak bir kar\u015f\u0131l\u0131\u011f\u0131 oldu\u011fu ortaya \u00e7\u0131kmaktad\u0131r. Bu \u00e7ocuklar\u0131n tipik geli\u015fim g\u00f6steren \u00e7ocuklardan farkl\u0131 oldu\u011fu ger\u00e7e\u011finden hareketle, \u00e7ocukla \u00e7al\u0131\u015fan, \u00e7ocukla birlikte olan, u\u011fra\u015f\u0131 \u00e7ocuk olan herkesin bu konuda bilgi sahibi olmas\u0131n\u0131n bir gereklilik oldu\u011fu anla\u015f\u0131lmaktad\u0131r. Her ge\u00e7en g\u00fcn, alana ili\u015fkin yeni bak\u0131\u015f a\u00e7\u0131lar\u0131 geli\u015fmekte, farkl\u0131 uygulamalara, yeni bilgilere ihtiya\u00e7 duyulmaktad\u0131r. \u0130\u015fte elinizdeki kitap bu ihtiyaca cevap vermek amac\u0131yla yaz\u0131lm\u0131\u015ft\u0131r. Bu kitapla, okul \u00f6ncesi, ilk\u00f6\u011fretim ve orta \u00f6\u011fretim kademesinde \u00fcst\u00fcn yetenekli \u00e7ocuklar\u0131n e\u011fitim s\u00fcreci i\u00e7erisinde yer alan profesyonellere katk\u0131 sunulmas\u0131 ama\u00e7lanm\u0131\u015ft\u0131r. Bununla birlikte, kitap \u00fcst\u00fcn yetenekli \u00e7ocu\u011fa sahip olan ailelere ve \u00e7ocuklara katk\u0131 sunan herkese rehberlik edebilecektir.Faydal\u0131 olabilmek dile\u011fiyle\u2026 <\/p>\n","protected":false},"excerpt":{"rendered":"<p>\u00dcst\u00fcn Yetenekli \u00c7ocuklar toplumun \u00fcst %2\u2019lik dilimine kar\u015f\u0131l\u0131k gelen bir gruptur. \u00dclkemizin n\u00fcfusu g\u00f6z \u00f6n\u00fcne al\u0131nacak olursa bu dilimin az\u0131msanmayacak bir kar\u015f\u0131l\u0131\u011f\u0131 oldu\u011fu ortaya \u00e7\u0131kmaktad\u0131r. Bu<span class=\"excerpt-hellip\"> [\u2026]<\/span><\/p>\n","protected":false},"featured_media":0,"template":"","meta":{"_monsterinsights_skip_tracking":false,"_monsterinsights_sitenote_active":false,"_monsterinsights_sitenote_note":"","_monsterinsights_sitenote_category":0},"product_brand":[],"product_cat":[12573,12566],"product_tag":[],"class_list":{"0":"post-710806","1":"product","2":"type-product","3":"status-publish","5":"product_cat-akademik-kitaplar","6":"product_cat-egitim","7":"pa_cilt-ciltsiz","8":"pa_tur-kitap","9":"pa_yayinevi-ani-yayincilik","10":"pa_yazar-cagla-gur","12":"first","13":"instock","14":"sale","15":"shipping-taxable","16":"purchasable","17":"product-type-simple"},"_links":{"self":[{"href":"https:\/\/roveyayinevi.com.tr\/index.php\/wp-json\/wp\/v2\/product\/710806","targetHints":{"allow":["GET"]}}],"collection":[{"href":"https:\/\/roveyayinevi.com.tr\/index.php\/wp-json\/wp\/v2\/product"}],"about":[{"href":"https:\/\/roveyayinevi.com.tr\/index.php\/wp-json\/wp\/v2\/types\/product"}],"wp:attachment":[{"href":"https:\/\/roveyayinevi.com.tr\/index.php\/wp-json\/wp\/v2\/media?parent=710806"}],"wp:term":[{"taxonomy":"product_brand","embeddable":true,"href":"https:\/\/roveyayinevi.com.tr\/index.php\/wp-json\/wp\/v2\/product_brand?post=710806"},{"taxonomy":"product_cat","embeddable":true,"href":"https:\/\/roveyayinevi.com.tr\/index.php\/wp-json\/wp\/v2\/product_cat?post=710806"},{"taxonomy":"product_tag","embeddable":true,"href":"https:\/\/roveyayinevi.com.tr\/index.php\/wp-json\/wp\/v2\/product_tag?post=710806"}],"curies":[{"name":"wp","href":"https:\/\/api.w.org\/{rel}","templated":true}]}}