{"id":710804,"date":"2025-08-27T16:39:25","date_gmt":"2025-08-27T13:39:25","guid":{"rendered":"https:\/\/roveyayinevi.com.tr\/index.php\/urun\/efsusa-yolculuk\/"},"modified":"2026-04-16T02:19:26","modified_gmt":"2026-04-15T23:19:26","slug":"efsusa-yolculuk","status":"publish","type":"product","link":"https:\/\/roveyayinevi.com.tr\/index.php\/urun\/efsusa-yolculuk\/","title":{"rendered":"Efsus&#8217;a Yolculuk"},"content":{"rendered":"<p>Y\u00fccel Kay\u0131ran y\u0131llard\u0131r yazd\u0131\u011f\u0131 koyu, karanl\u0131k, yad\u0131rgat\u0131c\u0131 ve giderek trajik \u201ci\u00e7 d\u00fcnya\u201d \u015fiirini s\u00fcrd\u00fcr\u00fcyor. Bu kez tek ve yekpare! \ufffcTan\u0131t\u0131m Metni<\/p>\n","protected":false},"excerpt":{"rendered":"<p>Y\u00fccel Kay\u0131ran y\u0131llard\u0131r yazd\u0131\u011f\u0131 koyu, karanl\u0131k, yad\u0131rgat\u0131c\u0131 ve giderek trajik \u201ci\u00e7 d\u00fcnya\u201d \u015fiirini s\u00fcrd\u00fcr\u00fcyor. Bu kez tek ve yekpare! \ufffcTan\u0131t\u0131m Metni<\/p>\n","protected":false},"featured_media":0,"template":"","meta":{"_monsterinsights_skip_tracking":false,"_monsterinsights_sitenote_active":false,"_monsterinsights_sitenote_note":"","_monsterinsights_sitenote_category":0},"product_brand":[],"product_cat":[12291,12509],"product_tag":[],"class_list":{"0":"post-710804","1":"product","2":"type-product","3":"status-publish","5":"product_cat-edebiyat","6":"product_cat-siir","7":"pa_cilt-ciltsiz","8":"pa_tur-kitap","9":"pa_yayinevi-metis-yayinlari","10":"pa_yazar-yucel-kayiran","12":"first","13":"instock","14":"sale","15":"shipping-taxable","16":"purchasable","17":"product-type-simple"},"_links":{"self":[{"href":"https:\/\/roveyayinevi.com.tr\/index.php\/wp-json\/wp\/v2\/product\/710804","targetHints":{"allow":["GET"]}}],"collection":[{"href":"https:\/\/roveyayinevi.com.tr\/index.php\/wp-json\/wp\/v2\/product"}],"about":[{"href":"https:\/\/roveyayinevi.com.tr\/index.php\/wp-json\/wp\/v2\/types\/product"}],"wp:attachment":[{"href":"https:\/\/roveyayinevi.com.tr\/index.php\/wp-json\/wp\/v2\/media?parent=710804"}],"wp:term":[{"taxonomy":"product_brand","embeddable":true,"href":"https:\/\/roveyayinevi.com.tr\/index.php\/wp-json\/wp\/v2\/product_brand?post=710804"},{"taxonomy":"product_cat","embeddable":true,"href":"https:\/\/roveyayinevi.com.tr\/index.php\/wp-json\/wp\/v2\/product_cat?post=710804"},{"taxonomy":"product_tag","embeddable":true,"href":"https:\/\/roveyayinevi.com.tr\/index.php\/wp-json\/wp\/v2\/product_tag?post=710804"}],"curies":[{"name":"wp","href":"https:\/\/api.w.org\/{rel}","templated":true}]}}