{"id":710803,"date":"2025-08-27T16:39:24","date_gmt":"2025-08-27T13:39:24","guid":{"rendered":"https:\/\/roveyayinevi.com.tr\/index.php\/urun\/golgebukucu-ciltli\/"},"modified":"2026-04-16T02:19:26","modified_gmt":"2026-04-15T23:19:26","slug":"golgebukucu-ciltli","status":"publish","type":"product","link":"https:\/\/roveyayinevi.com.tr\/index.php\/urun\/golgebukucu-ciltli\/","title":{"rendered":"G\u00f6lgeb\u00fck\u00fcc\u00fc (Ciltli)"},"content":{"rendered":"<p>Sierra Santiago resim yap\u0131p arkada\u015flar\u0131yla tak\u0131larak sakin bir yaz ge\u00e7irmeyi planlam\u0131\u015ft\u0131. Ne var ki y\u0131l\u0131n ilk partisini tuhaf bir ceset basm\u0131\u015f ve yatalak b\u00fcy\u00fckbabas\u0131 ondan tekrar tekrar \u00f6z\u00fcr dilemeye ba\u015flam\u0131\u015ft\u0131. \u00dcstelik mahallesindeki duvar resimlerinin a\u011flad\u0131\u011f\u0131n\u0131 g\u00f6rd\u00fc\u011f\u00fcnde, s\u0131radan Brooklyn kavga g\u00fcr\u00fclt\u00fcs\u00fcnden ba\u015fka \u015feylerin d\u00f6nd\u00fc\u011f\u00fc anlam\u0131\u015ft\u0131. \ufffcTan\u0131t\u0131m Metni<\/p>\n","protected":false},"excerpt":{"rendered":"<p>Sierra Santiago resim yap\u0131p arkada\u015flar\u0131yla tak\u0131larak sakin bir yaz ge\u00e7irmeyi planlam\u0131\u015ft\u0131. Ne var ki y\u0131l\u0131n ilk partisini tuhaf bir ceset basm\u0131\u015f ve yatalak b\u00fcy\u00fckbabas\u0131 ondan tekrar<span class=\"excerpt-hellip\"> [\u2026]<\/span><\/p>\n","protected":false},"featured_media":0,"template":"","meta":{"_monsterinsights_skip_tracking":false,"_monsterinsights_sitenote_active":false,"_monsterinsights_sitenote_note":"","_monsterinsights_sitenote_category":0},"product_brand":[],"product_cat":[12291,14777],"product_tag":[],"class_list":{"0":"post-710803","1":"product","2":"type-product","3":"status-publish","5":"product_cat-edebiyat","6":"product_cat-fantastik","7":"pa_cilt-ciltli","8":"pa_tur-kitap","9":"pa_yayinevi-yabanci-yayinevi","10":"pa_yazar-daniel-jose-older","12":"first","13":"instock","14":"sale","15":"shipping-taxable","16":"purchasable","17":"product-type-simple"},"_links":{"self":[{"href":"https:\/\/roveyayinevi.com.tr\/index.php\/wp-json\/wp\/v2\/product\/710803","targetHints":{"allow":["GET"]}}],"collection":[{"href":"https:\/\/roveyayinevi.com.tr\/index.php\/wp-json\/wp\/v2\/product"}],"about":[{"href":"https:\/\/roveyayinevi.com.tr\/index.php\/wp-json\/wp\/v2\/types\/product"}],"wp:attachment":[{"href":"https:\/\/roveyayinevi.com.tr\/index.php\/wp-json\/wp\/v2\/media?parent=710803"}],"wp:term":[{"taxonomy":"product_brand","embeddable":true,"href":"https:\/\/roveyayinevi.com.tr\/index.php\/wp-json\/wp\/v2\/product_brand?post=710803"},{"taxonomy":"product_cat","embeddable":true,"href":"https:\/\/roveyayinevi.com.tr\/index.php\/wp-json\/wp\/v2\/product_cat?post=710803"},{"taxonomy":"product_tag","embeddable":true,"href":"https:\/\/roveyayinevi.com.tr\/index.php\/wp-json\/wp\/v2\/product_tag?post=710803"}],"curies":[{"name":"wp","href":"https:\/\/api.w.org\/{rel}","templated":true}]}}