{"id":710799,"date":"2025-08-27T16:39:22","date_gmt":"2025-08-27T13:39:22","guid":{"rendered":"https:\/\/roveyayinevi.com.tr\/index.php\/urun\/sosyal-hizmeti-yeniden-dusunmek\/"},"modified":"2026-04-16T02:19:25","modified_gmt":"2026-04-15T23:19:25","slug":"sosyal-hizmeti-yeniden-dusunmek","status":"publish","type":"product","link":"https:\/\/roveyayinevi.com.tr\/index.php\/urun\/sosyal-hizmeti-yeniden-dusunmek\/","title":{"rendered":"Sosyal Hizmeti Yeniden D\u00fc\u015f\u00fcnmek"},"content":{"rendered":"<p>Son y\u0131llarda, T\u00fcrk\u00e7eye terc\u00fcme edilen sosyal \u00e7al\u0131\u015fma kitaplar\u0131n\u0131n say\u0131s\u0131ndaki art\u0131\u015fla birlikte yay\u0131n ihtiyac\u0131n\u0131n kar\u015f\u0131land\u0131\u011f\u0131na dair d\u00fc\u015f\u00fcnceler geli\u015fmi\u015f olsa da, bu konudaki temel gereksinimlerin yerel, k\u00fclt\u00fcrel ve ele\u015ftirel bilgiyi temel alan \u00f6zg\u00fcn \u00e7al\u0131\u015fmalar ile kar\u015f\u0131lanabilece\u011fi a\u015fik\u00e2rd\u0131r. Ku\u015fkusuz, bu noktada, sosyal \u00e7al\u0131\u015fmay\u0131 ortaya koyan, \u00f6\u011freten ve temsil eden kaynaklar\u0131n yerel dokuya, yerel \u00f6zelliklere ve yerel bilgiye duyarl\u0131 bi\u00e7imlerde olu\u015fturulmas\u0131 akademik ve mesleki temel bir gereksinimdir. Sosyal \u00e7al\u0131\u015fma alan\u0131nda, yerel bilgiyi i\u00e7eren ve \u00f6zg\u00fcn nitelikteki yay\u0131nlara duyulan ihtiya\u00e7, bu kitab\u0131n olu\u015fturulma fikrine ve sizlere ula\u015fmas\u0131na vesile olmu\u015ftur. \ufffcTan\u0131t\u0131m Metni<\/p>\n","protected":false},"excerpt":{"rendered":"<p>Son y\u0131llarda, T\u00fcrk\u00e7eye terc\u00fcme edilen sosyal \u00e7al\u0131\u015fma kitaplar\u0131n\u0131n say\u0131s\u0131ndaki art\u0131\u015fla birlikte yay\u0131n ihtiyac\u0131n\u0131n kar\u015f\u0131land\u0131\u011f\u0131na dair d\u00fc\u015f\u00fcnceler geli\u015fmi\u015f olsa da, bu konudaki temel gereksinimlerin yerel, k\u00fclt\u00fcrel ve<span class=\"excerpt-hellip\"> [\u2026]<\/span><\/p>\n","protected":false},"featured_media":0,"template":"","meta":{"_monsterinsights_skip_tracking":false,"_monsterinsights_sitenote_active":false,"_monsterinsights_sitenote_note":"","_monsterinsights_sitenote_category":0},"product_brand":[],"product_cat":[14841,13043],"product_tag":[],"class_list":{"0":"post-710799","1":"product","2":"type-product","3":"status-publish","5":"product_cat-arastirma-inceleme-kuram","6":"product_cat-ekonomi","7":"pa_cilt-ciltsiz","8":"pa_tur-kitap","9":"pa_yayinevi-nika-yayinevi","10":"pa_yazar-tahir-emre-gencer-ibrahim-cilga","12":"first","13":"instock","14":"sale","15":"shipping-taxable","16":"purchasable","17":"product-type-simple"},"_links":{"self":[{"href":"https:\/\/roveyayinevi.com.tr\/index.php\/wp-json\/wp\/v2\/product\/710799","targetHints":{"allow":["GET"]}}],"collection":[{"href":"https:\/\/roveyayinevi.com.tr\/index.php\/wp-json\/wp\/v2\/product"}],"about":[{"href":"https:\/\/roveyayinevi.com.tr\/index.php\/wp-json\/wp\/v2\/types\/product"}],"wp:attachment":[{"href":"https:\/\/roveyayinevi.com.tr\/index.php\/wp-json\/wp\/v2\/media?parent=710799"}],"wp:term":[{"taxonomy":"product_brand","embeddable":true,"href":"https:\/\/roveyayinevi.com.tr\/index.php\/wp-json\/wp\/v2\/product_brand?post=710799"},{"taxonomy":"product_cat","embeddable":true,"href":"https:\/\/roveyayinevi.com.tr\/index.php\/wp-json\/wp\/v2\/product_cat?post=710799"},{"taxonomy":"product_tag","embeddable":true,"href":"https:\/\/roveyayinevi.com.tr\/index.php\/wp-json\/wp\/v2\/product_tag?post=710799"}],"curies":[{"name":"wp","href":"https:\/\/api.w.org\/{rel}","templated":true}]}}