{"id":710796,"date":"2025-08-27T16:39:21","date_gmt":"2025-08-27T13:39:21","guid":{"rendered":"https:\/\/roveyayinevi.com.tr\/index.php\/urun\/toplumsal-siniflar-turkiye-devrimi-ve-sosyalizm\/"},"modified":"2026-04-16T02:19:25","modified_gmt":"2026-04-15T23:19:25","slug":"toplumsal-siniflar-turkiye-devrimi-ve-sosyalizm","status":"publish","type":"product","link":"https:\/\/roveyayinevi.com.tr\/index.php\/urun\/toplumsal-siniflar-turkiye-devrimi-ve-sosyalizm\/","title":{"rendered":"Toplumsal S\u0131n\u0131flar, T\u00fcrkiye Devrimi ve Sosyalizm"},"content":{"rendered":"<p>T\u00fcrkiye\u2019de Sosyalist D\u00fc\u015f\u00fcncenin Klasikleri dizisinin ikinci kitab\u0131olan Toplumsal S\u0131n\u0131flar, T\u00fcrkiye Devrimi ve Sosyalizm, T\u00fcrkiye\u2019de kom\u00fcnist hareketin kurucular\u0131ndan \u015eefik H\u00fcsn\u00fc\u2019n\u00fcn, T\u00fcrkiye\u2019de Marksist d\u00fc\u015f\u00fcncenin temellerini atan Ayd\u0131nl\u0131k dergisindeki yaz\u0131lar\u0131n\u0131n tematik bir derlemesidir. \ufffcTan\u0131t\u0131m Metni<\/p>\n","protected":false},"excerpt":{"rendered":"<p>T\u00fcrkiye\u2019de Sosyalist D\u00fc\u015f\u00fcncenin Klasikleri dizisinin ikinci kitab\u0131olan Toplumsal S\u0131n\u0131flar, T\u00fcrkiye Devrimi ve Sosyalizm, T\u00fcrkiye\u2019de kom\u00fcnist hareketin kurucular\u0131ndan \u015eefik H\u00fcsn\u00fc\u2019n\u00fcn, T\u00fcrkiye\u2019de Marksist d\u00fc\u015f\u00fcncenin temellerini atan Ayd\u0131nl\u0131k dergisindeki<span class=\"excerpt-hellip\"> [\u2026]<\/span><\/p>\n","protected":false},"featured_media":0,"template":"","meta":{"_monsterinsights_skip_tracking":false,"_monsterinsights_sitenote_active":false,"_monsterinsights_sitenote_note":"","_monsterinsights_sitenote_category":0},"product_brand":[],"product_cat":[16098,12337],"product_tag":[],"class_list":{"0":"post-710796","1":"product","2":"type-product","3":"status-publish","5":"product_cat-politik-akimlar-hareketler","6":"product_cat-politika-siyaset","7":"pa_cilt-ciltsiz","8":"pa_tur-kitap","9":"pa_yayinevi-yordam-kitap","10":"pa_yazar-sefik-husnu","12":"first","13":"instock","14":"sale","15":"shipping-taxable","16":"purchasable","17":"product-type-simple"},"_links":{"self":[{"href":"https:\/\/roveyayinevi.com.tr\/index.php\/wp-json\/wp\/v2\/product\/710796","targetHints":{"allow":["GET"]}}],"collection":[{"href":"https:\/\/roveyayinevi.com.tr\/index.php\/wp-json\/wp\/v2\/product"}],"about":[{"href":"https:\/\/roveyayinevi.com.tr\/index.php\/wp-json\/wp\/v2\/types\/product"}],"wp:attachment":[{"href":"https:\/\/roveyayinevi.com.tr\/index.php\/wp-json\/wp\/v2\/media?parent=710796"}],"wp:term":[{"taxonomy":"product_brand","embeddable":true,"href":"https:\/\/roveyayinevi.com.tr\/index.php\/wp-json\/wp\/v2\/product_brand?post=710796"},{"taxonomy":"product_cat","embeddable":true,"href":"https:\/\/roveyayinevi.com.tr\/index.php\/wp-json\/wp\/v2\/product_cat?post=710796"},{"taxonomy":"product_tag","embeddable":true,"href":"https:\/\/roveyayinevi.com.tr\/index.php\/wp-json\/wp\/v2\/product_tag?post=710796"}],"curies":[{"name":"wp","href":"https:\/\/api.w.org\/{rel}","templated":true}]}}