{"id":710794,"date":"2025-08-27T16:39:20","date_gmt":"2025-08-27T13:39:20","guid":{"rendered":"https:\/\/roveyayinevi.com.tr\/index.php\/urun\/delikanli-4\/"},"modified":"2026-04-08T02:25:13","modified_gmt":"2026-04-07T23:25:13","slug":"delikanli-4","status":"publish","type":"product","link":"https:\/\/roveyayinevi.com.tr\/index.php\/urun\/delikanli-4\/","title":{"rendered":"Delikanl\u0131"},"content":{"rendered":"<p>J\u00fcpiter\u2019in silah\u0131 y\u0131ld\u0131r\u0131mlard\u0131r, ama \u00f6yleyken o ne yap\u0131yor, rahat duruyor. G\u00f6k g\u00fcr\u00fclt\u00fcs\u00fcn\u00fc u\u011fuldatt\u0131\u011f\u0131 s\u0131k s\u0131k i\u015fitilmez; \u00f6yle ki aptal biri J\u00fcpiter\u2019in uykuda oldu\u011funu san\u0131r. Oysa J\u00fcpiter\u2019in yerine bir edebiyat\u00e7\u0131y\u0131 ya da bir k\u00f6yl\u00fc kad\u0131n\u0131n\u0131 oturtun, bak\u0131n g\u00f6k nas\u0131l g\u00fcrl\u00fcyor! Delikanl\u0131, di\u011fer Dostoyevski eserleriyle benzer izleklerin pe\u015fine d\u00fc\u015fen,Dostoyevski anlat\u0131s\u0131n\u0131n temel motiflerini i\u00e7eren tipik bir Dostoyevski roman\u0131 olman\u0131n yan\u0131 s\u0131ra, derdi ve s\u00f6z\u00fc ba\u015fka, \u00f6zg\u00fcn bir anlat\u0131 olma \u00f6zelli\u011findedir. Gen\u00e7li\u011fi ve safl\u0131\u011f\u0131yla Budala\u2019n\u0131n Prens Mi\u015fkin\u2019ini hat\u0131rlatan, kolayl\u0131kla Yeralt\u0131ndan Notlar\u2019\u0131n k\u0131rkl\u0131 ya\u015flar\u0131ndaki kahraman\u0131yla ba\u011f\u0131 kurulabilecek ArkadiyDolgorukiy\u2019i, onlarla benzer d\u00fc\u015f\u00fcnce ve \u00e7eli\u015fkiler aras\u0131nda, yak\u0131ndan tan\u0131ma olana\u011f\u0131 buluyoruz. Art\u0131k bir \u00e7ocuk de\u011fil belki ama hen\u00fcz bir yeti\u015fkin de olmayan ArkadiyDolgorukiy\u2019in, irin gibi ta\u015f\u0131d\u0131\u011f\u0131 \u00e7ocukluk \u00f6fkesi ve delikanl\u0131l\u0131k heyecan\u0131yla att\u0131\u011f\u0131 ad\u0131mlar\u0131 izlerken, bir Dostoyevski anlat\u0131s\u0131ndan beklemedi\u011fimiz \u015fekilde, \u015fefkat duygusuna kap\u0131l\u0131yoruz. Belki ba\u015fka hi\u00e7bir eserinde kahraman\u0131 i\u00e7in bu denli yo\u011fun bir \u015fefkat talebi olmayan Dostoyevski, bir a\u00e7\u0131dan, ArkadiyDolgorukiy karakteri nezdinde ge\u00e7mi\u015f t\u00fcm roman kahramanlar\u0131n\u0131 anlamam\u0131z\u0131 sa\u011flamaya \u00e7al\u0131\u015f\u0131yor gibidir. Dostoyevski, Arkadiy \u00fczerinden, karma\u015fan\u0131n h\u00fck\u00fcm s\u00fcrd\u00fc\u011f\u00fc, ahlaki temelleri sars\u0131lm\u0131\u015f, iyi ile k\u00f6t\u00fc aras\u0131ndaki s\u0131n\u0131r\u0131 belirsizle\u015fen Rus toplumsal ya\u015fant\u0131s\u0131na a\u00e7\u0131k bir ele\u015ftiri yapmaktad\u0131r. Arkadiy bir yandan gelene\u011fin simgesi MakarDolgorukiy\u2019e hayranl\u0131k duyar, di\u011fer yandan bir entelekt\u00fcel olan Versilov\u2019a \u00f6yk\u00fcn\u00fcrken; Rusya i\u00e7in iki gelecek timsali \u00e7iziliyor gibidir \u00f6n\u00fcm\u00fczde. Ama Dostoyevski, Arkadiy\u2019e ya\u015fatt\u0131klar\u0131yla, Rusya\u2019n\u0131n gelece\u011fini bamba\u015fka bir \u015feyin \u015fekillendirece\u011fini g\u00f6rd\u00fc\u011f\u00fcn\u00fc s\u00f6yleyecektir. Unutulmaz Versilov karakteri ve \u00e7er\u00e7evesi \u00e7izilen baba-o\u011ful ili\u015fkisi ile Delikanl\u0131, KaramazovKarde\u015fler\u2019in de m\u00fcjdecisi gibidir&#8230; Klasik edebiyat tutkunlar\u0131 i\u00e7in, Leyla Soykut T\u00fcrk\u00e7esiyle\u2026 <\/p>\n","protected":false},"excerpt":{"rendered":"<p>J\u00fcpiter\u2019in silah\u0131 y\u0131ld\u0131r\u0131mlard\u0131r, ama \u00f6yleyken o ne yap\u0131yor, rahat duruyor. G\u00f6k g\u00fcr\u00fclt\u00fcs\u00fcn\u00fc u\u011fuldatt\u0131\u011f\u0131 s\u0131k s\u0131k i\u015fitilmez; \u00f6yle ki aptal biri J\u00fcpiter\u2019in uykuda oldu\u011funu san\u0131r. Oysa J\u00fcpiter\u2019in<span class=\"excerpt-hellip\"> [\u2026]<\/span><\/p>\n","protected":false},"featured_media":0,"template":"","meta":{"_monsterinsights_skip_tracking":false,"_monsterinsights_sitenote_active":false,"_monsterinsights_sitenote_note":"","_monsterinsights_sitenote_category":0},"product_brand":[],"product_cat":[12291,12711],"product_tag":[],"class_list":{"0":"post-710794","1":"product","2":"type-product","3":"status-publish","5":"product_cat-edebiyat","6":"product_cat-roman-oyku","7":"pa_cilt-ciltsiz","8":"pa_tur-kitap","9":"pa_yayinevi-yordam-kitap","10":"pa_yazar-fyodor-mihaylovic-dostoyevski","12":"first","13":"instock","14":"sale","15":"shipping-taxable","16":"purchasable","17":"product-type-simple"},"_links":{"self":[{"href":"https:\/\/roveyayinevi.com.tr\/index.php\/wp-json\/wp\/v2\/product\/710794","targetHints":{"allow":["GET"]}}],"collection":[{"href":"https:\/\/roveyayinevi.com.tr\/index.php\/wp-json\/wp\/v2\/product"}],"about":[{"href":"https:\/\/roveyayinevi.com.tr\/index.php\/wp-json\/wp\/v2\/types\/product"}],"wp:attachment":[{"href":"https:\/\/roveyayinevi.com.tr\/index.php\/wp-json\/wp\/v2\/media?parent=710794"}],"wp:term":[{"taxonomy":"product_brand","embeddable":true,"href":"https:\/\/roveyayinevi.com.tr\/index.php\/wp-json\/wp\/v2\/product_brand?post=710794"},{"taxonomy":"product_cat","embeddable":true,"href":"https:\/\/roveyayinevi.com.tr\/index.php\/wp-json\/wp\/v2\/product_cat?post=710794"},{"taxonomy":"product_tag","embeddable":true,"href":"https:\/\/roveyayinevi.com.tr\/index.php\/wp-json\/wp\/v2\/product_tag?post=710794"}],"curies":[{"name":"wp","href":"https:\/\/api.w.org\/{rel}","templated":true}]}}