{"id":710792,"date":"2025-08-27T16:39:19","date_gmt":"2025-08-27T13:39:19","guid":{"rendered":"https:\/\/roveyayinevi.com.tr\/index.php\/urun\/korkma-iyi-bir-annesin\/"},"modified":"2026-04-16T02:19:25","modified_gmt":"2026-04-15T23:19:25","slug":"korkma-iyi-bir-annesin","status":"publish","type":"product","link":"https:\/\/roveyayinevi.com.tr\/index.php\/urun\/korkma-iyi-bir-annesin\/","title":{"rendered":"Korkma! \u0130yi Bir Annesin"},"content":{"rendered":"<p>Kim \u015fu en iyi anne dedi\u011fimiz ki\u015fi? Bebe\u011fini hi\u00e7 a\u011flatmayan m\u0131? \u00c7ocu\u011fu yemek se\u00e7meyen anne mi en m\u00fckemmel, sabaha kadar deliksiz uyuyan m\u0131? Buldum! \u00c7ocu\u011funu tam on sekiz ayl\u0131kken tuvalete al\u0131\u015ft\u0131ran anne olmal\u0131 en m\u00fckemmeli! Belki de hi\u00e7 TV izlettirmeyendir en iyisi. Sence kim bu en iyi anne? Kim biliyor musun? Okuyup g\u00f6relim bakal\u0131m kimmi\u015f\u2026   Diyerek ba\u015fl\u0131yor kitab\u0131na Do\u00e7. Dr. Saniye Bencik Kangal\u2026 Hepimizin Akademisyen Anne diye tan\u0131d\u0131\u011f\u0131 bir anne o. \u00c7ocuk sahibi olmak isteyenlere, annelere, anne olacaklara, asl\u0131nda \u00e7ocuk ve sevgiyle i\u015fi olan herkese sesleniyor kitab\u0131nda.   Korkma! \u0130yi Bir Annesin sizin de t\u00fcm endi\u015felerinizi al\u0131p g\u00f6t\u00fcrecek\u2026 Anne olmakla ilgili her \u015fey bu kitapta\u2026   Elma Yay\u0131nevi bu ay sizlere yeni bir kitapla daha \u201cmerhaba\u201d diyor.   Keyifli okumalar\u2026   ARKA KAPAK YAZISI Sevgili anne! S\u0131rt\u0131na elimi koyup e\u011filip g\u00f6zlerinin i\u00e7ine bakmak istiyorum. G\u00f6zlerinin i\u00e7ine baka baka \u201cyaln\u0131z de\u011filsin, bak hepimiz ayn\u0131 yollardan ge\u00e7iyoruz, hepimiz benzer \u015feyleri hissediyoruz\u201d demek istiyorum. \u0130\u015fte bu kitap s\u0131rt\u0131ndaki elim, g\u00f6zlerinin i\u00e7ine bakan g\u00f6zlerim. Ve elim elinde, g\u00f6zlerim g\u00f6zlerinde, y\u00fcrekten ta derinlerden bir yerden diyorum ki; KORKMA! \u0130Y\u0130 B\u0130R ANNES\u0130N <\/p>\n","protected":false},"excerpt":{"rendered":"<p>Kim \u015fu en iyi anne dedi\u011fimiz ki\u015fi? Bebe\u011fini hi\u00e7 a\u011flatmayan m\u0131? \u00c7ocu\u011fu yemek se\u00e7meyen anne mi en m\u00fckemmel, sabaha kadar deliksiz uyuyan m\u0131? Buldum! \u00c7ocu\u011funu tam<span class=\"excerpt-hellip\"> [\u2026]<\/span><\/p>\n","protected":false},"featured_media":0,"template":"","meta":{"_monsterinsights_skip_tracking":false,"_monsterinsights_sitenote_active":false,"_monsterinsights_sitenote_note":"","_monsterinsights_sitenote_category":0},"product_brand":[],"product_cat":[17996,12364],"product_tag":[],"class_list":{"0":"post-710792","1":"product","2":"type-product","3":"status-publish","5":"product_cat-ebeveyn-kitaplari","6":"product_cat-genel-konular","7":"pa_cilt-ciltsiz","8":"pa_tur-kitap","9":"pa_yayinevi-elma-yayinevi","10":"pa_yazar-saniye-bencik-kangal","12":"first","13":"instock","14":"sale","15":"shipping-taxable","16":"purchasable","17":"product-type-simple"},"_links":{"self":[{"href":"https:\/\/roveyayinevi.com.tr\/index.php\/wp-json\/wp\/v2\/product\/710792","targetHints":{"allow":["GET"]}}],"collection":[{"href":"https:\/\/roveyayinevi.com.tr\/index.php\/wp-json\/wp\/v2\/product"}],"about":[{"href":"https:\/\/roveyayinevi.com.tr\/index.php\/wp-json\/wp\/v2\/types\/product"}],"wp:attachment":[{"href":"https:\/\/roveyayinevi.com.tr\/index.php\/wp-json\/wp\/v2\/media?parent=710792"}],"wp:term":[{"taxonomy":"product_brand","embeddable":true,"href":"https:\/\/roveyayinevi.com.tr\/index.php\/wp-json\/wp\/v2\/product_brand?post=710792"},{"taxonomy":"product_cat","embeddable":true,"href":"https:\/\/roveyayinevi.com.tr\/index.php\/wp-json\/wp\/v2\/product_cat?post=710792"},{"taxonomy":"product_tag","embeddable":true,"href":"https:\/\/roveyayinevi.com.tr\/index.php\/wp-json\/wp\/v2\/product_tag?post=710792"}],"curies":[{"name":"wp","href":"https:\/\/api.w.org\/{rel}","templated":true}]}}