{"id":710790,"date":"2025-08-27T16:39:18","date_gmt":"2025-08-27T13:39:18","guid":{"rendered":"https:\/\/roveyayinevi.com.tr\/index.php\/urun\/antik-yunanin-kulturel-tarihi\/"},"modified":"2026-04-16T02:19:25","modified_gmt":"2026-04-15T23:19:25","slug":"antik-yunanin-kulturel-tarihi","status":"publish","type":"product","link":"https:\/\/roveyayinevi.com.tr\/index.php\/urun\/antik-yunanin-kulturel-tarihi\/","title":{"rendered":"Antik Yunan&#8217;\u0131n K\u00fclt\u00fcrel Tarihi"},"content":{"rendered":"<p>Egon Friedell 1938 y\u0131l\u0131nda Alman birliklerinin Avusturya\u2019ya girmesinin ard\u0131ndan intihar etti\u011finde Antik Yunan\u2019\u0131n K\u00fclt\u00fcr Tarihi\u2019ni yeni yaz\u0131p bitirmi\u015fti. Gestapo taraf\u0131ndan el konulan Kitab\u0131n manuskriptleri Friedell\u2019in varislerinin cesaretli giri\u015fimleri sayesinde kurtar\u0131labildi. <\/p>\n","protected":false},"excerpt":{"rendered":"<p>Egon Friedell 1938 y\u0131l\u0131nda Alman birliklerinin Avusturya\u2019ya girmesinin ard\u0131ndan intihar etti\u011finde Antik Yunan\u2019\u0131n K\u00fclt\u00fcr Tarihi\u2019ni yeni yaz\u0131p bitirmi\u015fti. Gestapo taraf\u0131ndan el konulan Kitab\u0131n manuskriptleri Friedell\u2019in varislerinin<span class=\"excerpt-hellip\"> [\u2026]<\/span><\/p>\n","protected":false},"featured_media":0,"template":"","meta":{"_monsterinsights_skip_tracking":false,"_monsterinsights_sitenote_active":false,"_monsterinsights_sitenote_note":"","_monsterinsights_sitenote_category":0},"product_brand":[],"product_cat":[14841,13043],"product_tag":[],"class_list":{"0":"post-710790","1":"product","2":"type-product","3":"status-publish","5":"product_cat-arastirma-inceleme-kuram","6":"product_cat-ekonomi","7":"pa_cilt-ciltsiz","8":"pa_tur-kitap","9":"pa_yayinevi-alfa-yayinlari","10":"pa_yazar-egon-friedell","12":"first","13":"instock","14":"sale","15":"shipping-taxable","16":"purchasable","17":"product-type-simple"},"_links":{"self":[{"href":"https:\/\/roveyayinevi.com.tr\/index.php\/wp-json\/wp\/v2\/product\/710790","targetHints":{"allow":["GET"]}}],"collection":[{"href":"https:\/\/roveyayinevi.com.tr\/index.php\/wp-json\/wp\/v2\/product"}],"about":[{"href":"https:\/\/roveyayinevi.com.tr\/index.php\/wp-json\/wp\/v2\/types\/product"}],"wp:attachment":[{"href":"https:\/\/roveyayinevi.com.tr\/index.php\/wp-json\/wp\/v2\/media?parent=710790"}],"wp:term":[{"taxonomy":"product_brand","embeddable":true,"href":"https:\/\/roveyayinevi.com.tr\/index.php\/wp-json\/wp\/v2\/product_brand?post=710790"},{"taxonomy":"product_cat","embeddable":true,"href":"https:\/\/roveyayinevi.com.tr\/index.php\/wp-json\/wp\/v2\/product_cat?post=710790"},{"taxonomy":"product_tag","embeddable":true,"href":"https:\/\/roveyayinevi.com.tr\/index.php\/wp-json\/wp\/v2\/product_tag?post=710790"}],"curies":[{"name":"wp","href":"https:\/\/api.w.org\/{rel}","templated":true}]}}