{"id":710787,"date":"2025-08-27T16:39:16","date_gmt":"2025-08-27T13:39:16","guid":{"rendered":"https:\/\/roveyayinevi.com.tr\/index.php\/urun\/eksimus-seruvenleri-serisi-3-her-cocugun-ruyasi\/"},"modified":"2026-04-16T02:19:25","modified_gmt":"2026-04-15T23:19:25","slug":"eksimus-seruvenleri-serisi-3-her-cocugun-ruyasi","status":"publish","type":"product","link":"https:\/\/roveyayinevi.com.tr\/index.php\/urun\/eksimus-seruvenleri-serisi-3-her-cocugun-ruyasi\/","title":{"rendered":"Eksimus Ser\u00fcvenleri Serisi 3 &#8211; Her \u00c7ocu\u011fun R\u00fcyas\u0131"},"content":{"rendered":"<p>Umay ve Kutlu, Doktor Eksimus\u2019un adas\u0131ndan ka\u00e7man\u0131n yollar\u0131n\u0131 ararken, aileleri de onlar\u0131n izini bulmak i\u00e7in ellerinden geleni yapmaktad\u0131r. Zaman Akif Bey\u2019in aleyhine i\u015fler gibi g\u00f6r\u00fcn\u00fcr ve beklenmedik i\u015fbirlikleri kurulurken, Doktor Eksimus hain planlar\u0131n\u0131 yava\u015f yava\u015f hayata ge\u00e7irmeye ba\u015flam\u0131\u015ft\u0131r. Bu b\u00fcy\u00fck \u00e7\u0131kar \u00e7at\u0131\u015fmas\u0131n\u0131n bir kazanan\u0131 olacak m\u0131d\u0131r?.. \ufffcTan\u0131t\u0131m Metni<\/p>\n","protected":false},"excerpt":{"rendered":"<p>Umay ve Kutlu, Doktor Eksimus\u2019un adas\u0131ndan ka\u00e7man\u0131n yollar\u0131n\u0131 ararken, aileleri de onlar\u0131n izini bulmak i\u00e7in ellerinden geleni yapmaktad\u0131r. Zaman Akif Bey\u2019in aleyhine i\u015fler gibi g\u00f6r\u00fcn\u00fcr ve<span class=\"excerpt-hellip\"> [\u2026]<\/span><\/p>\n","protected":false},"featured_media":0,"template":"","meta":{"_monsterinsights_skip_tracking":false,"_monsterinsights_sitenote_active":false,"_monsterinsights_sitenote_note":"","_monsterinsights_sitenote_category":0},"product_brand":[],"product_cat":[12274,12284],"product_tag":[],"class_list":{"0":"post-710787","1":"product","2":"type-product","3":"status-publish","5":"product_cat-cocuk-ve-genclik-kitaplari","6":"product_cat-hikayeler","7":"pa_cilt-ciltsiz","8":"pa_tur-kitap","9":"pa_yayinevi-can-cocuk-yayinlari","10":"pa_yazar-asli-tohumcu","12":"first","13":"instock","14":"sale","15":"shipping-taxable","16":"purchasable","17":"product-type-simple"},"_links":{"self":[{"href":"https:\/\/roveyayinevi.com.tr\/index.php\/wp-json\/wp\/v2\/product\/710787","targetHints":{"allow":["GET"]}}],"collection":[{"href":"https:\/\/roveyayinevi.com.tr\/index.php\/wp-json\/wp\/v2\/product"}],"about":[{"href":"https:\/\/roveyayinevi.com.tr\/index.php\/wp-json\/wp\/v2\/types\/product"}],"wp:attachment":[{"href":"https:\/\/roveyayinevi.com.tr\/index.php\/wp-json\/wp\/v2\/media?parent=710787"}],"wp:term":[{"taxonomy":"product_brand","embeddable":true,"href":"https:\/\/roveyayinevi.com.tr\/index.php\/wp-json\/wp\/v2\/product_brand?post=710787"},{"taxonomy":"product_cat","embeddable":true,"href":"https:\/\/roveyayinevi.com.tr\/index.php\/wp-json\/wp\/v2\/product_cat?post=710787"},{"taxonomy":"product_tag","embeddable":true,"href":"https:\/\/roveyayinevi.com.tr\/index.php\/wp-json\/wp\/v2\/product_tag?post=710787"}],"curies":[{"name":"wp","href":"https:\/\/api.w.org\/{rel}","templated":true}]}}