{"id":710783,"date":"2025-08-27T16:39:14","date_gmt":"2025-08-27T13:39:14","guid":{"rendered":"https:\/\/roveyayinevi.com.tr\/index.php\/urun\/suikast-1905ten-1913e-osmanlida-suikastlar\/"},"modified":"2026-04-16T02:19:25","modified_gmt":"2026-04-15T23:19:25","slug":"suikast-1905ten-1913e-osmanlida-suikastlar","status":"publish","type":"product","link":"https:\/\/roveyayinevi.com.tr\/index.php\/urun\/suikast-1905ten-1913e-osmanlida-suikastlar\/","title":{"rendered":"Suikast (1905\u2019ten 1913\u2019e Osmanl\u0131\u2019da Suikastlar)"},"content":{"rendered":"<p>Osmanl\u0131\u2019n\u0131n \u00e7\u00f6k\u00fc\u015f s\u00fcreci siyasal tarihimizin en \u00e7alkant\u0131l\u0131d\u00f6nemidir. Bir yandan \u00fclke topraklar\u0131n\u0131n bir b\u00f6l\u00fcm\u00fc elden \u00e7\u0131karken, mevcudu koruman\u0131n \u00e7\u0131rp\u0131n\u0131\u015f\u0131 s\u00fcrer. 20. y\u00fczy\u0131l\u0131n ba\u015flar\u0131ndaki bu kayg\u0131l\u0131 s\u00fcre\u00e7te\u00fclke bir dizi suikasta sahne olur. <\/p>\n","protected":false},"excerpt":{"rendered":"<p>Osmanl\u0131\u2019n\u0131n \u00e7\u00f6k\u00fc\u015f s\u00fcreci siyasal tarihimizin en \u00e7alkant\u0131l\u0131d\u00f6nemidir. Bir yandan \u00fclke topraklar\u0131n\u0131n bir b\u00f6l\u00fcm\u00fc elden \u00e7\u0131karken, mevcudu koruman\u0131n \u00e7\u0131rp\u0131n\u0131\u015f\u0131 s\u00fcrer. 20. y\u00fczy\u0131l\u0131n ba\u015flar\u0131ndaki bu kayg\u0131l\u0131 s\u00fcre\u00e7te\u00fclke bir<span class=\"excerpt-hellip\"> [\u2026]<\/span><\/p>\n","protected":false},"featured_media":0,"template":"","meta":{"_monsterinsights_skip_tracking":false,"_monsterinsights_sitenote_active":false,"_monsterinsights_sitenote_note":"","_monsterinsights_sitenote_category":0},"product_brand":[],"product_cat":[13517,12304],"product_tag":[],"class_list":{"0":"post-710783","1":"product","2":"type-product","3":"status-publish","5":"product_cat-osmanli-tarihi","6":"product_cat-tarih","7":"pa_cilt-ciltsiz","8":"pa_tur-kitap","9":"pa_yayinevi-remzi-kitabevi","10":"pa_yazar-turan-akinci","12":"first","13":"instock","14":"sale","15":"shipping-taxable","16":"purchasable","17":"product-type-simple"},"_links":{"self":[{"href":"https:\/\/roveyayinevi.com.tr\/index.php\/wp-json\/wp\/v2\/product\/710783","targetHints":{"allow":["GET"]}}],"collection":[{"href":"https:\/\/roveyayinevi.com.tr\/index.php\/wp-json\/wp\/v2\/product"}],"about":[{"href":"https:\/\/roveyayinevi.com.tr\/index.php\/wp-json\/wp\/v2\/types\/product"}],"wp:attachment":[{"href":"https:\/\/roveyayinevi.com.tr\/index.php\/wp-json\/wp\/v2\/media?parent=710783"}],"wp:term":[{"taxonomy":"product_brand","embeddable":true,"href":"https:\/\/roveyayinevi.com.tr\/index.php\/wp-json\/wp\/v2\/product_brand?post=710783"},{"taxonomy":"product_cat","embeddable":true,"href":"https:\/\/roveyayinevi.com.tr\/index.php\/wp-json\/wp\/v2\/product_cat?post=710783"},{"taxonomy":"product_tag","embeddable":true,"href":"https:\/\/roveyayinevi.com.tr\/index.php\/wp-json\/wp\/v2\/product_tag?post=710783"}],"curies":[{"name":"wp","href":"https:\/\/api.w.org\/{rel}","templated":true}]}}