{"id":710781,"date":"2025-08-27T16:39:13","date_gmt":"2025-08-27T13:39:13","guid":{"rendered":"https:\/\/roveyayinevi.com.tr\/index.php\/urun\/mahrem-gunce\/"},"modified":"2026-04-16T02:19:25","modified_gmt":"2026-04-15T23:19:25","slug":"mahrem-gunce","status":"publish","type":"product","link":"https:\/\/roveyayinevi.com.tr\/index.php\/urun\/mahrem-gunce\/","title":{"rendered":"Mahrem G\u00fcnce"},"content":{"rendered":"<p>Bu kitab\u0131 olu\u015fturan metnin \u00f6zel boyutu yak\u0131c\u0131: \u015eair, insan, d\u00fc\u015f\u00fcn\u00fcr kayna\u015fm\u0131\u015f, b\u00fct\u00fcnlenmi\u015f haliyle kar\u015f\u0131m\u0131zda. Romantizm, Ayd\u0131nlanma hareketinin hemen ard\u0131ndan f\u0131\u015fk\u0131rm\u0131\u015f bir ak\u0131m, modern \u00e7a\u011f\u0131 haz\u0131rlayan b\u00fcy\u00fck ve derin bir hareket, bir zihinsel yenilenme giri\u015fimi. [&#8230;] Mahrem G\u00fcnce i\u00e7in, \u201c1789 ya\u015fanmasayd\u0131 yaz\u0131lamazd\u0131,\u201d yarg\u0131s\u0131 bo\u015f yere \u00f6ne s\u00fcr\u00fclmemi\u015ftir. \u201cDaha y\u00fckse\u011fi i\u00e7in \u00e7abalamal\u0131, s\u00fcrekli tefekk\u00fcr ve onun yaratt\u0131\u011f\u0131 ruh hali i\u00e7in. Ah, ne kadar da az kalabiliyorum y\u00fckseklerde!\u201d <\/p>\n","protected":false},"excerpt":{"rendered":"<p>Bu kitab\u0131 olu\u015fturan metnin \u00f6zel boyutu yak\u0131c\u0131: \u015eair, insan, d\u00fc\u015f\u00fcn\u00fcr kayna\u015fm\u0131\u015f, b\u00fct\u00fcnlenmi\u015f haliyle kar\u015f\u0131m\u0131zda. Romantizm, Ayd\u0131nlanma hareketinin hemen ard\u0131ndan f\u0131\u015fk\u0131rm\u0131\u015f bir ak\u0131m, modern \u00e7a\u011f\u0131 haz\u0131rlayan b\u00fcy\u00fck<span class=\"excerpt-hellip\"> [\u2026]<\/span><\/p>\n","protected":false},"featured_media":0,"template":"","meta":{"_monsterinsights_skip_tracking":false,"_monsterinsights_sitenote_active":false,"_monsterinsights_sitenote_note":"","_monsterinsights_sitenote_category":0},"product_brand":[],"product_cat":[12312,12304],"product_tag":[],"class_list":{"0":"post-710781","1":"product","2":"type-product","3":"status-publish","5":"product_cat-diger","6":"product_cat-tarih","7":"pa_cilt-ciltsiz","8":"pa_tur-kitap","9":"pa_yayinevi-kirmizi-kedi-yayinevi","10":"pa_yazar-novalis","12":"first","13":"instock","14":"sale","15":"shipping-taxable","16":"purchasable","17":"product-type-simple"},"_links":{"self":[{"href":"https:\/\/roveyayinevi.com.tr\/index.php\/wp-json\/wp\/v2\/product\/710781","targetHints":{"allow":["GET"]}}],"collection":[{"href":"https:\/\/roveyayinevi.com.tr\/index.php\/wp-json\/wp\/v2\/product"}],"about":[{"href":"https:\/\/roveyayinevi.com.tr\/index.php\/wp-json\/wp\/v2\/types\/product"}],"wp:attachment":[{"href":"https:\/\/roveyayinevi.com.tr\/index.php\/wp-json\/wp\/v2\/media?parent=710781"}],"wp:term":[{"taxonomy":"product_brand","embeddable":true,"href":"https:\/\/roveyayinevi.com.tr\/index.php\/wp-json\/wp\/v2\/product_brand?post=710781"},{"taxonomy":"product_cat","embeddable":true,"href":"https:\/\/roveyayinevi.com.tr\/index.php\/wp-json\/wp\/v2\/product_cat?post=710781"},{"taxonomy":"product_tag","embeddable":true,"href":"https:\/\/roveyayinevi.com.tr\/index.php\/wp-json\/wp\/v2\/product_tag?post=710781"}],"curies":[{"name":"wp","href":"https:\/\/api.w.org\/{rel}","templated":true}]}}