{"id":710779,"date":"2025-08-27T16:39:13","date_gmt":"2025-08-27T13:39:13","guid":{"rendered":"https:\/\/roveyayinevi.com.tr\/index.php\/urun\/rotasiz-seyyah-yol-hikayeleri-2-ciltli\/"},"modified":"2026-04-16T02:19:25","modified_gmt":"2026-04-15T23:19:25","slug":"rotasiz-seyyah-yol-hikayeleri-2-ciltli","status":"publish","type":"product","link":"https:\/\/roveyayinevi.com.tr\/index.php\/urun\/rotasiz-seyyah-yol-hikayeleri-2-ciltli\/","title":{"rendered":"Rotas\u0131z Seyyah Yol Hikayeleri 2 (Ciltli)"},"content":{"rendered":"<p>D\u00fcnyay\u0131 kar\u0131\u015f kar\u0131\u015f gezmeye ba\u015flay\u0131p, k\u0131sa s\u00fcrede Rotas\u0131z Seyyah ad\u0131yla internette fenomen haline gelen, foto\u011fraf projeleriyle gerek yurt i\u00e7inde, gerekse BBC, The Telegraph ve Der Spiegel gibi gazete ve dergilerde ad\u0131ndan s\u00f6z ettiren Mehmet Gen\u00e7, b\u00fcy\u00fck be\u011feni toplayan ilk kitab\u0131n\u0131n ard\u0131ndan yeni maceralar\u0131yla bir kez daha okurlar\u0131n kar\u015f\u0131s\u0131na \u00e7\u0131k\u0131yor. Sizler de bu kitab\u0131 okurken Tacikistan\u2019\u0131n Pamir Da\u011flar\u0131\u2019nda ya\u015fayan Pamir K\u0131rg\u0131z\u0131 T\u00fcrklerinin \u00e7ad\u0131rlar\u0131na misafir olup, K\u0131rg\u0131zistan\u2019daki 7134 metre rak\u0131ml\u0131 Lenin Zirvesi\u2019ne t\u0131rmanacak; Afganistan\u2019daki bir Taliban kararg\u00e2h\u0131na girip,  belki en az Mehmet kadar korkup heyecanlanacaks\u0131n\u0131z. \u0130ran polisleri taraf\u0131ndan ajan oldu\u011fu d\u00fc\u015f\u00fcn\u00fclerek sorguya \u00e7ekildi\u011finde \u015fa\u015fk\u0131nl\u0131\u011f\u0131n\u0131z\u0131 gizleyemeyecek, \u00e7ad\u0131rlarda ya\u015fayan Ka\u015fkay T\u00fcrkleriyle yapt\u0131\u011f\u0131 T\u00fcrk\u00e7e sohbetlere d\u00e2hil oldu\u011funuzda ise y\u00fcz\u00fcn\u00fcz\u00fcn g\u00fcld\u00fc\u011f\u00fcn\u00fc fark edeceksiniz. Ve \u00f6yle umuyoruz ki Mehmet&#8217;le beraber siz de gezecek, bolca g\u00f6recek ve \u00e7ok \u015fey \u00f6\u011freneceksiniz\u2026 <\/p>\n","protected":false},"excerpt":{"rendered":"<p>D\u00fcnyay\u0131 kar\u0131\u015f kar\u0131\u015f gezmeye ba\u015flay\u0131p, k\u0131sa s\u00fcrede Rotas\u0131z Seyyah ad\u0131yla internette fenomen haline gelen, foto\u011fraf projeleriyle gerek yurt i\u00e7inde, gerekse BBC, The Telegraph ve Der Spiegel<span class=\"excerpt-hellip\"> [\u2026]<\/span><\/p>\n","protected":false},"featured_media":0,"template":"","meta":{"_monsterinsights_skip_tracking":false,"_monsterinsights_sitenote_active":false,"_monsterinsights_sitenote_note":"","_monsterinsights_sitenote_category":0},"product_brand":[],"product_cat":[13528,13527],"product_tag":[],"class_list":{"0":"post-710779","1":"product","2":"type-product","3":"status-publish","5":"product_cat-gezi","6":"product_cat-sureli-yayinlar","7":"pa_cilt-ciltli","8":"pa_tur-kitap","9":"pa_yayinevi-ephesus-travel-yayinlari","10":"pa_yazar-mehmet-genc","12":"first","13":"instock","14":"sale","15":"shipping-taxable","16":"purchasable","17":"product-type-simple"},"_links":{"self":[{"href":"https:\/\/roveyayinevi.com.tr\/index.php\/wp-json\/wp\/v2\/product\/710779","targetHints":{"allow":["GET"]}}],"collection":[{"href":"https:\/\/roveyayinevi.com.tr\/index.php\/wp-json\/wp\/v2\/product"}],"about":[{"href":"https:\/\/roveyayinevi.com.tr\/index.php\/wp-json\/wp\/v2\/types\/product"}],"wp:attachment":[{"href":"https:\/\/roveyayinevi.com.tr\/index.php\/wp-json\/wp\/v2\/media?parent=710779"}],"wp:term":[{"taxonomy":"product_brand","embeddable":true,"href":"https:\/\/roveyayinevi.com.tr\/index.php\/wp-json\/wp\/v2\/product_brand?post=710779"},{"taxonomy":"product_cat","embeddable":true,"href":"https:\/\/roveyayinevi.com.tr\/index.php\/wp-json\/wp\/v2\/product_cat?post=710779"},{"taxonomy":"product_tag","embeddable":true,"href":"https:\/\/roveyayinevi.com.tr\/index.php\/wp-json\/wp\/v2\/product_tag?post=710779"}],"curies":[{"name":"wp","href":"https:\/\/api.w.org\/{rel}","templated":true}]}}