{"id":710776,"date":"2025-08-27T16:39:11","date_gmt":"2025-08-27T13:39:11","guid":{"rendered":"https:\/\/roveyayinevi.com.tr\/index.php\/urun\/orhon-yazitlari-kul-tigin-bilge-kagan-tunyukuk\/"},"modified":"2026-04-16T02:19:25","modified_gmt":"2026-04-15T23:19:25","slug":"orhon-yazitlari-kul-tigin-bilge-kagan-tunyukuk","status":"publish","type":"product","link":"https:\/\/roveyayinevi.com.tr\/index.php\/urun\/orhon-yazitlari-kul-tigin-bilge-kagan-tunyukuk\/","title":{"rendered":"Orhon Yaz\u0131tlar\u0131 (K\u00fcl Ti\u011fin, Bilge Ka\u011fan, Tunyukuk)"},"content":{"rendered":"<p>\u00dcze k\u00f6k tengri, asra ya\u011f\u0131z yer k\u0131l\u0131ntukda, ekin ara ki\u015fi o\u011fl\u0131 k\u0131l\u0131nm\u0131\u015f.   \u201c\u00dcstte mavi g\u00f6k, altta ya\u011f\u0131z yer yarat\u0131ld\u0131\u011f\u0131nda, ikisinin aras\u0131nda insano\u011fullar\u0131 yarat\u0131lm\u0131\u015f.\u201d   Bu s\u00f6zler bilinen en eski T\u00fcrk\u00e7e yaz\u0131l\u0131 an\u0131tlara, Mo\u011folistan\u2019da Orhon Irma\u011f\u0131 k\u0131y\u0131s\u0131nda bulunan ta\u015f \u00fcst\u00fcne yaz\u0131lm\u0131\u015f Orhon yaz\u0131tlar\u0131na aittir.   Ulusal k\u00fclt\u00fcr\u00fcm\u00fcz\u00fcn temel \u2018ta\u015f\u2019lar\u0131ndan biri, ta\u015flar \u00fczerine yaz\u0131lm\u0131\u015f bir tarih: Orhon Yaz\u0131tlar\u0131. T\u00fcrk\u00e7e yaz\u0131n\u0131n bu ba\u015fyap\u0131t\u0131, Prof. Dr. Talat Tekin\u2019in titiz ve \u00f6nemli \u00e7al\u0131\u015fmas\u0131yla yeniden sunuluyor. Yap\u0131t\u0131n ruhuna uygun ak\u0131c\u0131 ve i\u015flek bir T\u00fcrk\u00e7e\u2019yle sunulan Orhon Yaz\u0131tlar\u0131, T\u00fcrk\u00e7enin ba\u015flang\u0131c\u0131n\u0131 ve ulusal bilincimizin olu\u015fumunu merak edenler i\u00e7in \u00f6zg\u00fcn bir kaynak.   Orhon Yaz\u0131tlar\u0131 ile ulusal k\u00fclt\u00fcr hazinemize de\u011ferli bir \u2018ta\u015f\u2019 ekleniyor. <\/p>\n","protected":false},"excerpt":{"rendered":"<p>\u00dcze k\u00f6k tengri, asra ya\u011f\u0131z yer k\u0131l\u0131ntukda, ekin ara ki\u015fi o\u011fl\u0131 k\u0131l\u0131nm\u0131\u015f. \u201c\u00dcstte mavi g\u00f6k, altta ya\u011f\u0131z yer yarat\u0131ld\u0131\u011f\u0131nda, ikisinin aras\u0131nda insano\u011fullar\u0131 yarat\u0131lm\u0131\u015f.\u201d Bu s\u00f6zler bilinen<span class=\"excerpt-hellip\"> [\u2026]<\/span><\/p>\n","protected":false},"featured_media":0,"template":"","meta":{"_monsterinsights_skip_tracking":false,"_monsterinsights_sitenote_active":false,"_monsterinsights_sitenote_note":"","_monsterinsights_sitenote_category":0},"product_brand":[],"product_cat":[13590,12337],"product_tag":[],"class_list":{"0":"post-710776","1":"product","2":"type-product","3":"status-publish","5":"product_cat-arastirma-inceleme-politika-siyaset","6":"product_cat-politika-siyaset","7":"pa_cilt-ciltsiz","8":"pa_tur-kitap","9":"pa_yayinevi-bilgesu-yayincilik","10":"pa_yazar-talat-tekin","12":"first","13":"instock","14":"sale","15":"shipping-taxable","16":"purchasable","17":"product-type-simple"},"_links":{"self":[{"href":"https:\/\/roveyayinevi.com.tr\/index.php\/wp-json\/wp\/v2\/product\/710776","targetHints":{"allow":["GET"]}}],"collection":[{"href":"https:\/\/roveyayinevi.com.tr\/index.php\/wp-json\/wp\/v2\/product"}],"about":[{"href":"https:\/\/roveyayinevi.com.tr\/index.php\/wp-json\/wp\/v2\/types\/product"}],"wp:attachment":[{"href":"https:\/\/roveyayinevi.com.tr\/index.php\/wp-json\/wp\/v2\/media?parent=710776"}],"wp:term":[{"taxonomy":"product_brand","embeddable":true,"href":"https:\/\/roveyayinevi.com.tr\/index.php\/wp-json\/wp\/v2\/product_brand?post=710776"},{"taxonomy":"product_cat","embeddable":true,"href":"https:\/\/roveyayinevi.com.tr\/index.php\/wp-json\/wp\/v2\/product_cat?post=710776"},{"taxonomy":"product_tag","embeddable":true,"href":"https:\/\/roveyayinevi.com.tr\/index.php\/wp-json\/wp\/v2\/product_tag?post=710776"}],"curies":[{"name":"wp","href":"https:\/\/api.w.org\/{rel}","templated":true}]}}