{"id":710774,"date":"2025-08-27T16:39:10","date_gmt":"2025-08-27T13:39:10","guid":{"rendered":"https:\/\/roveyayinevi.com.tr\/index.php\/urun\/turkiyede-sosyoloji-2-takim-ciltli\/"},"modified":"2026-04-16T02:19:25","modified_gmt":"2026-04-15T23:19:25","slug":"turkiyede-sosyoloji-2-takim-ciltli","status":"publish","type":"product","link":"https:\/\/roveyayinevi.com.tr\/index.php\/urun\/turkiyede-sosyoloji-2-takim-ciltli\/","title":{"rendered":"T\u00fcrkiye&#8217;de Sosyoloji (2 Tak\u0131m) Ciltli"},"content":{"rendered":"<p>T\u00fcrkiye&#8217;de Sosyoloji (\u0130simler &#8211; Eserler) adl\u0131 iki ciltlik bu eser, ne bir d\u00fc\u015f\u00fcnce ne de sosyoloji tarihidir. Olsa olsa T\u00fcrkiye d\u00fc\u015f\u00fcnce tarihini veya T\u00fcrkiye sosyoloji tarihini yazmak Emre Kongar&#8217;\u0131n T\u00fcrk Toplumbilimcileri I-II yay\u0131nlad\u0131klar\u0131 y\u0131llarda b\u00fcy\u00fck bir bo\u015flu\u011fu doldurmu\u015ftur. O y\u0131llardan bu yana uzun zaman ge\u00e7mi\u015f olmas\u0131na ra\u011fmen, \u00f6zellikle T\u00fcrk Sosyologlar\u0131 adl\u0131 eser gibi veya onu tamamlayacak bi\u00e7imde herhangi bir \u00fcr\u00fcn\u00fcn ortaya \u00e7\u0131kmamas\u0131 T\u00fcrkiye&#8217;deki Sosyoloji (\u0130simler &#8211; Eserler) isimli eserin yay\u0131nlanmas\u0131n\u0131 zorunlu k\u0131lm\u0131\u015ft\u0131r.<\/p>\n","protected":false},"excerpt":{"rendered":"<p>T\u00fcrkiye&#8217;de Sosyoloji (\u0130simler &#8211; Eserler) adl\u0131 iki ciltlik bu eser, ne bir d\u00fc\u015f\u00fcnce ne de sosyoloji tarihidir. Olsa olsa T\u00fcrkiye d\u00fc\u015f\u00fcnce tarihini veya T\u00fcrkiye sosyoloji tarihini<span class=\"excerpt-hellip\"> [\u2026]<\/span><\/p>\n","protected":false},"featured_media":0,"template":"","meta":{"_monsterinsights_skip_tracking":false,"_monsterinsights_sitenote_active":false,"_monsterinsights_sitenote_note":"","_monsterinsights_sitenote_category":0},"product_brand":[],"product_cat":[12835,12324],"product_tag":[],"class_list":{"0":"post-710774","1":"product","2":"type-product","3":"status-publish","5":"product_cat-genel-sosyoloji","6":"product_cat-sosyoloji","7":"pa_cilt-ciltli","8":"pa_tur-kitap","9":"pa_yayinevi-phoenix-yayinevi","10":"pa_yazar-m-cagatay-ozdemir","12":"first","13":"instock","14":"sale","15":"shipping-taxable","16":"purchasable","17":"product-type-simple"},"_links":{"self":[{"href":"https:\/\/roveyayinevi.com.tr\/index.php\/wp-json\/wp\/v2\/product\/710774","targetHints":{"allow":["GET"]}}],"collection":[{"href":"https:\/\/roveyayinevi.com.tr\/index.php\/wp-json\/wp\/v2\/product"}],"about":[{"href":"https:\/\/roveyayinevi.com.tr\/index.php\/wp-json\/wp\/v2\/types\/product"}],"wp:attachment":[{"href":"https:\/\/roveyayinevi.com.tr\/index.php\/wp-json\/wp\/v2\/media?parent=710774"}],"wp:term":[{"taxonomy":"product_brand","embeddable":true,"href":"https:\/\/roveyayinevi.com.tr\/index.php\/wp-json\/wp\/v2\/product_brand?post=710774"},{"taxonomy":"product_cat","embeddable":true,"href":"https:\/\/roveyayinevi.com.tr\/index.php\/wp-json\/wp\/v2\/product_cat?post=710774"},{"taxonomy":"product_tag","embeddable":true,"href":"https:\/\/roveyayinevi.com.tr\/index.php\/wp-json\/wp\/v2\/product_tag?post=710774"}],"curies":[{"name":"wp","href":"https:\/\/api.w.org\/{rel}","templated":true}]}}