{"id":710773,"date":"2025-08-27T16:39:10","date_gmt":"2025-08-27T13:39:10","guid":{"rendered":"https:\/\/roveyayinevi.com.tr\/index.php\/urun\/islam-ve-sosyalizm\/"},"modified":"2026-04-16T02:19:25","modified_gmt":"2026-04-15T23:19:25","slug":"islam-ve-sosyalizm","status":"publish","type":"product","link":"https:\/\/roveyayinevi.com.tr\/index.php\/urun\/islam-ve-sosyalizm\/","title":{"rendered":"\u0130slam ve Sosyalizm"},"content":{"rendered":"<p>\u201cSosyalizan bir sistem alt\u0131nda insanlar devlet i\u00e7erisinde do\u011frudan bir sese sahip olmal\u0131d\u0131rlar. \u0130slam devleti, bu itibarla sosyalizmin zirvesine ula\u015fm\u0131\u015ft\u0131r. Halk, yasaman\u0131n herhangi bir Kabine ya da Parlamentonun elinde olmad\u0131\u011f\u0131n\u0131n fark\u0131nda olmu\u015ftur.\u201d \ufffcTan\u0131t\u0131m Metni<\/p>\n","protected":false},"excerpt":{"rendered":"<p>\u201cSosyalizan bir sistem alt\u0131nda insanlar devlet i\u00e7erisinde do\u011frudan bir sese sahip olmal\u0131d\u0131rlar. \u0130slam devleti, bu itibarla sosyalizmin zirvesine ula\u015fm\u0131\u015ft\u0131r. Halk, yasaman\u0131n herhangi bir Kabine ya da<span class=\"excerpt-hellip\"> [\u2026]<\/span><\/p>\n","protected":false},"featured_media":0,"template":"","meta":{"_monsterinsights_skip_tracking":false,"_monsterinsights_sitenote_active":false,"_monsterinsights_sitenote_note":"","_monsterinsights_sitenote_category":0},"product_brand":[],"product_cat":[12718,12719],"product_tag":[],"class_list":{"0":"post-710773","1":"product","2":"type-product","3":"status-publish","5":"product_cat-din","6":"product_cat-islam","7":"pa_cilt-ciltsiz","8":"pa_tur-kitap","9":"pa_yayinevi-ayrinti-yayinlari","10":"pa_yazar-s-musir-huseyin-kidvai","12":"first","13":"instock","14":"sale","15":"shipping-taxable","16":"purchasable","17":"product-type-simple"},"_links":{"self":[{"href":"https:\/\/roveyayinevi.com.tr\/index.php\/wp-json\/wp\/v2\/product\/710773","targetHints":{"allow":["GET"]}}],"collection":[{"href":"https:\/\/roveyayinevi.com.tr\/index.php\/wp-json\/wp\/v2\/product"}],"about":[{"href":"https:\/\/roveyayinevi.com.tr\/index.php\/wp-json\/wp\/v2\/types\/product"}],"wp:attachment":[{"href":"https:\/\/roveyayinevi.com.tr\/index.php\/wp-json\/wp\/v2\/media?parent=710773"}],"wp:term":[{"taxonomy":"product_brand","embeddable":true,"href":"https:\/\/roveyayinevi.com.tr\/index.php\/wp-json\/wp\/v2\/product_brand?post=710773"},{"taxonomy":"product_cat","embeddable":true,"href":"https:\/\/roveyayinevi.com.tr\/index.php\/wp-json\/wp\/v2\/product_cat?post=710773"},{"taxonomy":"product_tag","embeddable":true,"href":"https:\/\/roveyayinevi.com.tr\/index.php\/wp-json\/wp\/v2\/product_tag?post=710773"}],"curies":[{"name":"wp","href":"https:\/\/api.w.org\/{rel}","templated":true}]}}