{"id":710771,"date":"2025-08-27T16:39:09","date_gmt":"2025-08-27T13:39:09","guid":{"rendered":"https:\/\/roveyayinevi.com.tr\/index.php\/urun\/steam-nedir\/"},"modified":"2026-04-16T02:19:25","modified_gmt":"2026-04-15T23:19:25","slug":"steam-nedir","status":"publish","type":"product","link":"https:\/\/roveyayinevi.com.tr\/index.php\/urun\/steam-nedir\/","title":{"rendered":"Steam Nedir?"},"content":{"rendered":"<p>Steam , \u00e7ocuklar\u0131n gu\u0308nlu\u0308k ya\u015famda kar\u015f\u0131la\u015ft\u0131klar\u0131 sorunlara, ellerindeki materyallerle \u00e7\u00f6zu\u0308m u\u0308retmelerini sa\u011flayan bir 21. yu\u0308zy\u0131l \u00f6\u011frenme modelidir. Grup \u00e7al\u0131\u015fmas\u0131yla i\u015fbirli\u011fini \u00f6\u011frenen, ileti\u015fimi gu\u0308\u00e7lenen, kritik \u00e7\u00f6zu\u0308mler u\u0308retip farkl\u0131 yollar arayabilen, yenilik yapabilen, kendine gu\u0308venen ve gelece\u011fin mesleklerine haz\u0131r bireyler yeti\u015ftirmek Steam &#8216;in ilkesidir. Bu kitap, \u00f6\u011fretmenlere ve ebeveynlere hem pratik bir etkinlik ve deney kayna\u011f\u0131, hem de \u00e7ocuklar\u0131m\u0131za ileti\u015fim, ele\u015ftirel du\u0308\u015fu\u0308nme, i\u015fbirli\u011fi ve yarat\u0131c\u0131l\u0131k temel prensiplerini \u00f6\u011freten bir rehber olacakt\u0131r. \ufffcTan\u0131t\u0131m Metni<\/p>\n","protected":false},"excerpt":{"rendered":"<p>Steam , \u00e7ocuklar\u0131n gu\u0308nlu\u0308k ya\u015famda kar\u015f\u0131la\u015ft\u0131klar\u0131 sorunlara, ellerindeki materyallerle \u00e7\u00f6zu\u0308m u\u0308retmelerini sa\u011flayan bir 21. yu\u0308zy\u0131l \u00f6\u011frenme modelidir. Grup \u00e7al\u0131\u015fmas\u0131yla i\u015fbirli\u011fini \u00f6\u011frenen, ileti\u015fimi gu\u0308\u00e7lenen, kritik \u00e7\u00f6zu\u0308mler u\u0308retip<span class=\"excerpt-hellip\"> [\u2026]<\/span><\/p>\n","protected":false},"featured_media":0,"template":"","meta":{"_monsterinsights_skip_tracking":false,"_monsterinsights_sitenote_active":false,"_monsterinsights_sitenote_note":"","_monsterinsights_sitenote_category":0},"product_brand":[],"product_cat":[13829,12274],"product_tag":[],"class_list":{"0":"post-710771","1":"product","2":"type-product","3":"status-publish","5":"product_cat-bilimsel-kitaplar","6":"product_cat-cocuk-ve-genclik-kitaplari","7":"pa_cilt-ciltsiz","8":"pa_tur-kitap","9":"pa_yayinevi-dinozor-cocuk","10":"pa_yazar-vivet-pitelon-sparkes","12":"first","13":"instock","14":"sale","15":"shipping-taxable","16":"purchasable","17":"product-type-simple"},"_links":{"self":[{"href":"https:\/\/roveyayinevi.com.tr\/index.php\/wp-json\/wp\/v2\/product\/710771","targetHints":{"allow":["GET"]}}],"collection":[{"href":"https:\/\/roveyayinevi.com.tr\/index.php\/wp-json\/wp\/v2\/product"}],"about":[{"href":"https:\/\/roveyayinevi.com.tr\/index.php\/wp-json\/wp\/v2\/types\/product"}],"wp:attachment":[{"href":"https:\/\/roveyayinevi.com.tr\/index.php\/wp-json\/wp\/v2\/media?parent=710771"}],"wp:term":[{"taxonomy":"product_brand","embeddable":true,"href":"https:\/\/roveyayinevi.com.tr\/index.php\/wp-json\/wp\/v2\/product_brand?post=710771"},{"taxonomy":"product_cat","embeddable":true,"href":"https:\/\/roveyayinevi.com.tr\/index.php\/wp-json\/wp\/v2\/product_cat?post=710771"},{"taxonomy":"product_tag","embeddable":true,"href":"https:\/\/roveyayinevi.com.tr\/index.php\/wp-json\/wp\/v2\/product_tag?post=710771"}],"curies":[{"name":"wp","href":"https:\/\/api.w.org\/{rel}","templated":true}]}}