{"id":710770,"date":"2025-08-27T16:39:08","date_gmt":"2025-08-27T13:39:08","guid":{"rendered":"https:\/\/roveyayinevi.com.tr\/index.php\/urun\/pedagojik-oykuler-dizisi-31-izinsiz-alma\/"},"modified":"2026-04-16T02:19:25","modified_gmt":"2026-04-15T23:19:25","slug":"pedagojik-oykuler-dizisi-31-izinsiz-alma","status":"publish","type":"product","link":"https:\/\/roveyayinevi.com.tr\/index.php\/urun\/pedagojik-oykuler-dizisi-31-izinsiz-alma\/","title":{"rendered":"Pedagojik \u00d6yk\u00fcler Dizisi 31 &#8211; \u0130zinsiz Alma!"},"content":{"rendered":"<p>\u00c7ocu\u011funuz kendisine ait olmayan bir e\u015fyay\u0131 izinsiz al\u0131p ona sahip olmak isteyebilir. B\u00f6yle bir durumla kar\u015f\u0131la\u015ft\u0131\u011f\u0131n\u0131zda pani\u011fe kap\u0131l\u0131p tela\u015flanabilir, hatta a\u015f\u0131r\u0131 tepki vererek \u00e7ocu\u011funuzu korkutabilirsiniz. Bu konuda ebeveyn olarak size b\u00fcy\u00fck sorumluluklar d\u00fc\u015f\u00fcyor. \u0130zinsiz Alma!, \u00e7ocu\u011funuza ba\u015fkalar\u0131n\u0131n e\u015fyalar\u0131n\u0131 izinsiz alman\u0131n ne kadar yanl\u0131\u015f bir davran\u0131\u015f oldu\u011funu \u00f6\u011fretirken, anne baba olarak b\u00f6ylesi bir durumla kar\u015f\u0131 kar\u015f\u0131ya kald\u0131\u011f\u0131n\u0131zda \u00e7ocu\u011funuza nas\u0131l yakla\u015fman\u0131z gerekti\u011fi konusunda size rehber olacak bir hik\u00e2ye\u2026 \ufffcTan\u0131t\u0131m Metni<\/p>\n","protected":false},"excerpt":{"rendered":"<p>\u00c7ocu\u011funuz kendisine ait olmayan bir e\u015fyay\u0131 izinsiz al\u0131p ona sahip olmak isteyebilir. B\u00f6yle bir durumla kar\u015f\u0131la\u015ft\u0131\u011f\u0131n\u0131zda pani\u011fe kap\u0131l\u0131p tela\u015flanabilir, hatta a\u015f\u0131r\u0131 tepki vererek \u00e7ocu\u011funuzu korkutabilirsiniz. Bu<span class=\"excerpt-hellip\"> [\u2026]<\/span><\/p>\n","protected":false},"featured_media":0,"template":"","meta":{"_monsterinsights_skip_tracking":false,"_monsterinsights_sitenote_active":false,"_monsterinsights_sitenote_note":"","_monsterinsights_sitenote_category":0},"product_brand":[],"product_cat":[12274,15842],"product_tag":[],"class_list":{"0":"post-710770","1":"product","2":"type-product","3":"status-publish","5":"product_cat-cocuk-ve-genclik-kitaplari","6":"product_cat-egitici-kitaplar","7":"pa_cilt-ciltsiz","8":"pa_tur-kitap","9":"pa_yayinevi-mandolin-yayinlari","10":"pa_yazar-aysen-oy","12":"first","13":"instock","14":"sale","15":"shipping-taxable","16":"purchasable","17":"product-type-simple"},"_links":{"self":[{"href":"https:\/\/roveyayinevi.com.tr\/index.php\/wp-json\/wp\/v2\/product\/710770","targetHints":{"allow":["GET"]}}],"collection":[{"href":"https:\/\/roveyayinevi.com.tr\/index.php\/wp-json\/wp\/v2\/product"}],"about":[{"href":"https:\/\/roveyayinevi.com.tr\/index.php\/wp-json\/wp\/v2\/types\/product"}],"wp:attachment":[{"href":"https:\/\/roveyayinevi.com.tr\/index.php\/wp-json\/wp\/v2\/media?parent=710770"}],"wp:term":[{"taxonomy":"product_brand","embeddable":true,"href":"https:\/\/roveyayinevi.com.tr\/index.php\/wp-json\/wp\/v2\/product_brand?post=710770"},{"taxonomy":"product_cat","embeddable":true,"href":"https:\/\/roveyayinevi.com.tr\/index.php\/wp-json\/wp\/v2\/product_cat?post=710770"},{"taxonomy":"product_tag","embeddable":true,"href":"https:\/\/roveyayinevi.com.tr\/index.php\/wp-json\/wp\/v2\/product_tag?post=710770"}],"curies":[{"name":"wp","href":"https:\/\/api.w.org\/{rel}","templated":true}]}}