{"id":710768,"date":"2025-08-27T16:39:07","date_gmt":"2025-08-27T13:39:07","guid":{"rendered":"https:\/\/roveyayinevi.com.tr\/index.php\/urun\/pedagojik-oykuler-dizisi-28-pasakli-pembenin-muhtesem-donusu\/"},"modified":"2026-04-16T02:19:25","modified_gmt":"2026-04-15T23:19:25","slug":"pedagojik-oykuler-dizisi-28-pasakli-pembenin-muhtesem-donusu","status":"publish","type":"product","link":"https:\/\/roveyayinevi.com.tr\/index.php\/urun\/pedagojik-oykuler-dizisi-28-pasakli-pembenin-muhtesem-donusu\/","title":{"rendered":"Pedagojik \u00d6yk\u00fcler Dizisi 28 &#8211; Pasakl\u0131 Pembe&#8217;nin Muhte\u015fem D\u00f6n\u00fc\u015f\u00fc"},"content":{"rendered":"<p>\u00c7ocu\u011fa erken ya\u015flarda el-y\u00fcz y\u0131kama, di\u015f f\u0131r\u00e7alama, banyo yapma gibi ki\u015fisel temizlik al\u0131\u015fkanl\u0131\u011f\u0131 kazand\u0131rmak \u00e7ocu\u011fun sa\u011fl\u0131kl\u0131 ve ba\u011f\u0131ms\u0131z bir birey olmas\u0131nda en \u00f6nemli ad\u0131md\u0131r. Ayr\u0131ca temiz ve bak\u0131ml\u0131 g\u00f6r\u00fcnen bir \u00e7ocuk daha mutlu ve daha \u00f6zg\u00fcvenli olur. Bu konuda siz ebeveynlere de b\u00fcy\u00fck rol d\u00fc\u015f\u00fcyor. Pasakl\u0131 Pembe\u2019nin Muhte\u015fem D\u00f6n\u00fc\u015f\u00fc, \u00e7ocu\u011funuza \u00f6z bak\u0131m\u0131n ne kadar \u00f6nemli oldu\u011funu \u00f6\u011fretecek k\u0131sac\u0131k bir hik\u00e2ye&#8230;<\/p>\n","protected":false},"excerpt":{"rendered":"<p>\u00c7ocu\u011fa erken ya\u015flarda el-y\u00fcz y\u0131kama, di\u015f f\u0131r\u00e7alama, banyo yapma gibi ki\u015fisel temizlik al\u0131\u015fkanl\u0131\u011f\u0131 kazand\u0131rmak \u00e7ocu\u011fun sa\u011fl\u0131kl\u0131 ve ba\u011f\u0131ms\u0131z bir birey olmas\u0131nda en \u00f6nemli ad\u0131md\u0131r. Ayr\u0131ca temiz<span class=\"excerpt-hellip\"> [\u2026]<\/span><\/p>\n","protected":false},"featured_media":0,"template":"","meta":{"_monsterinsights_skip_tracking":false,"_monsterinsights_sitenote_active":false,"_monsterinsights_sitenote_note":"","_monsterinsights_sitenote_category":0},"product_brand":[],"product_cat":[12274,15842],"product_tag":[],"class_list":{"0":"post-710768","1":"product","2":"type-product","3":"status-publish","5":"product_cat-cocuk-ve-genclik-kitaplari","6":"product_cat-egitici-kitaplar","7":"pa_cilt-ciltsiz","8":"pa_tur-kitap","9":"pa_yayinevi-mandolin-yayinlari","10":"pa_yazar-aysen-oy","12":"first","13":"instock","14":"sale","15":"shipping-taxable","16":"purchasable","17":"product-type-simple"},"_links":{"self":[{"href":"https:\/\/roveyayinevi.com.tr\/index.php\/wp-json\/wp\/v2\/product\/710768","targetHints":{"allow":["GET"]}}],"collection":[{"href":"https:\/\/roveyayinevi.com.tr\/index.php\/wp-json\/wp\/v2\/product"}],"about":[{"href":"https:\/\/roveyayinevi.com.tr\/index.php\/wp-json\/wp\/v2\/types\/product"}],"wp:attachment":[{"href":"https:\/\/roveyayinevi.com.tr\/index.php\/wp-json\/wp\/v2\/media?parent=710768"}],"wp:term":[{"taxonomy":"product_brand","embeddable":true,"href":"https:\/\/roveyayinevi.com.tr\/index.php\/wp-json\/wp\/v2\/product_brand?post=710768"},{"taxonomy":"product_cat","embeddable":true,"href":"https:\/\/roveyayinevi.com.tr\/index.php\/wp-json\/wp\/v2\/product_cat?post=710768"},{"taxonomy":"product_tag","embeddable":true,"href":"https:\/\/roveyayinevi.com.tr\/index.php\/wp-json\/wp\/v2\/product_tag?post=710768"}],"curies":[{"name":"wp","href":"https:\/\/api.w.org\/{rel}","templated":true}]}}