{"id":710767,"date":"2025-08-27T16:39:07","date_gmt":"2025-08-27T13:39:07","guid":{"rendered":"https:\/\/roveyayinevi.com.tr\/index.php\/urun\/pedagojik-oykuler-dizisi-26-kitap-okumayi-sevmeyen-cocuk\/"},"modified":"2026-04-16T02:19:25","modified_gmt":"2026-04-15T23:19:25","slug":"pedagojik-oykuler-dizisi-26-kitap-okumayi-sevmeyen-cocuk","status":"publish","type":"product","link":"https:\/\/roveyayinevi.com.tr\/index.php\/urun\/pedagojik-oykuler-dizisi-26-kitap-okumayi-sevmeyen-cocuk\/","title":{"rendered":"Pedagojik \u00d6yk\u00fcler Dizisi 26 &#8211; Kitap Okumay\u0131 Sevmeyen \u00c7ocuk"},"content":{"rendered":"<p>\u00c7ocuklara kitap sevgisi a\u015f\u0131lamak ve bu al\u0131\u015fkanl\u0131\u011f\u0131 kazand\u0131rmak \u00e7ok \u00f6nemlidir. Daha okuma yazma bilmedi\u011fi d\u00f6nemde \u00e7ocu\u011funuzla birlikte kitap okumak hem \u00f6\u011fretici hem de e\u011flenceli aktivitelerden biri olacakt\u0131r. Kitap okumak \u00e7ocu\u011funuzun hayal g\u00fcc\u00fcn\u00fc geli\u015ftirir, en \u00f6nemlisi de dil geli\u015fimine yard\u0131mc\u0131 olur. \u0130leriki ya\u015fam\u0131nda akademik ba\u015far\u0131s\u0131n\u0131n artmas\u0131na katk\u0131da bulunur. \u00c7ocu\u011funuzun bili\u015fsel, sosyal ve psikolojik geli\u015fimi i\u00e7in kitap okuma al\u0131\u015fkanl\u0131\u011f\u0131 kazand\u0131rma g\u00f6revi ise tabii ki siz ebeveynlere d\u00fc\u015f\u00fcyor. Kitap Okumay\u0131 Sevmeyen \u00c7ocuk, size ve ona bu konuda rehber olacak bir hik\u00e2ye\u2026 \ufffcTan\u0131t\u0131m Metni<\/p>\n","protected":false},"excerpt":{"rendered":"<p>\u00c7ocuklara kitap sevgisi a\u015f\u0131lamak ve bu al\u0131\u015fkanl\u0131\u011f\u0131 kazand\u0131rmak \u00e7ok \u00f6nemlidir. Daha okuma yazma bilmedi\u011fi d\u00f6nemde \u00e7ocu\u011funuzla birlikte kitap okumak hem \u00f6\u011fretici hem de e\u011flenceli aktivitelerden biri<span class=\"excerpt-hellip\"> [\u2026]<\/span><\/p>\n","protected":false},"featured_media":0,"template":"","meta":{"_monsterinsights_skip_tracking":false,"_monsterinsights_sitenote_active":false,"_monsterinsights_sitenote_note":"","_monsterinsights_sitenote_category":0},"product_brand":[],"product_cat":[12274,15842],"product_tag":[],"class_list":{"0":"post-710767","1":"product","2":"type-product","3":"status-publish","5":"product_cat-cocuk-ve-genclik-kitaplari","6":"product_cat-egitici-kitaplar","7":"pa_cilt-ciltsiz","8":"pa_tur-kitap","9":"pa_yayinevi-mandolin-yayinlari","10":"pa_yazar-aysen-oy","12":"first","13":"instock","14":"sale","15":"shipping-taxable","16":"purchasable","17":"product-type-simple"},"_links":{"self":[{"href":"https:\/\/roveyayinevi.com.tr\/index.php\/wp-json\/wp\/v2\/product\/710767","targetHints":{"allow":["GET"]}}],"collection":[{"href":"https:\/\/roveyayinevi.com.tr\/index.php\/wp-json\/wp\/v2\/product"}],"about":[{"href":"https:\/\/roveyayinevi.com.tr\/index.php\/wp-json\/wp\/v2\/types\/product"}],"wp:attachment":[{"href":"https:\/\/roveyayinevi.com.tr\/index.php\/wp-json\/wp\/v2\/media?parent=710767"}],"wp:term":[{"taxonomy":"product_brand","embeddable":true,"href":"https:\/\/roveyayinevi.com.tr\/index.php\/wp-json\/wp\/v2\/product_brand?post=710767"},{"taxonomy":"product_cat","embeddable":true,"href":"https:\/\/roveyayinevi.com.tr\/index.php\/wp-json\/wp\/v2\/product_cat?post=710767"},{"taxonomy":"product_tag","embeddable":true,"href":"https:\/\/roveyayinevi.com.tr\/index.php\/wp-json\/wp\/v2\/product_tag?post=710767"}],"curies":[{"name":"wp","href":"https:\/\/api.w.org\/{rel}","templated":true}]}}