{"id":710765,"date":"2025-08-27T16:39:05","date_gmt":"2025-08-27T13:39:05","guid":{"rendered":"https:\/\/roveyayinevi.com.tr\/index.php\/urun\/buysun-dusler\/"},"modified":"2026-04-08T02:25:12","modified_gmt":"2026-04-07T23:25:12","slug":"buysun-dusler","status":"publish","type":"product","link":"https:\/\/roveyayinevi.com.tr\/index.php\/urun\/buysun-dusler\/","title":{"rendered":"B\u00fcys\u00fcn D\u00fc\u015fler"},"content":{"rendered":"<p>\u00c7ocuk \u015fiirlerinin u\u00e7urtmalar\u0131 selamlayan \u015fairi Re\ufb01kDurba\u015f ressam Soner H\u0131zarc\u0131\u2019n\u0131n e\u015fsiz desenleri e\u015fli\u011finde umut, dostluk, do\u011fa ve insan sevgisiyle bezenmi\u015f dizelerle g\u00fcn\u00fcm\u00fcz \u00e7ocuklar\u0131na sesleniyor. <\/p>\n","protected":false},"excerpt":{"rendered":"<p>\u00c7ocuk \u015fiirlerinin u\u00e7urtmalar\u0131 selamlayan \u015fairi Re\ufb01kDurba\u015f ressam Soner H\u0131zarc\u0131\u2019n\u0131n e\u015fsiz desenleri e\u015fli\u011finde umut, dostluk, do\u011fa ve insan sevgisiyle bezenmi\u015f dizelerle g\u00fcn\u00fcm\u00fcz \u00e7ocuklar\u0131na sesleniyor.<\/p>\n","protected":false},"featured_media":0,"template":"","meta":{"_monsterinsights_skip_tracking":false,"_monsterinsights_sitenote_active":false,"_monsterinsights_sitenote_note":"","_monsterinsights_sitenote_category":0},"product_brand":[],"product_cat":[12274,12284],"product_tag":[],"class_list":{"0":"post-710765","1":"product","2":"type-product","3":"status-publish","5":"product_cat-cocuk-ve-genclik-kitaplari","6":"product_cat-hikayeler","7":"pa_cilt-ciltsiz","8":"pa_tur-kitap","9":"pa_yayinevi-dogan-egmont-yayincilik","10":"pa_yazar-kolektif","12":"first","13":"instock","14":"sale","15":"shipping-taxable","16":"purchasable","17":"product-type-simple"},"_links":{"self":[{"href":"https:\/\/roveyayinevi.com.tr\/index.php\/wp-json\/wp\/v2\/product\/710765","targetHints":{"allow":["GET"]}}],"collection":[{"href":"https:\/\/roveyayinevi.com.tr\/index.php\/wp-json\/wp\/v2\/product"}],"about":[{"href":"https:\/\/roveyayinevi.com.tr\/index.php\/wp-json\/wp\/v2\/types\/product"}],"wp:attachment":[{"href":"https:\/\/roveyayinevi.com.tr\/index.php\/wp-json\/wp\/v2\/media?parent=710765"}],"wp:term":[{"taxonomy":"product_brand","embeddable":true,"href":"https:\/\/roveyayinevi.com.tr\/index.php\/wp-json\/wp\/v2\/product_brand?post=710765"},{"taxonomy":"product_cat","embeddable":true,"href":"https:\/\/roveyayinevi.com.tr\/index.php\/wp-json\/wp\/v2\/product_cat?post=710765"},{"taxonomy":"product_tag","embeddable":true,"href":"https:\/\/roveyayinevi.com.tr\/index.php\/wp-json\/wp\/v2\/product_tag?post=710765"}],"curies":[{"name":"wp","href":"https:\/\/api.w.org\/{rel}","templated":true}]}}