{"id":710763,"date":"2025-08-27T16:39:04","date_gmt":"2025-08-27T13:39:04","guid":{"rendered":"https:\/\/roveyayinevi.com.tr\/index.php\/urun\/intibah-turk-klasikleri-serisi-06\/"},"modified":"2026-04-16T02:19:25","modified_gmt":"2026-04-15T23:19:25","slug":"intibah-turk-klasikleri-serisi-06","status":"publish","type":"product","link":"https:\/\/roveyayinevi.com.tr\/index.php\/urun\/intibah-turk-klasikleri-serisi-06\/","title":{"rendered":"\u0130ntibah &#8211; T\u00fcrk Klasikleri Serisi 06"},"content":{"rendered":"<p>1876 y\u0131l\u0131nda yay\u0131nlanan bu roman edebiyat\u0131m\u0131zda \u201cilk edeb\u00ee roman\u201d olarak ge\u00e7er. Nam\u0131k Kemal\u2019in \u201cSon Pi\u015fmanl\u0131k\u201d ad\u0131n\u0131 verdi\u011fi bu roman\u0131 yay\u0131nlanmadan \u00f6nce inceleyen Maarif Vek\u00e2leti, roman\u0131n ad\u0131n\u0131 yazar\u0131na sormadan \u0130ntibah: Ali Bey\u2019in Serg\u00fcze\u015fti olarak de\u011fi\u015ftirmi\u015f ve baz\u0131 k\u0131s\u0131mlar\u0131n\u0131 sans\u00fcrlemi\u015ftir. Magosa\u2019da s\u00fcrg\u00fcndeyken yaz\u0131lan bu roman, Ali Bey gibi e\u011fitimli ve zengin bir aileden gelen bir gencin Mehpeyker\u2019le tan\u0131\u015ft\u0131ktan sonra ya\u015fad\u0131\u011f\u0131 trajik olaylar\u0131 anlat\u0131r. G\u00fczellik ve temizlik abidesi bir cariye olan Dil\u00e2\u015fub\u2019un da olaylara kat\u0131lmas\u0131yla roman, ibretlik bir sonra do\u011fru yol al\u0131r. <\/p>\n","protected":false},"excerpt":{"rendered":"<p>1876 y\u0131l\u0131nda yay\u0131nlanan bu roman edebiyat\u0131m\u0131zda \u201cilk edeb\u00ee roman\u201d olarak ge\u00e7er. Nam\u0131k Kemal\u2019in \u201cSon Pi\u015fmanl\u0131k\u201d ad\u0131n\u0131 verdi\u011fi bu roman\u0131 yay\u0131nlanmadan \u00f6nce inceleyen Maarif Vek\u00e2leti, roman\u0131n ad\u0131n\u0131<span class=\"excerpt-hellip\"> [\u2026]<\/span><\/p>\n","protected":false},"featured_media":0,"template":"","meta":{"_monsterinsights_skip_tracking":false,"_monsterinsights_sitenote_active":false,"_monsterinsights_sitenote_note":"","_monsterinsights_sitenote_category":0},"product_brand":[],"product_cat":[12274,20117],"product_tag":[],"class_list":{"0":"post-710763","1":"product","2":"type-product","3":"status-publish","5":"product_cat-cocuk-ve-genclik-kitaplari","6":"product_cat-turk-klasikleri","7":"pa_cilt-ciltsiz","8":"pa_tur-kitap","9":"pa_yayinevi-fark-yayinlari","10":"pa_yazar-namik-kemal","12":"first","13":"instock","14":"sale","15":"shipping-taxable","16":"purchasable","17":"product-type-simple"},"_links":{"self":[{"href":"https:\/\/roveyayinevi.com.tr\/index.php\/wp-json\/wp\/v2\/product\/710763","targetHints":{"allow":["GET"]}}],"collection":[{"href":"https:\/\/roveyayinevi.com.tr\/index.php\/wp-json\/wp\/v2\/product"}],"about":[{"href":"https:\/\/roveyayinevi.com.tr\/index.php\/wp-json\/wp\/v2\/types\/product"}],"wp:attachment":[{"href":"https:\/\/roveyayinevi.com.tr\/index.php\/wp-json\/wp\/v2\/media?parent=710763"}],"wp:term":[{"taxonomy":"product_brand","embeddable":true,"href":"https:\/\/roveyayinevi.com.tr\/index.php\/wp-json\/wp\/v2\/product_brand?post=710763"},{"taxonomy":"product_cat","embeddable":true,"href":"https:\/\/roveyayinevi.com.tr\/index.php\/wp-json\/wp\/v2\/product_cat?post=710763"},{"taxonomy":"product_tag","embeddable":true,"href":"https:\/\/roveyayinevi.com.tr\/index.php\/wp-json\/wp\/v2\/product_tag?post=710763"}],"curies":[{"name":"wp","href":"https:\/\/api.w.org\/{rel}","templated":true}]}}