{"id":710762,"date":"2025-08-27T16:39:04","date_gmt":"2025-08-27T13:39:04","guid":{"rendered":"https:\/\/roveyayinevi.com.tr\/index.php\/urun\/felatun-bey-ile-rakim-efendi-turk-klasikleri-serisi-02\/"},"modified":"2026-04-16T02:19:25","modified_gmt":"2026-04-15T23:19:25","slug":"felatun-bey-ile-rakim-efendi-turk-klasikleri-serisi-02","status":"publish","type":"product","link":"https:\/\/roveyayinevi.com.tr\/index.php\/urun\/felatun-bey-ile-rakim-efendi-turk-klasikleri-serisi-02\/","title":{"rendered":"Felatun Bey \u0130le Rak\u0131m Efendi &#8211; T\u00fcrk Klasikleri Serisi 02"},"content":{"rendered":"<p>Yanl\u0131\u015f bat\u0131l\u0131la\u015fma meselesi Tanzimat\u2019tan g\u00fcn\u00fcm\u00fcze dek uzanan tart\u0131\u015fmalardan birisidir. Bu kitap, bu tart\u0131\u015fmalar\u0131n belki de ilk \u00fcr\u00fcn\u00fc olarak yaz\u0131lm\u0131\u015ft\u0131r. Ahmet Mithat Efendi, bu meseleye hem e\u011flenceli bir \u00fcslupla d\u00e2hil oluyor, hem de roman\u0131n i\u00e7inde bizzat kendini hissettirerek mesele hakk\u0131nda g\u00f6r\u00fc\u015flerini dile getiriyor. Genel olarak R\u00e2k\u0131m Efendi etraf\u0131nda geli\u015fen olaylar, Fel\u00e2tun Bey\u2019in tav\u0131rlar\u0131yla e\u011flenceli bir hal al\u0131yor; Yozefino gibi karakterlerle de Ahmet Mithat, meseleye dair g\u00f6r\u00fc\u015flerine kan\u0131t olu\u015fturuyor. Bize de o zamandan bu zamana devam eden bu tart\u0131\u015f- mada, taraf\u0131m\u0131z\u0131 se\u00e7mek kal\u0131yor. <\/p>\n","protected":false},"excerpt":{"rendered":"<p>Yanl\u0131\u015f bat\u0131l\u0131la\u015fma meselesi Tanzimat\u2019tan g\u00fcn\u00fcm\u00fcze dek uzanan tart\u0131\u015fmalardan birisidir. Bu kitap, bu tart\u0131\u015fmalar\u0131n belki de ilk \u00fcr\u00fcn\u00fc olarak yaz\u0131lm\u0131\u015ft\u0131r. Ahmet Mithat Efendi, bu meseleye hem e\u011flenceli<span class=\"excerpt-hellip\"> [\u2026]<\/span><\/p>\n","protected":false},"featured_media":0,"template":"","meta":{"_monsterinsights_skip_tracking":false,"_monsterinsights_sitenote_active":false,"_monsterinsights_sitenote_note":"","_monsterinsights_sitenote_category":0},"product_brand":[],"product_cat":[12274,20117],"product_tag":[],"class_list":{"0":"post-710762","1":"product","2":"type-product","3":"status-publish","5":"product_cat-cocuk-ve-genclik-kitaplari","6":"product_cat-turk-klasikleri","7":"pa_cilt-ciltsiz","8":"pa_tur-kitap","9":"pa_yayinevi-fark-yayinlari","10":"pa_yazar-ahmet-mithat-efendi","12":"first","13":"instock","14":"sale","15":"shipping-taxable","16":"purchasable","17":"product-type-simple"},"_links":{"self":[{"href":"https:\/\/roveyayinevi.com.tr\/index.php\/wp-json\/wp\/v2\/product\/710762","targetHints":{"allow":["GET"]}}],"collection":[{"href":"https:\/\/roveyayinevi.com.tr\/index.php\/wp-json\/wp\/v2\/product"}],"about":[{"href":"https:\/\/roveyayinevi.com.tr\/index.php\/wp-json\/wp\/v2\/types\/product"}],"wp:attachment":[{"href":"https:\/\/roveyayinevi.com.tr\/index.php\/wp-json\/wp\/v2\/media?parent=710762"}],"wp:term":[{"taxonomy":"product_brand","embeddable":true,"href":"https:\/\/roveyayinevi.com.tr\/index.php\/wp-json\/wp\/v2\/product_brand?post=710762"},{"taxonomy":"product_cat","embeddable":true,"href":"https:\/\/roveyayinevi.com.tr\/index.php\/wp-json\/wp\/v2\/product_cat?post=710762"},{"taxonomy":"product_tag","embeddable":true,"href":"https:\/\/roveyayinevi.com.tr\/index.php\/wp-json\/wp\/v2\/product_tag?post=710762"}],"curies":[{"name":"wp","href":"https:\/\/api.w.org\/{rel}","templated":true}]}}