{"id":710761,"date":"2025-08-27T16:39:03","date_gmt":"2025-08-27T13:39:03","guid":{"rendered":"https:\/\/roveyayinevi.com.tr\/index.php\/urun\/vatan-yahut-silistre-turk-klasikleri-serisi-10\/"},"modified":"2026-04-16T02:19:24","modified_gmt":"2026-04-15T23:19:24","slug":"vatan-yahut-silistre-turk-klasikleri-serisi-10","status":"publish","type":"product","link":"https:\/\/roveyayinevi.com.tr\/index.php\/urun\/vatan-yahut-silistre-turk-klasikleri-serisi-10\/","title":{"rendered":"Vatan Yahut Silistre &#8211; T\u00fcrk Klasikleri Serisi 10"},"content":{"rendered":"<p>1872\u2019de kaleme al\u0131nan bu eser, d\u00f6rt perdelik bir tiyatro eseridir. 1873\u2019te Gedikpa\u015fa Tiyatrosunda sahnelendikten sonra yaratt\u0131\u011f\u0131 etkiyle s\u00fcrg\u00fcne g\u00f6nderilen Nam\u0131k Kemal, bu tiyatrosunda, Osmanl\u0131 Devleti ile Rusya aras\u0131nda yap\u0131lan K\u0131r\u0131m Sava\u015f\u0131 s\u0131ras\u0131nda Silistre\u2019de ya\u015fanan olaylar\u0131, \u0130slam Bey ve Zekiye ad\u0131nda bir gen\u00e7 k\u0131z \u00fczerinden anlat\u0131r. Yaz\u0131ld\u0131\u011f\u0131 d\u00f6nemde olduk\u00e7a be\u011fenilen eser k\u0131sa bir s\u00fcre sonra ba\u015fka dillere de \u00e7evrilmeye ba\u015flam\u0131\u015ft\u0131r. <\/p>\n","protected":false},"excerpt":{"rendered":"<p>1872\u2019de kaleme al\u0131nan bu eser, d\u00f6rt perdelik bir tiyatro eseridir. 1873\u2019te Gedikpa\u015fa Tiyatrosunda sahnelendikten sonra yaratt\u0131\u011f\u0131 etkiyle s\u00fcrg\u00fcne g\u00f6nderilen Nam\u0131k Kemal, bu tiyatrosunda, Osmanl\u0131 Devleti ile<span class=\"excerpt-hellip\"> [\u2026]<\/span><\/p>\n","protected":false},"featured_media":0,"template":"","meta":{"_monsterinsights_skip_tracking":false,"_monsterinsights_sitenote_active":false,"_monsterinsights_sitenote_note":"","_monsterinsights_sitenote_category":0},"product_brand":[],"product_cat":[12274,20117],"product_tag":[],"class_list":{"0":"post-710761","1":"product","2":"type-product","3":"status-publish","5":"product_cat-cocuk-ve-genclik-kitaplari","6":"product_cat-turk-klasikleri","7":"pa_cilt-ciltsiz","8":"pa_tur-kitap","9":"pa_yayinevi-fark-yayinlari","10":"pa_yazar-namik-kemal","12":"first","13":"instock","14":"sale","15":"shipping-taxable","16":"purchasable","17":"product-type-simple"},"_links":{"self":[{"href":"https:\/\/roveyayinevi.com.tr\/index.php\/wp-json\/wp\/v2\/product\/710761","targetHints":{"allow":["GET"]}}],"collection":[{"href":"https:\/\/roveyayinevi.com.tr\/index.php\/wp-json\/wp\/v2\/product"}],"about":[{"href":"https:\/\/roveyayinevi.com.tr\/index.php\/wp-json\/wp\/v2\/types\/product"}],"wp:attachment":[{"href":"https:\/\/roveyayinevi.com.tr\/index.php\/wp-json\/wp\/v2\/media?parent=710761"}],"wp:term":[{"taxonomy":"product_brand","embeddable":true,"href":"https:\/\/roveyayinevi.com.tr\/index.php\/wp-json\/wp\/v2\/product_brand?post=710761"},{"taxonomy":"product_cat","embeddable":true,"href":"https:\/\/roveyayinevi.com.tr\/index.php\/wp-json\/wp\/v2\/product_cat?post=710761"},{"taxonomy":"product_tag","embeddable":true,"href":"https:\/\/roveyayinevi.com.tr\/index.php\/wp-json\/wp\/v2\/product_tag?post=710761"}],"curies":[{"name":"wp","href":"https:\/\/api.w.org\/{rel}","templated":true}]}}