{"id":710760,"date":"2025-08-27T16:39:03","date_gmt":"2025-08-27T13:39:03","guid":{"rendered":"https:\/\/roveyayinevi.com.tr\/index.php\/urun\/dede-korkut-hikayeleri-turk-klasikleri-serisi-01\/"},"modified":"2026-04-16T02:19:24","modified_gmt":"2026-04-15T23:19:24","slug":"dede-korkut-hikayeleri-turk-klasikleri-serisi-01","status":"publish","type":"product","link":"https:\/\/roveyayinevi.com.tr\/index.php\/urun\/dede-korkut-hikayeleri-turk-klasikleri-serisi-01\/","title":{"rendered":"Dede Korkut Hikayeleri &#8211; T\u00fcrk Klasikleri Serisi 01"},"content":{"rendered":"<p>Eser, birbirinden ba\u011f\u0131ms\u0131z olmakla birlikte bir b\u00fct\u00fcn\u00fc olu\u015fturan 12 hik\u00e2yeden olu\u015fuyor. O\u011fuz Beylerinin ba\u015flar\u0131ndan ge\u00e7en bu hik\u00e2yeler, d\u00f6nemin g\u00f6\u00e7ebe ya\u015fam k\u00fclt\u00fcr\u00fcnden izler bar\u0131nd\u0131r\u0131yor. Bu k\u00fclt\u00fcrel izleri bar\u0131nd\u0131rmas\u0131 ve ge\u00e7i\u015f d\u00f6nemi eseri olmas\u0131 nedeniyle Dede Korkut Hik\u00e2yeleri edebiyat\u0131m\u0131zda \u00e7ok \u00f6nemli bir yere sahiptir. \u00d6yle ki Fuad K\u00f6pr\u00fcl\u00fc, \u201cB\u00fct\u00fcn T\u00fcrk edebiyat\u0131n\u0131 terazinin bir g\u00f6z\u00fcne, Dede Korkut&#8217;u \u00f6b\u00fcr g\u00f6z\u00fcne koysan\u0131z, yine Dede Korkut a\u011f\u0131r basar.\u201d demi\u015ftir. <\/p>\n","protected":false},"excerpt":{"rendered":"<p>Eser, birbirinden ba\u011f\u0131ms\u0131z olmakla birlikte bir b\u00fct\u00fcn\u00fc olu\u015fturan 12 hik\u00e2yeden olu\u015fuyor. O\u011fuz Beylerinin ba\u015flar\u0131ndan ge\u00e7en bu hik\u00e2yeler, d\u00f6nemin g\u00f6\u00e7ebe ya\u015fam k\u00fclt\u00fcr\u00fcnden izler bar\u0131nd\u0131r\u0131yor. Bu k\u00fclt\u00fcrel izleri<span class=\"excerpt-hellip\"> [\u2026]<\/span><\/p>\n","protected":false},"featured_media":0,"template":"","meta":{"_monsterinsights_skip_tracking":false,"_monsterinsights_sitenote_active":false,"_monsterinsights_sitenote_note":"","_monsterinsights_sitenote_category":0},"product_brand":[],"product_cat":[12274,20117],"product_tag":[],"class_list":{"0":"post-710760","1":"product","2":"type-product","3":"status-publish","5":"product_cat-cocuk-ve-genclik-kitaplari","6":"product_cat-turk-klasikleri","7":"pa_cilt-ciltsiz","8":"pa_tur-kitap","9":"pa_yayinevi-fark-yayinlari","10":"pa_yazar-anonim","12":"first","13":"instock","14":"sale","15":"shipping-taxable","16":"purchasable","17":"product-type-simple"},"_links":{"self":[{"href":"https:\/\/roveyayinevi.com.tr\/index.php\/wp-json\/wp\/v2\/product\/710760","targetHints":{"allow":["GET"]}}],"collection":[{"href":"https:\/\/roveyayinevi.com.tr\/index.php\/wp-json\/wp\/v2\/product"}],"about":[{"href":"https:\/\/roveyayinevi.com.tr\/index.php\/wp-json\/wp\/v2\/types\/product"}],"wp:attachment":[{"href":"https:\/\/roveyayinevi.com.tr\/index.php\/wp-json\/wp\/v2\/media?parent=710760"}],"wp:term":[{"taxonomy":"product_brand","embeddable":true,"href":"https:\/\/roveyayinevi.com.tr\/index.php\/wp-json\/wp\/v2\/product_brand?post=710760"},{"taxonomy":"product_cat","embeddable":true,"href":"https:\/\/roveyayinevi.com.tr\/index.php\/wp-json\/wp\/v2\/product_cat?post=710760"},{"taxonomy":"product_tag","embeddable":true,"href":"https:\/\/roveyayinevi.com.tr\/index.php\/wp-json\/wp\/v2\/product_tag?post=710760"}],"curies":[{"name":"wp","href":"https:\/\/api.w.org\/{rel}","templated":true}]}}