{"id":710758,"date":"2025-08-27T16:39:02","date_gmt":"2025-08-27T13:39:02","guid":{"rendered":"https:\/\/roveyayinevi.com.tr\/index.php\/urun\/ask-i-memnu-turk-klasikleri-serisi-04\/"},"modified":"2026-04-16T02:19:24","modified_gmt":"2026-04-15T23:19:24","slug":"ask-i-memnu-turk-klasikleri-serisi-04","status":"publish","type":"product","link":"https:\/\/roveyayinevi.com.tr\/index.php\/urun\/ask-i-memnu-turk-klasikleri-serisi-04\/","title":{"rendered":"A\u015fk-\u0131 Memnu &#8211; T\u00fcrk Klasikleri Serisi 04"},"content":{"rendered":"<p>U\u015fakl\u0131gil, bu eserinde yasak a\u015fk konusunu ve b\u00f6yle bir yanl\u0131\u015f\u0131n beraberinde getirece\u011fi felaketleri anlatm\u0131\u015ft\u0131r. Evlilikte sadece maddiyat\u0131n her sorunun \u00fcstesinden gelemeyece\u011fini, ya\u015f fark\u0131, a\u015fk gibi meselelerin de \u00f6nemli bir yere sahip oldu\u011funu anlat\u0131r. Yaz\u0131ld\u0131\u011f\u0131 d\u00f6nem i\u00e7in olduk\u00e7a cesur bir romand\u0131r. <\/p>\n","protected":false},"excerpt":{"rendered":"<p>U\u015fakl\u0131gil, bu eserinde yasak a\u015fk konusunu ve b\u00f6yle bir yanl\u0131\u015f\u0131n beraberinde getirece\u011fi felaketleri anlatm\u0131\u015ft\u0131r. Evlilikte sadece maddiyat\u0131n her sorunun \u00fcstesinden gelemeyece\u011fini, ya\u015f fark\u0131, a\u015fk gibi meselelerin<span class=\"excerpt-hellip\"> [\u2026]<\/span><\/p>\n","protected":false},"featured_media":0,"template":"","meta":{"_monsterinsights_skip_tracking":false,"_monsterinsights_sitenote_active":false,"_monsterinsights_sitenote_note":"","_monsterinsights_sitenote_category":0},"product_brand":[],"product_cat":[12274,20117],"product_tag":[],"class_list":{"0":"post-710758","1":"product","2":"type-product","3":"status-publish","5":"product_cat-cocuk-ve-genclik-kitaplari","6":"product_cat-turk-klasikleri","7":"pa_cilt-ciltsiz","8":"pa_tur-kitap","9":"pa_yayinevi-fark-yayinlari","10":"pa_yazar-halid-ziya-usakligil","12":"first","13":"instock","14":"sale","15":"shipping-taxable","16":"purchasable","17":"product-type-simple"},"_links":{"self":[{"href":"https:\/\/roveyayinevi.com.tr\/index.php\/wp-json\/wp\/v2\/product\/710758","targetHints":{"allow":["GET"]}}],"collection":[{"href":"https:\/\/roveyayinevi.com.tr\/index.php\/wp-json\/wp\/v2\/product"}],"about":[{"href":"https:\/\/roveyayinevi.com.tr\/index.php\/wp-json\/wp\/v2\/types\/product"}],"wp:attachment":[{"href":"https:\/\/roveyayinevi.com.tr\/index.php\/wp-json\/wp\/v2\/media?parent=710758"}],"wp:term":[{"taxonomy":"product_brand","embeddable":true,"href":"https:\/\/roveyayinevi.com.tr\/index.php\/wp-json\/wp\/v2\/product_brand?post=710758"},{"taxonomy":"product_cat","embeddable":true,"href":"https:\/\/roveyayinevi.com.tr\/index.php\/wp-json\/wp\/v2\/product_cat?post=710758"},{"taxonomy":"product_tag","embeddable":true,"href":"https:\/\/roveyayinevi.com.tr\/index.php\/wp-json\/wp\/v2\/product_tag?post=710758"}],"curies":[{"name":"wp","href":"https:\/\/api.w.org\/{rel}","templated":true}]}}