{"id":710757,"date":"2025-08-27T16:39:01","date_gmt":"2025-08-27T13:39:01","guid":{"rendered":"https:\/\/roveyayinevi.com.tr\/index.php\/urun\/onut-kumasi-farkliydi-ahmet-sapmaz-guney-sanayinin-hikayesi\/"},"modified":"2026-01-28T02:35:38","modified_gmt":"2026-01-27T23:35:38","slug":"onut-kumasi-farkliydi-ahmet-sapmaz-guney-sanayinin-hikayesi","status":"publish","type":"product","link":"https:\/\/roveyayinevi.com.tr\/index.php\/urun\/onut-kumasi-farkliydi-ahmet-sapmaz-guney-sanayinin-hikayesi\/","title":{"rendered":"Onut Kuma\u015f\u0131 Farkl\u0131yd\u0131 (Ahmet Sapmaz &amp; G\u00fcney Sanayi&#8217;nin Hikayesi)"},"content":{"rendered":"<p>Uzun boylu, iri g\u00f6vdeliydi. Sakin bir duru\u015fu vard\u0131. Y\u00fcz\u00fc toprak adamlar\u0131na has bir ifade ta\u015f\u0131yordu. Sa\u00e7lar\u0131 koyu renk, aln\u0131 a\u00e7\u0131kt\u0131. \u00f6mr\u00fcn\u00fcn son y\u0131llar\u0131nda ya\u015fad\u0131\u011f\u0131 s\u0131k\u0131nt\u0131lara ra\u011fmen duru\u015fu hi\u00e7 de\u011fi\u015fmemi\u015fti. Kal\u0131nca dudaklar\u0131n\u0131n \u00fczerinde ince bir yay gibi uzanan b\u0131y\u0131\u011f\u0131 y\u00fcz\u00fcne zarif bir ifade kat\u0131yordu. Koyu renkte olan g\u00f6zleri y\u0131llar i\u00e7inde biriktirdi\u011fi azmi, g\u00fcc\u00fc ve inanc\u0131 ta\u015f\u0131yorlard\u0131. Bak\u0131\u015flar\u0131 her zaman merak dolu ama bir o kadar da kesin ve kararl\u0131yd\u0131. Ne\u015feli anlar\u0131nda k\u0131s\u0131l\u0131yor, kenarlar\u0131ndaki \u00e7izgilerle birle\u015fip bir b\u00fct\u00fcn oluyor, k\u0131zg\u0131nl\u0131klar\u0131nda ve karar anlar\u0131nda ise duygu ve d\u00fc\u015f\u00fcncelerini saklamak konusunda hi\u00e7 de cimri say\u0131lmayacak \u015fekilde hareketleniyordu. Muntazam bir burnu vard\u0131. G\u00fcld\u00fc\u011f\u00fcnde son derece sevimli oluyor, babacan bir hal al\u0131yordu. Zaman i\u00e7inde y\u00fcz\u00fcnde olu\u015fan \u00e7izgiler ona bir bilge havas\u0131 veriyor, g\u00fcne\u015f yan\u0131\u011f\u0131 y\u00fcz\u00fcyle birlikte ordusunu y\u00f6neten bir lider halini al\u0131yordu. <\/p>\n","protected":false},"excerpt":{"rendered":"<p>Uzun boylu, iri g\u00f6vdeliydi. Sakin bir duru\u015fu vard\u0131. Y\u00fcz\u00fc toprak adamlar\u0131na has bir ifade ta\u015f\u0131yordu. Sa\u00e7lar\u0131 koyu renk, aln\u0131 a\u00e7\u0131kt\u0131. \u00f6mr\u00fcn\u00fcn son y\u0131llar\u0131nda ya\u015fad\u0131\u011f\u0131 s\u0131k\u0131nt\u0131lara ra\u011fmen<span class=\"excerpt-hellip\"> [\u2026]<\/span><\/p>\n","protected":false},"featured_media":0,"template":"","meta":{"_monsterinsights_skip_tracking":false,"_monsterinsights_sitenote_active":false,"_monsterinsights_sitenote_note":"","_monsterinsights_sitenote_category":0},"product_brand":[],"product_cat":[12312,12304],"product_tag":[],"class_list":{"0":"post-710757","1":"product","2":"type-product","3":"status-publish","5":"product_cat-diger","6":"product_cat-tarih","7":"pa_cilt-ciltsiz","8":"pa_tur-kitap","9":"pa_yayinevi-hayykitap","10":"pa_yazar-kemal-sezer","12":"first","13":"instock","14":"sale","15":"shipping-taxable","16":"purchasable","17":"product-type-simple"},"_links":{"self":[{"href":"https:\/\/roveyayinevi.com.tr\/index.php\/wp-json\/wp\/v2\/product\/710757","targetHints":{"allow":["GET"]}}],"collection":[{"href":"https:\/\/roveyayinevi.com.tr\/index.php\/wp-json\/wp\/v2\/product"}],"about":[{"href":"https:\/\/roveyayinevi.com.tr\/index.php\/wp-json\/wp\/v2\/types\/product"}],"wp:attachment":[{"href":"https:\/\/roveyayinevi.com.tr\/index.php\/wp-json\/wp\/v2\/media?parent=710757"}],"wp:term":[{"taxonomy":"product_brand","embeddable":true,"href":"https:\/\/roveyayinevi.com.tr\/index.php\/wp-json\/wp\/v2\/product_brand?post=710757"},{"taxonomy":"product_cat","embeddable":true,"href":"https:\/\/roveyayinevi.com.tr\/index.php\/wp-json\/wp\/v2\/product_cat?post=710757"},{"taxonomy":"product_tag","embeddable":true,"href":"https:\/\/roveyayinevi.com.tr\/index.php\/wp-json\/wp\/v2\/product_tag?post=710757"}],"curies":[{"name":"wp","href":"https:\/\/api.w.org\/{rel}","templated":true}]}}