{"id":710756,"date":"2025-08-27T16:39:01","date_gmt":"2025-08-27T13:39:01","guid":{"rendered":"https:\/\/roveyayinevi.com.tr\/index.php\/urun\/ozel-beslenenler-icin-tarifler\/"},"modified":"2026-04-16T02:19:24","modified_gmt":"2026-04-15T23:19:24","slug":"ozel-beslenenler-icin-tarifler","status":"publish","type":"product","link":"https:\/\/roveyayinevi.com.tr\/index.php\/urun\/ozel-beslenenler-icin-tarifler\/","title":{"rendered":"\u00d6zel Beslenenler \u0130\u00e7in Tarifler"},"content":{"rendered":"<p>\u201cY\u0131llar boyunca, beslenmesini d\u00fczenlemekte kararl\u0131 ve istekli olan, ancak alternatif sa\u011fl\u0131kl\u0131 g\u0131da bulmakta zorlanan t\u00fcm hastalar\u0131ma \u201cBade\u2019nin \u015eekeri\u201d sayfas\u0131n\u0131 tavsiye ettim. Sevgili S\u0131la Baki Alkan, kendi k\u0131z\u0131 g\u00fczel Bade i\u00e7in haz\u0131rlad\u0131\u011f\u0131 \u015fifa dolu tarifleri sosyal medya arac\u0131l\u0131\u011f\u0131 ile payla\u015ft\u0131 ve hastalar\u0131m\u0131z\u0131n sa\u011fl\u0131kl\u0131 g\u0131da aray\u0131\u015flar\u0131nda yollar\u0131na \u0131\u015f\u0131k oldu. Bug\u00fcn, bu hay\u0131rl\u0131 \u00e7abas\u0131n\u0131 bir ad\u0131m daha ileriye ta\u015f\u0131d\u0131 ve herkesin mutfa\u011f\u0131nda k\u0131lavuz olacak bir kitap yazd\u0131. Takdir edilmesi gereken bir emek ve \u00f6zveri g\u00f6sterdi. Bu faydal\u0131 kitap, her okuyana \u015fifa olsun. Mutfa\u011f\u0131n\u0131 sa\u011fl\u0131kl\u0131 bir \u015fekilde d\u00fczenlemek isteyen t\u00fcm annelere \u0131\u015f\u0131k olsun.\u201d Dr. \u00dcmit Akta\u015fBah\u00e7e\u015fehir \u00dcniversitesi Fitoterapi E\u011fitim Koordinat\u00f6r\u00fc <\/p>\n","protected":false},"excerpt":{"rendered":"<p>\u201cY\u0131llar boyunca, beslenmesini d\u00fczenlemekte kararl\u0131 ve istekli olan, ancak alternatif sa\u011fl\u0131kl\u0131 g\u0131da bulmakta zorlanan t\u00fcm hastalar\u0131ma \u201cBade\u2019nin \u015eekeri\u201d sayfas\u0131n\u0131 tavsiye ettim. Sevgili S\u0131la Baki Alkan, kendi<span class=\"excerpt-hellip\"> [\u2026]<\/span><\/p>\n","protected":false},"featured_media":0,"template":"","meta":{"_monsterinsights_skip_tracking":false,"_monsterinsights_sitenote_active":false,"_monsterinsights_sitenote_note":"","_monsterinsights_sitenote_category":0},"product_brand":[],"product_cat":[13402,13365],"product_tag":[],"class_list":{"0":"post-710756","1":"product","2":"type-product","3":"status-publish","5":"product_cat-beslenme-ve-diyet","6":"product_cat-saglik","7":"pa_cilt-ciltsiz","8":"pa_tur-kitap","9":"pa_yayinevi-hayykitap","10":"pa_yazar-sila-baki-alkan","12":"first","13":"instock","14":"sale","15":"shipping-taxable","16":"purchasable","17":"product-type-simple"},"_links":{"self":[{"href":"https:\/\/roveyayinevi.com.tr\/index.php\/wp-json\/wp\/v2\/product\/710756","targetHints":{"allow":["GET"]}}],"collection":[{"href":"https:\/\/roveyayinevi.com.tr\/index.php\/wp-json\/wp\/v2\/product"}],"about":[{"href":"https:\/\/roveyayinevi.com.tr\/index.php\/wp-json\/wp\/v2\/types\/product"}],"wp:attachment":[{"href":"https:\/\/roveyayinevi.com.tr\/index.php\/wp-json\/wp\/v2\/media?parent=710756"}],"wp:term":[{"taxonomy":"product_brand","embeddable":true,"href":"https:\/\/roveyayinevi.com.tr\/index.php\/wp-json\/wp\/v2\/product_brand?post=710756"},{"taxonomy":"product_cat","embeddable":true,"href":"https:\/\/roveyayinevi.com.tr\/index.php\/wp-json\/wp\/v2\/product_cat?post=710756"},{"taxonomy":"product_tag","embeddable":true,"href":"https:\/\/roveyayinevi.com.tr\/index.php\/wp-json\/wp\/v2\/product_tag?post=710756"}],"curies":[{"name":"wp","href":"https:\/\/api.w.org\/{rel}","templated":true}]}}