{"id":710752,"date":"2025-08-27T16:38:59","date_gmt":"2025-08-27T13:38:59","guid":{"rendered":"https:\/\/roveyayinevi.com.tr\/index.php\/urun\/tarihi-hosca-kal-lokantasi\/"},"modified":"2026-04-16T02:19:24","modified_gmt":"2026-04-15T23:19:24","slug":"tarihi-hosca-kal-lokantasi","status":"publish","type":"product","link":"https:\/\/roveyayinevi.com.tr\/index.php\/urun\/tarihi-hosca-kal-lokantasi\/","title":{"rendered":"Tarihi Ho\u015fca Kal Lokantas\u0131"},"content":{"rendered":"<p>Kaybetmek bizim i\u015fimizdir. Ayr\u0131ld\u0131ktan sonra, ge\u00e7mi\u015f zaman \u00e2\u015f\u0131klar\u0131 gibi seni kalbime g\u00f6md\u00fcm Muazzez.  Alt\u0131nda yat\u0131r olan araziden fark\u0131 yok \u015fimdi.  Yeni bir a\u015fk in\u015fa edemiyoruz; tam ba\u015flayacak oluyoruz, senin yatt\u0131\u011f\u0131n yere denk geliyor, dozerler \u00e7al\u0131\u015fm\u0131yor, kep\u00e7eler k\u0131r\u0131l\u0131yor, gelen korkup ka\u00e7\u0131yor.  Gelirsen diye terliklerini kap\u0131n\u0131n a\u011fz\u0131na b\u0131rakt\u0131m, iki senedir ayaklar\u0131n\u0131 bekliyorlar. Ayna y\u00fcz\u00fcn\u00fc, bardak duda\u011f\u0131n\u0131, ellerim sa\u00e7lar\u0131n\u0131, pencere g\u00f6zlerini bekliyor.   Fakat hakk\u0131n\u0131 teslim edeyim; \u00e7ok muhterem zatm\u0131\u015fs\u0131n Muazzez. Hani tabelan\u0131 yapt\u0131r\u0131p g\u00f6\u011fs\u00fcme assam, desem ki, \u201cBurada bir muhterem zat yat\u0131yor\u201d seni bekleyen kollar\u0131ma \u00e7aput ba\u011flarlar, g\u00f6zya\u015flar\u0131ma dilek ta\u015flar\u0131 atarlar&#8230; Sana tahsis ettik y\u00fcrek denilen arsay\u0131; koy in cin top oynas\u0131n; koy an\u0131lar cirit ats\u0131n. Anlad\u0131m, sensiz bana bu d\u00fcnya dar&#8230; <\/p>\n","protected":false},"excerpt":{"rendered":"<p>Kaybetmek bizim i\u015fimizdir. Ayr\u0131ld\u0131ktan sonra, ge\u00e7mi\u015f zaman \u00e2\u015f\u0131klar\u0131 gibi seni kalbime g\u00f6md\u00fcm Muazzez. Alt\u0131nda yat\u0131r olan araziden fark\u0131 yok \u015fimdi. Yeni bir a\u015fk in\u015fa edemiyoruz; tam<span class=\"excerpt-hellip\"> [\u2026]<\/span><\/p>\n","protected":false},"featured_media":0,"template":"","meta":{"_monsterinsights_skip_tracking":false,"_monsterinsights_sitenote_active":false,"_monsterinsights_sitenote_note":"","_monsterinsights_sitenote_category":0},"product_brand":[],"product_cat":[13835],"product_tag":[],"class_list":{"0":"post-710752","1":"product","2":"type-product","3":"status-publish","5":"product_cat-cok-satanlar","6":"pa_cilt-ciltsiz","7":"pa_tur-kitap","8":"pa_yayinevi-dogan-kitap","9":"pa_yazar-sermin-yasar","11":"first","12":"instock","13":"sale","14":"shipping-taxable","15":"purchasable","16":"product-type-simple"},"_links":{"self":[{"href":"https:\/\/roveyayinevi.com.tr\/index.php\/wp-json\/wp\/v2\/product\/710752","targetHints":{"allow":["GET"]}}],"collection":[{"href":"https:\/\/roveyayinevi.com.tr\/index.php\/wp-json\/wp\/v2\/product"}],"about":[{"href":"https:\/\/roveyayinevi.com.tr\/index.php\/wp-json\/wp\/v2\/types\/product"}],"wp:attachment":[{"href":"https:\/\/roveyayinevi.com.tr\/index.php\/wp-json\/wp\/v2\/media?parent=710752"}],"wp:term":[{"taxonomy":"product_brand","embeddable":true,"href":"https:\/\/roveyayinevi.com.tr\/index.php\/wp-json\/wp\/v2\/product_brand?post=710752"},{"taxonomy":"product_cat","embeddable":true,"href":"https:\/\/roveyayinevi.com.tr\/index.php\/wp-json\/wp\/v2\/product_cat?post=710752"},{"taxonomy":"product_tag","embeddable":true,"href":"https:\/\/roveyayinevi.com.tr\/index.php\/wp-json\/wp\/v2\/product_tag?post=710752"}],"curies":[{"name":"wp","href":"https:\/\/api.w.org\/{rel}","templated":true}]}}