{"id":710749,"date":"2025-08-27T16:38:57","date_gmt":"2025-08-27T13:38:57","guid":{"rendered":"https:\/\/roveyayinevi.com.tr\/index.php\/urun\/siirce\/"},"modified":"2026-04-16T02:19:24","modified_gmt":"2026-04-15T23:19:24","slug":"siirce","status":"publish","type":"product","link":"https:\/\/roveyayinevi.com.tr\/index.php\/urun\/siirce\/","title":{"rendered":"\u015eiirce"},"content":{"rendered":"<p>Can\u0131 yanm\u0131\u015fSensiz gecelere sordum uykular\u0131m\u0131\u201cFirar etti\u201d dedilerKulaklar\u0131ndan tutup gerigetirmeyi denedimBa\u015faramad\u0131m&#8230;Can\u0131 yanm\u0131\u015f o gecelerde Ben de yand\u0131m\u2026 <\/p>\n","protected":false},"excerpt":{"rendered":"<p>Can\u0131 yanm\u0131\u015fSensiz gecelere sordum uykular\u0131m\u0131\u201cFirar etti\u201d dedilerKulaklar\u0131ndan tutup gerigetirmeyi denedimBa\u015faramad\u0131m&#8230;Can\u0131 yanm\u0131\u015f o gecelerde Ben de yand\u0131m\u2026<\/p>\n","protected":false},"featured_media":0,"template":"","meta":{"_monsterinsights_skip_tracking":false,"_monsterinsights_sitenote_active":false,"_monsterinsights_sitenote_note":"","_monsterinsights_sitenote_category":0},"product_brand":[],"product_cat":[12291,12509],"product_tag":[],"class_list":{"0":"post-710749","1":"product","2":"type-product","3":"status-publish","5":"product_cat-edebiyat","6":"product_cat-siir","7":"pa_cilt-ciltsiz","8":"pa_tur-kitap","9":"pa_yayinevi-dogan-kitap","10":"pa_yazar-canan-tan","12":"first","13":"instock","14":"sale","15":"shipping-taxable","16":"purchasable","17":"product-type-simple"},"_links":{"self":[{"href":"https:\/\/roveyayinevi.com.tr\/index.php\/wp-json\/wp\/v2\/product\/710749","targetHints":{"allow":["GET"]}}],"collection":[{"href":"https:\/\/roveyayinevi.com.tr\/index.php\/wp-json\/wp\/v2\/product"}],"about":[{"href":"https:\/\/roveyayinevi.com.tr\/index.php\/wp-json\/wp\/v2\/types\/product"}],"wp:attachment":[{"href":"https:\/\/roveyayinevi.com.tr\/index.php\/wp-json\/wp\/v2\/media?parent=710749"}],"wp:term":[{"taxonomy":"product_brand","embeddable":true,"href":"https:\/\/roveyayinevi.com.tr\/index.php\/wp-json\/wp\/v2\/product_brand?post=710749"},{"taxonomy":"product_cat","embeddable":true,"href":"https:\/\/roveyayinevi.com.tr\/index.php\/wp-json\/wp\/v2\/product_cat?post=710749"},{"taxonomy":"product_tag","embeddable":true,"href":"https:\/\/roveyayinevi.com.tr\/index.php\/wp-json\/wp\/v2\/product_tag?post=710749"}],"curies":[{"name":"wp","href":"https:\/\/api.w.org\/{rel}","templated":true}]}}