{"id":710748,"date":"2025-08-27T16:38:57","date_gmt":"2025-08-27T13:38:57","guid":{"rendered":"https:\/\/roveyayinevi.com.tr\/index.php\/urun\/hamam-bocekleri\/"},"modified":"2026-04-16T02:19:24","modified_gmt":"2026-04-15T23:19:24","slug":"hamam-bocekleri","status":"publish","type":"product","link":"https:\/\/roveyayinevi.com.tr\/index.php\/urun\/hamam-bocekleri\/","title":{"rendered":"Hamam B\u00f6cekleri"},"content":{"rendered":"<p>Psikopat bir seri katili yakalad\u0131ktan sonra Hong Kong\u2019a d\u00f6nen Harry Hole, \u00fc\u00e7 y\u0131l sonra hi\u00e7 beklenmedik bir haber al\u0131r. Hayat\u0131n\u0131n a\u015fk\u0131 Rakel\u2019in o\u011flu Oleg cinayetten tutuklanm\u0131\u015ft\u0131r. Harry bir zamanlar babal\u0131k yapt\u0131\u011f\u0131 Oleg\u2019in katil olamayaca\u011f\u0131ndan emindir ve bunu kan\u0131tlamak i\u00e7in Oslo\u2019ya d\u00f6ner.Polislikten men edilen Harry tek ba\u015f\u0131na giri\u015fti\u011fi soru\u015fturmada, Oslo sokaklar\u0131na h\u00fckmeden bir uyu\u015fturucu \u00e7etesinin pe\u015fine d\u00fc\u015fecek ve Oleg\u2019i kurtarmak u\u011fruna kendi hayat\u0131n\u0131 tehlikeye atacakt\u0131r. Ge\u00e7mi\u015fin hayaletleri ve en iyi dostu JimBeam onu kovalarken\u2026 <\/p>\n","protected":false},"excerpt":{"rendered":"<p>Psikopat bir seri katili yakalad\u0131ktan sonra Hong Kong\u2019a d\u00f6nen Harry Hole, \u00fc\u00e7 y\u0131l sonra hi\u00e7 beklenmedik bir haber al\u0131r. Hayat\u0131n\u0131n a\u015fk\u0131 Rakel\u2019in o\u011flu Oleg cinayetten tutuklanm\u0131\u015ft\u0131r.<span class=\"excerpt-hellip\"> [\u2026]<\/span><\/p>\n","protected":false},"featured_media":0,"template":"","meta":{"_monsterinsights_skip_tracking":false,"_monsterinsights_sitenote_active":false,"_monsterinsights_sitenote_note":"","_monsterinsights_sitenote_category":0},"product_brand":[],"product_cat":[12291,12711],"product_tag":[],"class_list":{"0":"post-710748","1":"product","2":"type-product","3":"status-publish","5":"product_cat-edebiyat","6":"product_cat-roman-oyku","7":"pa_cilt-ciltsiz","8":"pa_tur-kitap","9":"pa_yayinevi-dogan-kitap","10":"pa_yazar-jo-nesbo","12":"first","13":"instock","14":"sale","15":"shipping-taxable","16":"purchasable","17":"product-type-simple"},"_links":{"self":[{"href":"https:\/\/roveyayinevi.com.tr\/index.php\/wp-json\/wp\/v2\/product\/710748","targetHints":{"allow":["GET"]}}],"collection":[{"href":"https:\/\/roveyayinevi.com.tr\/index.php\/wp-json\/wp\/v2\/product"}],"about":[{"href":"https:\/\/roveyayinevi.com.tr\/index.php\/wp-json\/wp\/v2\/types\/product"}],"wp:attachment":[{"href":"https:\/\/roveyayinevi.com.tr\/index.php\/wp-json\/wp\/v2\/media?parent=710748"}],"wp:term":[{"taxonomy":"product_brand","embeddable":true,"href":"https:\/\/roveyayinevi.com.tr\/index.php\/wp-json\/wp\/v2\/product_brand?post=710748"},{"taxonomy":"product_cat","embeddable":true,"href":"https:\/\/roveyayinevi.com.tr\/index.php\/wp-json\/wp\/v2\/product_cat?post=710748"},{"taxonomy":"product_tag","embeddable":true,"href":"https:\/\/roveyayinevi.com.tr\/index.php\/wp-json\/wp\/v2\/product_tag?post=710748"}],"curies":[{"name":"wp","href":"https:\/\/api.w.org\/{rel}","templated":true}]}}