{"id":710747,"date":"2025-08-27T16:38:56","date_gmt":"2025-08-27T13:38:56","guid":{"rendered":"https:\/\/roveyayinevi.com.tr\/index.php\/urun\/postu-modern-kizil-tilki\/"},"modified":"2026-04-16T02:19:24","modified_gmt":"2026-04-15T23:19:24","slug":"postu-modern-kizil-tilki","status":"publish","type":"product","link":"https:\/\/roveyayinevi.com.tr\/index.php\/urun\/postu-modern-kizil-tilki\/","title":{"rendered":"Postu Modern K\u0131z\u0131l Tilki"},"content":{"rendered":"<p>Tesad\u00fcf denen \u015fey hayat\u0131m\u0131z\u0131n tam ortas\u0131na ba\u011fda\u015f kurmu\u015f oturuyor mu? Aya\u011f\u0131m\u0131z s\u0131k s\u0131k ona tak\u0131l\u0131yor mu? Her seferinde bir \u201cmana\u201d vehmediyor muyuz? Hakan Toker 1965\u2019te Denizli\u2019de do\u011fdu. Pelin Kalp\u2019in takma ad\u0131 olarak ya\u015f\u0131yor. <\/p>\n","protected":false},"excerpt":{"rendered":"<p>Tesad\u00fcf denen \u015fey hayat\u0131m\u0131z\u0131n tam ortas\u0131na ba\u011fda\u015f kurmu\u015f oturuyor mu? Aya\u011f\u0131m\u0131z s\u0131k s\u0131k ona tak\u0131l\u0131yor mu? Her seferinde bir \u201cmana\u201d vehmediyor muyuz? Hakan Toker 1965\u2019te Denizli\u2019de<span class=\"excerpt-hellip\"> [\u2026]<\/span><\/p>\n","protected":false},"featured_media":0,"template":"","meta":{"_monsterinsights_skip_tracking":false,"_monsterinsights_sitenote_active":false,"_monsterinsights_sitenote_note":"","_monsterinsights_sitenote_category":0},"product_brand":[],"product_cat":[12312,12304],"product_tag":[],"class_list":{"0":"post-710747","1":"product","2":"type-product","3":"status-publish","5":"product_cat-diger","6":"product_cat-tarih","7":"pa_cilt-ciltsiz","8":"pa_tur-kitap","9":"pa_yayinevi-koc-universitesi-yayinlari","10":"pa_yazar-arnold-van-de-laar","12":"first","13":"instock","14":"sale","15":"shipping-taxable","16":"purchasable","17":"product-type-simple"},"_links":{"self":[{"href":"https:\/\/roveyayinevi.com.tr\/index.php\/wp-json\/wp\/v2\/product\/710747","targetHints":{"allow":["GET"]}}],"collection":[{"href":"https:\/\/roveyayinevi.com.tr\/index.php\/wp-json\/wp\/v2\/product"}],"about":[{"href":"https:\/\/roveyayinevi.com.tr\/index.php\/wp-json\/wp\/v2\/types\/product"}],"wp:attachment":[{"href":"https:\/\/roveyayinevi.com.tr\/index.php\/wp-json\/wp\/v2\/media?parent=710747"}],"wp:term":[{"taxonomy":"product_brand","embeddable":true,"href":"https:\/\/roveyayinevi.com.tr\/index.php\/wp-json\/wp\/v2\/product_brand?post=710747"},{"taxonomy":"product_cat","embeddable":true,"href":"https:\/\/roveyayinevi.com.tr\/index.php\/wp-json\/wp\/v2\/product_cat?post=710747"},{"taxonomy":"product_tag","embeddable":true,"href":"https:\/\/roveyayinevi.com.tr\/index.php\/wp-json\/wp\/v2\/product_tag?post=710747"}],"curies":[{"name":"wp","href":"https:\/\/api.w.org\/{rel}","templated":true}]}}