{"id":710745,"date":"2025-08-27T16:38:55","date_gmt":"2025-08-27T13:38:55","guid":{"rendered":"https:\/\/roveyayinevi.com.tr\/index.php\/urun\/akista-internet-caginda-sanat\/"},"modified":"2026-04-16T02:19:24","modified_gmt":"2026-04-15T23:19:24","slug":"akista-internet-caginda-sanat","status":"publish","type":"product","link":"https:\/\/roveyayinevi.com.tr\/index.php\/urun\/akista-internet-caginda-sanat\/","title":{"rendered":"Ak\u0131\u015fta: \u0130nternet \u00c7a\u011f\u0131nda Sanat"},"content":{"rendered":"<p>Sanata, sanat\u00e7\u0131ya ve sanat kurumlar\u0131na atfedilmi\u015f olan imtiyazl\u0131 konum 20. y\u00fczy\u0131l\u0131n ba\u015f\u0131ndan beri demokratik ve e\u015fitlik\u00e7i bir ruhla ele\u015ftiriliyor. Sanat ile sanat-olmayan aras\u0131ndaki s\u0131n\u0131r bulan\u0131kla\u015ft\u0131 ve sanat\u00e7\u0131yla eseri g\u00f6klerden yere indi. Sanat\u0131 art\u0131k az say\u0131da yetenekli insana has bir yarat\u0131c\u0131 faaliyet ve y\u00fccele\u015ftirici bir paye olarak g\u00f6rm\u00fcyoruz: Herkes sanat\u00e7\u0131, her \u015fey sanat olabilir. \u00dcnl\u00fc sanat kuramc\u0131s\u0131 Boris Groys, Ak\u0131\u015fta adl\u0131 kitab\u0131nda bu 20. y\u00fczy\u0131l maceras\u0131n\u0131n \u201cdo\u011frudan ger\u00e7ek\u00e7ilik\u201d dedi\u011fi tavra yol a\u00e7t\u0131\u011f\u0131n\u0131 s\u00f6yl\u00fcyor: Nesneler de\u011fil, pratikler \u00fcretmek. Bu zamana direnmeye \u00e7al\u0131\u015fmayan, \u015fimdinin ak\u0131\u015f\u0131na kap\u0131l\u0131p gitmeye raz\u0131 yeni sanat, nesneleri muhafaza ederek zaman\u0131 dondurma ilkesine ba\u011fl\u0131 m\u00fcze kurumuyla a\u00e7\u0131k\u00e7a \u00e7eli\u015fiyor. M\u00fczelerse yok olmak, hatta azalmak \u015f\u00f6yle dursun, daha da g\u00fc\u00e7l\u00fc ve yayg\u0131n bir \u015fekilde sanat d\u00fcnyas\u0131ndaki egemenli\u011fini s\u00fcrd\u00fcr\u00fcyor. Groys bu \u00e7eli\u015fkiyi ve yaratt\u0131\u011f\u0131 gerilimleri, Rus avangard\u0131ndan kavramsal sanata, \u0130lya Kabakov\u2019un enstalasyonlar\u0131ndan Google ve WikiLeaks gibi g\u00fcn\u00fcm\u00fcz\u00fcn tart\u0131\u015f\u0131lmas\u0131 gereken taze fenomenlerine kadar bir\u00e7ok konuya u\u011frayarak ele al\u0131yor. Boris Groys, Karlsruhe\u2019deki Sanat ve Medya Teknolojisi Merkezi\u2019nde Estetik, Sanat Tarihi ve Medya Kuram\u0131 profes\u00f6r\u00fc ve 2005\u2019ten bu yana NYU Sanat ve Bilim Fak\u00fcltesi\u2019nde ordinary\u00fcs profes\u00f6r. <\/p>\n","protected":false},"excerpt":{"rendered":"<p>Sanata, sanat\u00e7\u0131ya ve sanat kurumlar\u0131na atfedilmi\u015f olan imtiyazl\u0131 konum 20. y\u00fczy\u0131l\u0131n ba\u015f\u0131ndan beri demokratik ve e\u015fitlik\u00e7i bir ruhla ele\u015ftiriliyor. Sanat ile sanat-olmayan aras\u0131ndaki s\u0131n\u0131r bulan\u0131kla\u015ft\u0131 ve<span class=\"excerpt-hellip\"> [\u2026]<\/span><\/p>\n","protected":false},"featured_media":0,"template":"","meta":{"_monsterinsights_skip_tracking":false,"_monsterinsights_sitenote_active":false,"_monsterinsights_sitenote_note":"","_monsterinsights_sitenote_category":0},"product_brand":[],"product_cat":[12312,12304],"product_tag":[],"class_list":{"0":"post-710745","1":"product","2":"type-product","3":"status-publish","5":"product_cat-diger","6":"product_cat-tarih","7":"pa_cilt-ciltsiz","8":"pa_tur-kitap","9":"pa_yayinevi-koc-universitesi-yayinlari","10":"pa_yazar-boris-groys","12":"first","13":"instock","14":"sale","15":"shipping-taxable","16":"purchasable","17":"product-type-simple"},"_links":{"self":[{"href":"https:\/\/roveyayinevi.com.tr\/index.php\/wp-json\/wp\/v2\/product\/710745","targetHints":{"allow":["GET"]}}],"collection":[{"href":"https:\/\/roveyayinevi.com.tr\/index.php\/wp-json\/wp\/v2\/product"}],"about":[{"href":"https:\/\/roveyayinevi.com.tr\/index.php\/wp-json\/wp\/v2\/types\/product"}],"wp:attachment":[{"href":"https:\/\/roveyayinevi.com.tr\/index.php\/wp-json\/wp\/v2\/media?parent=710745"}],"wp:term":[{"taxonomy":"product_brand","embeddable":true,"href":"https:\/\/roveyayinevi.com.tr\/index.php\/wp-json\/wp\/v2\/product_brand?post=710745"},{"taxonomy":"product_cat","embeddable":true,"href":"https:\/\/roveyayinevi.com.tr\/index.php\/wp-json\/wp\/v2\/product_cat?post=710745"},{"taxonomy":"product_tag","embeddable":true,"href":"https:\/\/roveyayinevi.com.tr\/index.php\/wp-json\/wp\/v2\/product_tag?post=710745"}],"curies":[{"name":"wp","href":"https:\/\/api.w.org\/{rel}","templated":true}]}}